{"id":9111,"date":"2025-03-01T11:27:16","date_gmt":"2025-03-01T10:27:16","guid":{"rendered":"https:\/\/veloclubrochefort.be\/?page_id=9111"},"modified":"2025-03-02T00:33:28","modified_gmt":"2025-03-01T23:33:28","slug":"les-photos-de-la-magnifique-2024","status":"publish","type":"page","link":"https:\/\/veloclubrochefort.be\/index.php\/les-photos-de-la-magnifique-2024\/","title":{"rendered":"Photos de La Magnifique 2024"},"content":{"rendered":"<p>[et_pb_section fb_built=\u00a0\u00bb1&Prime; _builder_version=\u00a0\u00bb4.24.2&Prime; _module_preset=\u00a0\u00bbdefault\u00a0\u00bb global_colors_info=\u00a0\u00bb{}\u00a0\u00bb][et_pb_row _builder_version=\u00a0\u00bb4.24.2&Prime; _module_preset=\u00a0\u00bbdefault\u00a0\u00bb global_colors_info=\u00a0\u00bb{}\u00a0\u00bb][et_pb_column type=\u00a0\u00bb4_4&Prime; _builder_version=\u00a0\u00bb4.24.2&Prime; _module_preset=\u00a0\u00bbdefault\u00a0\u00bb global_colors_info=\u00a0\u00bb{}\u00a0\u00bb][et_pb_heading title=\u00a0\u00bbLES PHOTOS DE \/ FOTO&rsquo;S VAN LA MAGNIFIQUE 2024&Prime; _builder_version=\u00a0\u00bb4.24.2&Prime; _module_preset=\u00a0\u00bbdefault\u00a0\u00bb global_colors_info=\u00a0\u00bb{}\u00a0\u00bb][\/et_pb_heading][\/et_pb_column][\/et_pb_row][et_pb_row custom_padding_last_edited=\u00a0\u00bbon|tablet\u00a0\u00bb _builder_version=\u00a0\u00bb4.24.2&Prime; _module_preset=\u00a0\u00bbdefault\u00a0\u00bb background_color=\u00a0\u00bbgcid-1a99ec8a-6212-4403-98b3-a3da5117e3eb\u00a0\u00bb min_height=\u00a0\u00bb100px\u00a0\u00bb custom_margin=\u00a0\u00bb0.1%|auto||auto|false|false\u00a0\u00bb custom_margin_tablet=\u00a0\u00bb70px||||false|false\u00a0\u00bb custom_margin_phone=\u00a0\u00bb50px||||false|false\u00a0\u00bb custom_margin_last_edited=\u00a0\u00bboff|desktop\u00a0\u00bb custom_padding=\u00a0\u00bb30px|30px|30px|30px|true|true\u00a0\u00bb custom_padding_tablet=\u00a0\u00bb30px|30px|30px|30px|true|true\u00a0\u00bb custom_padding_phone=\u00a0\u00bb29px|20px|29px|20px|true|true\u00a0\u00bb locked=\u00a0\u00bboff\u00a0\u00bb global_colors_info=\u00a0\u00bb{%22gcid-1a99ec8a-6212-4403-98b3-a3da5117e3eb%22:%91%22background_color%22%93}\u00a0\u00bb][et_pb_column type=\u00a0\u00bb4_4&Prime; _builder_version=\u00a0\u00bb4.22.0&Prime; _module_preset=\u00a0\u00bbdefault\u00a0\u00bb global_colors_info=\u00a0\u00bb{}\u00a0\u00bb][et_pb_text _builder_version=\u00a0\u00bb4.24.2&Prime; _module_preset=\u00a0\u00bb6836b1b7-a879-4467-b47e-c610ae759712&Prime; custom_margin=\u00a0\u00bb||-7px|||\u00a0\u00bb global_colors_info=\u00a0\u00bb{}\u00a0\u00bb]<\/p>\n<div class=\"gallerycomment\" style=\"text-align: justify;\">Revivez La Magnifique 2024 ! [1.233 participant-e-s \/ deelnemers]. Service photos gratuit (photos haute r\u00e9solution). Pour recevoir une photo en qualit\u00e9 haute r\u00e9solution, envoyez-nous une demande par mail ou via notre formulaire de contact en sp\u00e9cifiant le n\u00b0 de la photo souhait\u00e9e. Gratuit &#8211; Er is een gratis fotodienst voorzien (foto&rsquo;s hoge resolutie). Om een hoge resolutie foto kwaliteit te ontvangen, stuur ons dan een verzoek via mail of ons contactformulier met vermelding van het nummer van de gewenste foto. Gratis.<\/div>\n<p>&nbsp;<\/p>\n<p>[\/et_pb_text][\/et_pb_column][\/et_pb_row][et_pb_row _builder_version=\u00a0\u00bb4.24.2&Prime; _module_preset=\u00a0\u00bbdefault\u00a0\u00bb global_colors_info=\u00a0\u00bb{}\u00a0\u00bb][et_pb_column type=\u00a0\u00bb4_4&Prime; _builder_version=\u00a0\u00bb4.24.2&Prime; _module_preset=\u00a0\u00bbdefault\u00a0\u00bb global_colors_info=\u00a0\u00bb{}\u00a0\u00bb][et_pb_gallery gallery_ids=\u00a0\u00bb10625,10627,10630,10629,10631,10626,10632,10624,10637,10638,10635,10639,10634,10633,10640,10642,10664,10663,10662,10661,10660,10659,10658,10657,10656,10655,10653,10654,10652,10651,10650,10649,10647,10646,10648,10645,10644,10643,10665,10691,10994,10991,10992,10990,10989,10988,10987,10986,10985,10984,10983,10982,10981,10980,10979,10978,10977,10976,10975,10974,10973,10972,10971,10970,10969,10968,10967,10966,10964,10965,10962,10963,10961,10960,10958,10959,10956,10957,10954,10955,10953,10952,10951,10950,10949,10948,10947,10946,10945,10944,10943,10942,10941,10940,10939,10938,10937,10936,10934,10935,10933,10932,10931,10930,10929,10927,10928,10925,10924,10926,10923,10922,10920,10921,10918,10919,10917,10915,10916,10913,10914,10912,10911,10910,10908,10909,10906,10907,10905,10904,10903,10902,10901,10899,10900,10897,10898,10895,10896,10894,10893,10892,10891,10890,10889,10888,10885,10887,10886,10883,10884,10882,10881,10879,10880,10878,10877,10876,10875,10874,10871,10873,10872,10870,10869,10866,10868,10867,10865,10864,10863,10862,10861,10860,10859,10857,10858,10856,10855,10854,10853,10852,10851,10850,10847,10849,10848,10845,10846,10844,10843,10842,10841,10840,10839,10838,10837,10836,10834,10835,10833,10832,10831,10829,10830,10827,10828,10826,10825,10824,10823,10822,10821,10820,10819,10818,10817,10816,10815,10814,10813,10812,10811,10810,10809,10808,10807,10806,10804,10805,10803,10802,10801,10800,10799,10798,10797,10795,10796,10793,10794,10792,10791,10790,10789,10788,10787,10786,10784,10785,10783,10782,10781,10780,10779,10777,10778,10776,10774,10775,10772,10773,10771,10770,10769,10768,10766,10767,10765,10764,10763,10762,10761,10759,10760,10758,10757,10756,10755,10754,10753,10752,10751,10750,10749,10748,10747,10746,10745,10744,10742,10743,10740,10741,10739,10738,10737,10736,10734,10735,10733,10732,10731,10730,10729,10728,10727,10725,10726,10723,10724,10722,10721,10720,10719,10718,10717,10716,10714,10715,10713,10712,10711,10710,10709,10708,10706,10707,10705,10704,10703,10701,10702,10699,10700,10698,10697,10696,10695,10694,10693,10692,10690,10993,11877,11876,11875,11874,11873,11872,11871,11870,11869,11868,11867,11866,11865,11864,11863,11862,11861,11860,11859,11858,11857,11856,11855,11854,11853,11852,11851,11850,11849,11848,11847,11846,11845,11844,11843,11842,11841,11840,11839,11838,11837,11836,11835,11833,11834,11832,11831,11830,11829,11828,11827,11826,11825,11824,11823,11822,11821,11820,11819,11818,11817,11815,11814,11813,11812,11811,11810,11809,11808,11807,11806,11805,11804,11803,11802,11801,11800,11799,11798,11797,11796,11795,11794,11793,11792,11791,11790,11789,11788,11787,11786,11785,11783,11784,11782,11781,11780,11779,11778,11777,11776,11775,11774,11773,11772,11771,11770,11769,11768,11767,11766,11765,11764,11763,11762,11761,11760,11759,11758,11757,11756,11755,11754,11752,11753,11751,11750,11749,11748,11747,11746,11745,11744,11743,11742,11741,11740,11739,11738,11737,11736,11735,11734,11733,11732,11731,11730,11729,11728,11727,11726,11725,11724,11723,11722,11721,11720,11719,11718,11717,11716,11715,11714,11712,11713,11711,11710,11709,11708,11707,11706,11705,11704,11703,11702,11701,11700,11699,11698,11697,11695,11696,11694,11692,11693,11691,11690,11689,11688,11687,11686,11685,11684,11683,11682,11681,11680,11679,11678,11677,11676,11675,11674,11673,11672,11671,11670,11669,11668,11667,11666,11665,11664,11662,11663,11661,11660,11659,11658,11657,11656,11655,11654,11653,11652,11651,11650,11649,11648,11647,11646,11645,11644,11643,11642,11641,11640,11639,11638,11637,11636,11635,11634,11633,11632,11631,11630,11628,11629,11627,11626,11625,11624,11623,11622,11621,11620,11619,11618,11617,11616,11615,11614,11613,11612,11611,11610,11609,11608,11607,11606,11605,11604,11603,11602,11601,11600,11599,11598,11597,11596,11595,11594,11593,11592,11591,11590,11589,11588,11587,11586,11585,11584,11583,11582,11581,11580,11579,11578,11577,11576,11575,11574,11573,11572,11571,11570,11569,11568,11567,11566,11565,11564,11563,11562,11561,11560,11559,11558,11557,11556,11555,11554,11552,11553,11551,11550,11549,11548,11547,11546,11545,11544,11543,11542,11541,11540,11539,11538,11537,11536,11535,11534,11533,11532,11531,11530,11529,11528,11527,11526,11525,11524,11523,11522,11521,11520,11519,11518,11517,11516,11515,11514,11513,11512,11511,11510,11509,11508,11507,11506,11505,11504,11502,11503,11501,11500,11499,11498,11497,11496,11495,11494,11493,11492,11491,11490,11489,11488,11487,11486,11485,11484,11483,11482,11481,11480,11479,11478,11477,11476,11475,11474,11473,11472,11471,11470,11469,11468,11467,11466,11465,11463,11464,11462,11461,11460,11459,11458,11457,11456,11455,11454,11453,11452,11451,11450,11449,11448,11447,11446,11445,11444,11443,11442,11441,11440,11439,11438,11437,11436,11435,11434,11432,11433,11431,11430,11429,11428,11427,11426,11425,11424,11423,11422,11421,11420,11419,11418,11417,11416,11415,11414,11413,11412,11411,11410,11409,11408,11407,11406,11405,11404,11403,11402,11401,11400,11399,11398,11396,11397,11395,11394,11393,11391,11392,11390,11389,11388,11386,11387,11384,11385,11382,11383,11381,11380,11378,11379,11377,11376,11374,11375,11373,11372,11370,11369,11371,11368,11367,11366,11365,11363,11364,11361,11362,11360,11359,11358,11357,11356,11355,11354,11353,11352,11351,11350,11349,11348,11347,11345,11346,11343,11344,11342,11341,11339,11340,11338,11337,11336,11335,11333,11334,11331,11332,11330,11328,11329,11326,11327,11324,11325,11323,11322,11321,11320,11319,11318,11315,11316,11314,11313,11311,11312,11309,11310,11308,11307,11306,11305,11304,11302,11303,11301,11300,11298,11299,11297,11296,11295,11294,11293,11292,11290,11291,11289,11288,11287,11286,11285,11284,11283,11282,11281,11280,11279,11277,11278,11276,11275,11274,11273,11272,11271,11270,11269,11268,11267,11265,11266,11264,11263,11262,11261,11260,11258,11259,11257,11256,11255,11254,11253,11252,11251,11250,11249,11248,11247,11245,11246,11244,11242,11243,11240,11241,11239,11238,11237,11235,11234,11233,11232,11231,11230,11229,11228,11226,11227,11225,11224,11223,11222,11220,11221,11219,11217,11218,11215,11216,11213,11214,11212,11211,11210,11209,11208,11207,11206,11205,11203,11204,11201,11202,11200,11199,11198,11197,11196,11194,11195,11193,11192,11191,11189,11190,11188,11187,11186,11185,11184,11182,11183,11181,11180,11179,11178,11177,11176,11173,11175,11174,11171,11172,11169,11170,11168,11167,11166,11165,11164,11163,11162,11161,11159,11160,11158,11156,11155,11154,11152,11153,11151,11150,11149,11148,11147,11146,11144,11145,11143,11142,11140,11141,11139,11138,11137,11136,11134,11135,11133,11132,11131,11129,11130,11128,11127,11126,11125,11124,11123,11121,11122,11119,11120,11117,11118,11116,11115,11114,11113,11111,11112,11110,11109,11107,11108,11106,11105,11104,11103,11102,11101,11100,11099,11098,11097,11095,11096,11093,11094,11092,11091,11088,11089,11090,11087,11086,11085,11084,11083,11082,11080,11081,11079,11078,11077,11076,11075,11074,11072,11073,11069,11071,11070,11068,11067,11066,11065,11064,11063,11062,11061,11059,11060,11058,11057,11055,11056,11052,11053,11054,11050,11051,11049,11048,11047,11046,11044,11043,11045,11042,11041,11039,11040,11038,11037,11036,11035,11033,11034,11031,11032,11029,11030,11028,11026,11027,11024,11025,11023,11022,11020,11021,11019,11018,11016,11017,11014,11015,11013,11011,11012,11010,11008,11009,11006,11007,11005,11004,11003,11002,11001,11000,10999,10998,10997,10995,10996&Prime; posts_number=\u00a0\u00bb1500&Prime; _builder_version=\u00a0\u00bb4.24.2&Prime; _module_preset=\u00a0\u00bbdefault\u00a0\u00bb global_colors_info=\u00a0\u00bb{}\u00a0\u00bb][\/et_pb_gallery][et_pb_gallery gallery_ids=\u00a0\u00bb10625,10627,10630,10629,10631,10626,10632,10624,10637,10638,10635,10639,10634,10633,10640,10642,10664,10663,10662,10661,10660,10659,10658,10657,10656,10655,10653,10654,10652,10651,10650,10649,10647,10646,10648,10645,10644,10643,10665,10691,10994,10991,10992,10990,10989,10988,10987,10986,10985,10984,10983,10982,10981,10980,10979,10978,10977,10976,10975,10974,10973,10972,10971,10970,10969,10968,10967,10966,10964,10965,10962,10963,10961,10960,10958,10959,10956,10957,10954,10955,10953,10952,10951,10950,10949,10948,10947,10946,10945,10944,10943,10942,10941,10940,10939,10938,10937,10936,10934,10935,10933,10932,10931,10930,10929,10927,10928,10925,10924,10926,10923,10922,10920,10921,10918,10919,10917,10915,10916,10913,10914,10912,10911,10910,10908,10909,10906,10907,10905,10904,10903,10902,10901,10899,10900,10897,10898,10895,10896,10894,10893,10892,10891,10890,10889,10888,10885,10887,10886,10883,10884,10882,10881,10879,10880,10878,10877,10876,10875,10874,10871,10873,10872,10870,10869,10866,10868,10867,10865,10864,10863,10862,10861,10860,10859,10857,10858,10856,10855,10854,10853,10852,10851,10850,10847,10849,10848,10845,10846,10844,10843,10842,10841,10840,10839,10838,10837,10836,10834,10835,10833,10832,10831,10829,10830,10827,10828,10826,10825,10824,10823,10822,10821,10820,10819,10818,10817,10816,10815,10814,10813,10812,10811,10810,10809,10808,10807,10806,10804,10805,10803,10802,10801,10800,10799,10798,10797,10795,10796,10793,10794,10792,10791,10790,10789,10788,10787,10786,10784,10785,10783,10782,10781,10780,10779,10777,10778,10776,10774,10775,10772,10773,10771,10770,10769,10768,10766,10767,10765,10764,10763,10762,10761,10759,10760,10758,10757,10756,10755,10754,10753,10752,10751,10750,10749,10748,10747,10746,10745,10744,10742,10743,10740,10741,10739,10738,10737,10736,10734,10735,10733,10732,10731,10730,10729,10728,10727,10725,10726,10723,10724,10722,10721,10720,10719,10718,10717,10716,10714,10715,10713,10712,10711,10710,10709,10708,10706,10707,10705,10704,10703,10701,10702,10699,10700,10698,10697,10696,10695,10694,10693,10692,10690,10993,11877,11876,11875,11874,11873,11872,11871,11870,11869,11868,11867,11866,11865,11864,11863,11862,11861,11860,11859,11858,11857,11856,11855,11854,11853,11852,11851,11850,11849,11848,11847,11846,11845,11844,11843,11842,11841,11840,11839,11838,11837,11836,11835,11833,11834,11832,11831,11830,11829,11828,11827,11826,11825,11824,11823,11822,11821,11820,11819,11818,11817,11815,11814,11813,11812,11811,11810,11809,11808,11807,11806,11805,11804,11803,11802,11801,11800,11799,11798,11797,11796,11795,11794,11793,11792,11791,11790,11789,11788,11787,11786,11785,11783,11784,11782,11781,11780,11779,11778,11777,11776,11775,11774,11773,11772,11771,11770,11769,11768,11767,11766,11765,11764,11763,11762,11761,11760,11759,11758,11757,11756,11755,11754,11752,11753,11751,11750,11749,11748,11747,11746,11745,11744,11743,11742,11741,11740,11739,11738,11737,11736,11735,11734,11733,11732,11731,11730,11729,11728,11727,11726,11725,11724,11723,11722,11721,11720,11719,11718,11717,11716,11715,11714,11712,11713,11711,11710,11709,11708,11707,11706,11705,11704,11703,11702,11701,11700,11699,11698,11697,11695,11696,11694,11692,11693,11691,11690,11689,11688,11687,11686,11685,11684,11683,11682,11681,11680,11679,11678,11677,11676,11675,11674,11673,11672,11671,11670,11669,11668,11667,11666,11665,11664,11662,11663,11661,11660,11659,11658,11657,11656,11655,11654,11653,11652,11651,11650,11649,11648,11647,11646,11645,11644,11643,11642,11641,11640,11639,11638,11637,11636,11635,11634,11633,11632,11631,11630,11628,11629,11627,11626,11625,11624,11623,11622,11621,11620,11619,11618,11617,11616,11615,11614,11613,11612,11611,11610,11609,11608,11607,11606,11605,11604,11603,11602,11601,11600,11599,11598,11597,11596,11595,11594,11593,11592,11591,11590,11589,11588,11587,11586,11585,11584,11583,11582,11581,11580,11579,11578,11577,11576,11575,11574,11573,11572,11571,11570,11569,11568,11567,11566,11565,11564,11563,11562,11561,11560,11559,11558,11557,11556,11555,11554,11552,11553,11551,11550,11549,11548,11547,11546,11545,11544,11543,11542,11541,11540,11539,11538,11537,11536,11535,11534,11533,11532,11531,11530,11529,11528,11527,11526,11525,11524,11523,11522,11521,11520,11519,11518,11517,11516,11515,11514,11513,11512,11511,11510,11509,11508,11507,11506,11505,11504,11502,11503,11501,11500,11499,11498,11497,11496,11495,11494,11493,11492,11491,11490,11489,11488,11487,11486,11485,11484,11483,11482,11481,11480,11479,11478,11477,11476,11475,11474,11473,11472,11471,11470,11469,11468,11467,11466,11465,11463,11464,11462,11461,11460,11459,11458,11457,11456,11455,11454,11453,11452,11451,11450,11449,11448,11447,11446,11445,11444,11443,11442,11441,11440,11439,11438,11437,11436,11435,11434,11432,11433,11431,11430,11429,11428,11427,11426,11425,11424,11423,11422,11421,11420,11419,11418,11417,11416,11415,11414,11413,11412,11411,11410,11409,11408,11407,11406,11405,11404,11403,11402,11401,11400,11399,11398,11396,11397,11395,11394,11393,11391,11392,11390,11389,11388,11386,11387,11384,11385,11382,11383,11381,11380,11378,11379,11377,11376,11374,11375,11373,11372,11370,11369,11371,11368,11367,11366,11365,11363,11364,11361,11362,11360,11359,11358,11357,11356,11355,11354,11353,11352,11351,11350,11349,11348,11347,11345,11346,11343,11344,11342,11341,11339,11340,11338,11337,11336,11335,11333,11334,11331,11332,11330,11328,11329,11326,11327,11324,11325,11323,11322,11321,11320,11319,11318,11315,11316,11314,11313,11311,11312,11309,11310,11308,11307,11306,11305,11304,11302,11303,11301,11300,11298,11299,11297,11296,11295,11294,11293,11292,11290,11291,11289,11288,11287,11286,11285,11284,11283,11282,11281,11280,11279,11277,11278,11276,11275,11274,11273,11272,11271,11270,11269,11268,11267,11265,11266,11264,11263,11262,11261,11260,11258,11259,11257,11256,11255,11254,11253,11252,11251,11250,11249,11248,11247,11245,11246,11244,11242,11243,11240,11241,11239,11238,11237,11235,11234,11233,11232,11231,11230,11229,11228,11226,11227,11225,11224,11223,11222,11220,11221,11219,11217,11218,11215,11216,11213,11214,11212,11211,11210,11209,11208,11207,11206,11205,11203,11204,11201,11202,11200,11199,11198,11197,11196,11194,11195,11193,11192,11191,11189,11190,11188,11187,11186,11185,11184,11182,11183,11181,11180,11179,11178,11177,11176,11173,11175,11174,11171,11172,11169,11170,11168,11167,11166,11165,11164,11163,11162,11161,11159,11160,11158,11156,11155,11154,11152,11153,11151,11150,11149,11148,11147,11146,11144,11145,11143,11142,11140,11141,11139,11138,11137,11136,11134,11135,11133,11132,11131,11129,11130,11128,11127,11126,11125,11124,11123,11121,11122,11119,11120,11117,11118,11116,11115,11114,11113,11111,11112,11110,11109,11107,11108,11106,11105,11104,11103,11102,11101,11100,11099,11098,11097,11095,11096,11093,11094,11092,11091,11088,11089,11090,11087,11086,11085,11084,11083,11082,11080,11081,11079,11078,11077,11076,11075,11074,11072,11073,11069,11071,11070,11068,11067,11066,11065,11064,11063,11062,11061,11059,11060,11058,11057,11055,11056,11052,11053,11054,11050,11051,11049,11048,11047,11046,11044,11043,11045,11042,11041,11039,11040,11038,11037,11036,11035,11033,11034,11031,11032,11029,11030,11028,11026,11027,11024,11025,11023,11022,11020,11021,11019,11018,11016,11017,11014,11015,11013,11011,11012,11010,11008,11009,11006,11007,11005,11004,11003,11002,11001,11000,10999,10998,10997,10995,10996&Prime; posts_number=\u00a0\u00bb1500&Prime; _builder_version=\u00a0\u00bb4.24.2&Prime; _module_preset=\u00a0\u00bbdefault\u00a0\u00bb global_colors_info=\u00a0\u00bb{}\u00a0\u00bb][\/et_pb_gallery][et_pb_gallery gallery_ids=\u00a0\u00bb10666,10670,10671,10669,10668,10667,10672,10673,10674,10680,10678,10679,10681,10676,10675,10687,10677,10685,10686,10683,10684,10682,10688&Prime; posts_number=\u00a0\u00bb1000&Prime; _builder_version=\u00a0\u00bb4.24.2&Prime; _module_preset=\u00a0\u00bbdefault\u00a0\u00bb global_colors_info=\u00a0\u00bb{}\u00a0\u00bb][\/et_pb_gallery][\/et_pb_column][\/et_pb_row][\/et_pb_section]<\/p>\n","protected":false},"excerpt":{"rendered":"<p>Revivez La Magnifique 2024 ! [1.233 participant-e-s \/ deelnemers]. Service photos gratuit (photos haute r\u00e9solution). Pour recevoir une photo en qualit\u00e9 haute r\u00e9solution, envoyez-nous une demande par mail ou via notre formulaire de contact en sp\u00e9cifiant le n\u00b0 de la photo souhait\u00e9e. Gratuit &#8211; Er is een gratis fotodienst voorzien (foto&rsquo;s hoge resolutie). Om een [&hellip;]<\/p>\n","protected":false},"author":1,"featured_media":0,"parent":0,"menu_order":0,"comment_status":"closed","ping_status":"closed","template":"","meta":{"_et_pb_use_builder":"on","_et_pb_old_content":"","_et_gb_content_width":"","_monsterinsights_skip_tracking":false,"_monsterinsights_sitenote_active":false,"_monsterinsights_sitenote_note":"","_monsterinsights_sitenote_category":0,"footnotes":""},"class_list":["post-9111","page","type-page","status-publish","hentry"],"_links":{"self":[{"href":"https:\/\/veloclubrochefort.be\/index.php\/wp-json\/wp\/v2\/pages\/9111","targetHints":{"allow":["GET"]}}],"collection":[{"href":"https:\/\/veloclubrochefort.be\/index.php\/wp-json\/wp\/v2\/pages"}],"about":[{"href":"https:\/\/veloclubrochefort.be\/index.php\/wp-json\/wp\/v2\/types\/page"}],"author":[{"embeddable":true,"href":"https:\/\/veloclubrochefort.be\/index.php\/wp-json\/wp\/v2\/users\/1"}],"replies":[{"embeddable":true,"href":"https:\/\/veloclubrochefort.be\/index.php\/wp-json\/wp\/v2\/comments?post=9111"}],"version-history":[{"count":17,"href":"https:\/\/veloclubrochefort.be\/index.php\/wp-json\/wp\/v2\/pages\/9111\/revisions"}],"predecessor-version":[{"id":11889,"href":"https:\/\/veloclubrochefort.be\/index.php\/wp-json\/wp\/v2\/pages\/9111\/revisions\/11889"}],"wp:attachment":[{"href":"https:\/\/veloclubrochefort.be\/index.php\/wp-json\/wp\/v2\/media?parent=9111"}],"curies":[{"name":"wp","href":"https:\/\/api.w.org\/{rel}","templated":true}]}}