{"id":1982,"date":"2024-03-21T13:20:53","date_gmt":"2024-03-21T12:20:53","guid":{"rendered":"http:\/\/velo.cwb.ovh\/?page_id=1982"},"modified":"2026-04-14T13:27:17","modified_gmt":"2026-04-14T11:27:17","slug":"sorties-octobre-2023","status":"publish","type":"page","link":"https:\/\/veloclubrochefort.be\/index.php\/sorties-octobre-2023\/","title":{"rendered":"Sorties Octobre"},"content":{"rendered":"<p>[et_pb_section fb_built=\u00a0\u00bb1&Prime; admin_label=\u00a0\u00bbHeader\u00a0\u00bb _builder_version=\u00a0\u00bb4.24.2&Prime; _module_preset=\u00a0\u00bbdefault\u00a0\u00bb background_image=\u00a0\u00bbhttp:\/\/velo.cwb.ovh\/wp-content\/uploads\/2024\/03\/fond-banner.png\u00a0\u00bb background_position=\u00a0\u00bbtop_center\u00a0\u00bb custom_padding=\u00a0\u00bb1.5px||1.5px||false|false\u00a0\u00bb locked=\u00a0\u00bboff\u00a0\u00bb collapsed=\u00a0\u00bbon\u00a0\u00bb global_colors_info=\u00a0\u00bb{}\u00a0\u00bb][et_pb_row _builder_version=\u00a0\u00bb4.24.2&Prime; _module_preset=\u00a0\u00bbdefault\u00a0\u00bb global_colors_info=\u00a0\u00bb{}\u00a0\u00bb][et_pb_column type=\u00a0\u00bb4_4&Prime; _builder_version=\u00a0\u00bb4.24.2&Prime; _module_preset=\u00a0\u00bbdefault\u00a0\u00bb global_colors_info=\u00a0\u00bb{}\u00a0\u00bb][et_pb_divider show_divider=\u00a0\u00bboff\u00a0\u00bb _builder_version=\u00a0\u00bb4.24.2&Prime; _module_preset=\u00a0\u00bbdefault\u00a0\u00bb global_colors_info=\u00a0\u00bb{}\u00a0\u00bb][\/et_pb_divider][\/et_pb_column][\/et_pb_row][\/et_pb_section][et_pb_section fb_built=\u00a0\u00bb1&Prime; admin_label=\u00a0\u00bbMission\u00a0\u00bb _builder_version=\u00a0\u00bb4.24.2&Prime; _module_preset=\u00a0\u00bbdefault\u00a0\u00bb min_height=\u00a0\u00bb100px\u00a0\u00bb custom_margin=\u00a0\u00bb-0.1%||||false|false\u00a0\u00bb custom_padding=\u00a0\u00bb0px||28px||false|false\u00a0\u00bb locked=\u00a0\u00bboff\u00a0\u00bb collapsed=\u00a0\u00bbon\u00a0\u00bb global_colors_info=\u00a0\u00bb{}\u00a0\u00bb][et_pb_row _builder_version=\u00a0\u00bb4.24.2&Prime; _module_preset=\u00a0\u00bbdefault\u00a0\u00bb locked=\u00a0\u00bboff\u00a0\u00bb global_colors_info=\u00a0\u00bb{}\u00a0\u00bb][et_pb_column type=\u00a0\u00bb4_4&Prime; _builder_version=\u00a0\u00bb4.24.2&Prime; _module_preset=\u00a0\u00bbdefault\u00a0\u00bb global_colors_info=\u00a0\u00bb{}\u00a0\u00bb][et_pb_text _builder_version=\u00a0\u00bb4.24.2&Prime; _module_preset=\u00a0\u00bbdefault\u00a0\u00bb text_font=\u00a0\u00bb||||on||||\u00a0\u00bb global_colors_info=\u00a0\u00bb{}\u00a0\u00bb]<a title=\"Programme sorties club printemps-\u00e9t\u00e9\" href=\"http:\/\/veloclubrochefort.be\/uploads\/file\/programme%20route%20vcr%20Site.pdf\" target=\"_blank\" rel=\"noopener\">T\u00e9l\u00e9chargement du programme club des sorties routes et cyclos printemps-\u00e9t\u00e9<\/a><span><\/span><br \/>\n<a title=\"Calendrier FFBC\" href=\"https:\/\/www.velo-liberte.be\/calendrier\/\/\" target=\"_blank\" rel=\"noopener\">Lien vers le calendrier FFBC<\/a>[\/et_pb_text][\/et_pb_column][\/et_pb_row][et_pb_row admin_label=\u00a0\u00bbLigne\u00a0\u00bb _builder_version=\u00a0\u00bb4.24.2&Prime; _module_preset=\u00a0\u00bbdefault\u00a0\u00bb custom_margin=\u00a0\u00bb0%||0%||false|false\u00a0\u00bb custom_padding=\u00a0\u00bb1.4%||0.4%||false|false\u00a0\u00bb locked=\u00a0\u00bboff\u00a0\u00bb global_colors_info=\u00a0\u00bb{}\u00a0\u00bb][et_pb_column type=\u00a0\u00bb4_4&Prime; _builder_version=\u00a0\u00bb4.24.2&Prime; _module_preset=\u00a0\u00bbdefault\u00a0\u00bb global_colors_info=\u00a0\u00bb{}\u00a0\u00bb][et_pb_text _builder_version=\u00a0\u00bb4.24.2&Prime; _module_preset=\u00a0\u00bb7a9cd4c2-c14d-4269-9615-969e8a68493a\u00a0\u00bb text_font=\u00a0\u00bb|||on|||||\u00a0\u00bb text_text_color=\u00a0\u00bbgcid-d5e9010f-34b8-49e9-afee-48227f944f94&Prime; text_font_size=\u00a0\u00bb22px\u00a0\u00bb text_letter_spacing=\u00a0\u00bb1px\u00a0\u00bb text_line_height=\u00a0\u00bb1.8em\u00a0\u00bb header_line_height=\u00a0\u00bb1.5em\u00a0\u00bb custom_margin=\u00a0\u00bb||20px||false|false\u00a0\u00bb custom_padding=\u00a0\u00bb||0px|||\u00a0\u00bb hover_enabled=\u00a0\u00bb0&Prime; text_font_size_tablet=\u00a0\u00bb17px\u00a0\u00bb text_font_size_phone=\u00a0\u00bb13px\u00a0\u00bb text_font_size_last_edited=\u00a0\u00bbon|tablet\u00a0\u00bb header_font_size_tablet=\u00a0\u00bb\u00a0\u00bb header_font_size_phone=\u00a0\u00bb31px\u00a0\u00bb header_font_size_last_edited=\u00a0\u00bbon|phone\u00a0\u00bb locked=\u00a0\u00bboff\u00a0\u00bb global_colors_info=\u00a0\u00bb{%22gcid-d5e9010f-34b8-49e9-afee-48227f944f94%22:%91%22text_text_color%22%93}\u00a0\u00bb sticky_enabled=\u00a0\u00bb0&Prime;]<\/p>\n<h1>Sorties Octobre<\/h1>\n<div id=\"content\">\n<div class=\"post\">\n<div id=\"featured-content-alllarge\">\n<div id=\"column1\">\n<blockquote><p><strong><em>Le programme printemps-\u00e9t\u00e9 2026 sera publi\u00e9 apr\u00e8s La Magnifique organis\u00e9e le 25 avril.<\/em><\/strong><\/p><\/blockquote>\n<\/div>\n<\/div>\n<\/div>\n<\/div>\n<p>[\/et_pb_text][\/et_pb_column][\/et_pb_row][et_pb_row custom_padding_last_edited=\u00a0\u00bbon|tablet\u00a0\u00bb _builder_version=\u00a0\u00bb4.24.2&Prime; _module_preset=\u00a0\u00bbdefault\u00a0\u00bb background_color=\u00a0\u00bbgcid-1a99ec8a-6212-4403-98b3-a3da5117e3eb\u00a0\u00bb min_height=\u00a0\u00bb100px\u00a0\u00bb custom_margin=\u00a0\u00bb0.1%|auto||auto|false|false\u00a0\u00bb custom_margin_tablet=\u00a0\u00bb70px||||false|false\u00a0\u00bb custom_margin_phone=\u00a0\u00bb50px||||false|false\u00a0\u00bb custom_margin_last_edited=\u00a0\u00bboff|desktop\u00a0\u00bb custom_padding=\u00a0\u00bb30px|30px|30px|30px|true|true\u00a0\u00bb custom_padding_tablet=\u00a0\u00bb30px|30px|30px|30px|true|true\u00a0\u00bb custom_padding_phone=\u00a0\u00bb29px|20px|29px|20px|true|true\u00a0\u00bb locked=\u00a0\u00bboff\u00a0\u00bb global_colors_info=\u00a0\u00bb{%22gcid-1a99ec8a-6212-4403-98b3-a3da5117e3eb%22:%91%22background_color%22%93}\u00a0\u00bb][et_pb_column type=\u00a0\u00bb4_4&Prime; _builder_version=\u00a0\u00bb4.22.0&Prime; _module_preset=\u00a0\u00bbdefault\u00a0\u00bb global_colors_info=\u00a0\u00bb{}\u00a0\u00bb][et_pb_text _builder_version=\u00a0\u00bb4.24.2&Prime; _module_preset=\u00a0\u00bb6836b1b7-a879-4467-b47e-c610ae759712&Prime; custom_margin=\u00a0\u00bb||-7px|||\u00a0\u00bb global_colors_info=\u00a0\u00bb{}\u00a0\u00bb]<\/p>\n<div id=\"page\">\n<div id=\"content\">\n<div class=\"post\">\n<div id=\"page\">\n<div id=\"content\">\n<div class=\"post\">\n<div id=\"page\">\n<div id=\"content\">\n<div class=\"post\">\n<div id=\"page\">\n<div id=\"content\">\n<div class=\"post\">\n<h1><\/h1>\n<p><a href=\"https:\/\/www.gpsies.com\/mapFolder.do?id=112329\" target=\"_blank\" rel=\"noopener\"><img loading=\"lazy\" decoding=\"async\" src=\"http:\/\/veloclubrochefort.be\/uploads\/images\/articles\/Automne.jpg\" alt=\"\" width=\"448\" height=\"89\" \/><\/a>\u00a0<a href=\"https:\/\/www.openrunner.com\/\" target=\"_blank\" rel=\"noopener\"><img loading=\"lazy\" decoding=\"async\" src=\"http:\/\/veloclubrochefort.be\/uploads\/images\/LM2020\/OpenRunner.jpg\" alt=\"\" width=\"140\" height=\"43\" \/><\/a><\/p>\n<h4><span style=\"text-decoration: underline;\"><strong style=\"font-size: 1em;\">Sorties routes et cyclos :<\/strong><\/span><\/h4>\n<div>\n<table width=\"898\" border=\"1\" cellspacing=\"0\" cellpadding=\"0\">\n<tbody>\n<tr>\n<td valign=\"top\" width=\"76\">\n<p align=\"center\"><strong><em>Dates<\/em><\/strong><\/p>\n<\/td>\n<td valign=\"top\" width=\"340\">\n<p align=\"center\"><strong><em>Itin\u00e9raires du mois d\u2019octobre.<\/em><\/strong><\/p>\n<p align=\"center\"><em>D\u00e9part et arriv\u00e9e au Pont de pierres.<\/em><\/p>\n<\/td>\n<td valign=\"top\" width=\"66\">\n<p align=\"center\"><strong><em>Heures<\/em><\/strong><\/p>\n<p align=\"center\"><strong><em>d\u00e9part<\/em><\/strong><\/p>\n<\/td>\n<td valign=\"top\" width=\"57\">\n<p align=\"center\"><strong><em>Dist.<\/em><\/strong><\/p>\n<p align=\"center\"><strong><em>(km)<\/em><\/strong><\/p>\n<\/td>\n<td valign=\"top\" width=\"57\">\n<p align=\"center\"><strong><em>D\u00e9niv.<\/em><\/strong><\/p>\n<p align=\"center\"><strong><em>(m)<\/em><\/strong><\/p>\n<\/td>\n<td valign=\"top\" width=\"123\">\n<p align=\"center\"><strong><em>Lien carte et GPS<\/em><\/strong><\/p>\n<p align=\"center\"><a href=\"https:\/\/www.openrunner.com\/\" target=\"_blank\" rel=\"noopener\"><img loading=\"lazy\" decoding=\"async\" src=\"http:\/\/veloclubrochefort.be\/uploads\/images\/Articles2020\/OpenRunner.jpg\" alt=\"\" width=\"120\" height=\"40\" \/><\/a><\/p>\n<\/td>\n<\/tr>\n<tr>\n<td valign=\"top\" width=\"76\">\n<p align=\"center\">Mercredi<\/p>\n<p align=\"center\">01\/10\/25<\/p>\n<\/td>\n<td valign=\"top\" width=\"340\">\n<p align=\"center\">Rochefort &#8211; Ravel \u2013 Wanlin\/Rue Wanlin\/Rue de Focant \u2013 Havenne \u2013 Hour &#8211; Petite Hour \u2013 Grande-Hour &#8211; Focant \u2013 Ch\u00e2teau \u2013 Lavaux-St-Anne \u2013 Genimont \u2013 Lessive \u2013 Eprave \u2013 Le Tige &#8211; Avenue de Montrival \u2013 Rochefort<\/p>\n<\/td>\n<td valign=\"top\" width=\"66\">\n<p align=\"center\">15h00<\/p>\n<\/td>\n<td valign=\"top\" width=\"57\">\n<p align=\"center\">43<\/p>\n<\/td>\n<td valign=\"top\" width=\"57\">\n<p align=\"center\">454<\/p>\n<\/td>\n<td valign=\"top\" width=\"123\">\n<p align=\"center\"><span>VCREPDI030<\/span><\/p>\n<p align=\"center\"><a href=\"https:\/\/www.openrunner.com\/r\/10906639\">www.openrunner.com\/r\/10906639<\/a><\/p>\n<\/td>\n<\/tr>\n<tr>\n<td valign=\"top\" width=\"76\">\n<p align=\"center\">Samedi<\/p>\n<p align=\"center\">04\/10\/25<\/p>\n<\/td>\n<td valign=\"top\" width=\"340\">\n<p align=\"center\">Rochefort \u2013 Les Rabanisse \u2013 Rue du Fays \u2013 Jemelle \u2013 Ambly \u2013 Hargimont \u2013 Gerny \u2013 Aye \u2013 Waillet \u2013 Baillonville \u2013 N929 &#8211; Moress\u00e9e &#8211; Somal &#8211; Maffe \u2013 Failon &#8211; Barvaux Condroz &#8211; Scy &#8211; Pessoux &#8211; Haversin &#8211; Antenne Forz\u00e9e \u2013 Rue de Clos Champs &#8211; Route des P\u00e9lerins &#8211; Frandeux \u2013 Chemin des P\u00e9lerins \u2013 N911 &#8211; Rochefort<em><\/em><\/p>\n<\/td>\n<td valign=\"top\" width=\"66\">\n<p align=\"center\">13h30<\/p>\n<\/td>\n<td valign=\"top\" width=\"57\">\n<p align=\"center\">77<\/p>\n<\/td>\n<td valign=\"top\" width=\"57\">\n<p align=\"center\">\u00a01075<\/p>\n<\/td>\n<td valign=\"top\" width=\"123\">\n<p align=\"center\"><span>VCREPSA030<\/span><\/p>\n<p align=\"center\"><a href=\"https:\/\/www.openrunner.com\/r\/10907288\">www.openrunner.com\/r\/10907288<\/a><\/p>\n<\/td>\n<\/tr>\n<tr>\n<td valign=\"top\" width=\"76\">\n<p align=\"center\">Dimanche<\/p>\n<p align=\"center\">05\/10\/25<\/p>\n<\/td>\n<td valign=\"top\" width=\"340\">\n<p align=\"center\">Rochefort &#8211; Ravel \u2013 Wanlin\/Rue Wanlin\/Rue de Focant \u2013 Havenne \u2013 Hour &#8211; Petite Hour \u2013 Grande-Hour &#8211; Focant \u2013 Ch\u00e2teau \u2013 Lavaux-St-Anne \u2013 Genimont \u2013 Lessive \u2013 Eprave \u2013 Le Tige &#8211; Avenue de Montrival \u2013 Rochefort<\/p>\n<\/td>\n<td valign=\"top\" width=\"66\">\n<p align=\"center\">09h30<\/p>\n<\/td>\n<td valign=\"top\" width=\"57\">\n<p align=\"center\">43<\/p>\n<\/td>\n<td valign=\"top\" width=\"57\">\n<p align=\"center\">454<\/p>\n<\/td>\n<td valign=\"top\" width=\"123\">\n<p align=\"center\"><span>VCREPDI030<\/span><\/p>\n<p align=\"center\"><a href=\"https:\/\/www.openrunner.com\/r\/10906639\">www.openrunner.com\/r\/10906639<\/a><\/p>\n<\/td>\n<\/tr>\n<tr>\n<td valign=\"top\" width=\"76\">\n<p align=\"center\">Mercredi<\/p>\n<p align=\"center\">08\/10\/25<\/p>\n<\/td>\n<td valign=\"top\" width=\"340\">\n<p align=\"center\">Rochefort &#8211; Le Tige \u2013 Eprave \u2013Rue du Plan d\u2019Eau\/Han-sur-Lesse \u2013 Auffe \u2013 Ave \u2013 Sourd\u2019Ave \u2013 Les Limites\/Rue Haie Min\u00e9e \u2013 Chanly \u2013 Route de la Falloise\/Rue du Couvent &#8211; Resteigne \u2013 Rue Stan\/Tellin \u2013 Bure\/Rue de Belvaux \u2013 Bure\/Rond-Point &#8211; Lesterny \u2013 Forri\u00e8res \u2013 Jemelle\/Gare \u2013 Rochefort<\/p>\n<\/td>\n<td valign=\"top\" width=\"66\">\n<p align=\"center\">15h00<\/p>\n<\/td>\n<td valign=\"top\" width=\"57\">\n<p align=\"center\">43<\/p>\n<\/td>\n<td valign=\"top\" width=\"57\">\n<p align=\"center\">418<\/p>\n<\/td>\n<td valign=\"top\" width=\"123\">\n<p align=\"center\"><span>VCREPDI031<\/span><\/p>\n<p align=\"center\"><a href=\"https:\/\/www.openrunner.com\/r\/10906650\">www.openrunner.com\/r\/10906650<\/a><\/p>\n<\/td>\n<\/tr>\n<tr>\n<td valign=\"top\" width=\"76\">\n<p align=\"center\">Samedi<\/p>\n<p align=\"center\">11\/10\/25<\/p>\n<\/td>\n<td valign=\"top\" width=\"340\">\n<p align=\"center\">Rochefort \u2013 Rabanisse \u2013 Rue de Rochefort\/Les Beyolettes \u2013 Forri\u00e8res &#8211; Masbourg &#8211; C\u00f4te du Crawy &#8211; Nassogne &#8211; Grune &#8211; Bande &#8211; Ligni\u00e8res &#8211; Ch\u00e9oux &#8211; Rendeux &#8211; Beffe &#8211; Trinal &#8211; M\u00e9lines &#8211; Route de Soy &#8211;\u00a0 Hotton \u2013 Menil-Favay &#8211; Marenne \u2013 Verdenne &#8211; Waha &#8211; Marloie \u2013 Hargimont \u2013 On \u2013 Jemelle &#8211; Rochefort<strong><\/strong><\/p>\n<\/td>\n<td valign=\"top\" width=\"66\">\n<p align=\"center\">13h30<\/p>\n<\/td>\n<td valign=\"top\" width=\"57\">\n<p align=\"center\">73<\/p>\n<\/td>\n<td valign=\"top\" width=\"57\">\n<p align=\"center\">1175<em><\/em><\/p>\n<\/td>\n<td valign=\"top\" width=\"123\">\n<p align=\"center\"><span>VCREPSA031<\/span><\/p>\n<p align=\"center\"><a href=\"https:\/\/www.openrunner.com\/r\/10907295\">www.openrunner.com\/r\/10907295<\/a><\/p>\n<\/td>\n<\/tr>\n<tr>\n<td valign=\"top\" width=\"76\">\n<p align=\"center\">Dimanche<\/p>\n<p align=\"center\">12\/10\/25<\/p>\n<\/td>\n<td valign=\"top\" width=\"340\">\n<p align=\"center\">Rochefort &#8211; Le Tige \u2013 Eprave \u2013Rue du Plan d\u2019Eau\/Han-sur-Lesse \u2013 Auffe \u2013 Ave \u2013 Sourd\u2019Ave \u2013 Les Limites\/Rue Haie Min\u00e9e \u2013 Chanly \u2013 Route de la Falloise\/Rue du Couvent &#8211; Resteigne \u2013 Rue Stan\/Tellin \u2013 Bure\/Rue de Belvaux \u00a0\u2013 Bure\/Rond-Point &#8211; Lesterny \u2013 Forri\u00e8res \u2013 Jemelle\/Gare \u2013 Rochefort<\/p>\n<\/td>\n<td valign=\"top\" width=\"66\">\n<p align=\"center\">09h30<\/p>\n<\/td>\n<td valign=\"top\" width=\"57\">\n<p align=\"center\">43<\/p>\n<\/td>\n<td valign=\"top\" width=\"57\">\n<p align=\"center\">418<\/p>\n<\/td>\n<td valign=\"top\" width=\"123\">\n<p align=\"center\"><span>VCREPDI031<\/span><\/p>\n<p align=\"center\"><a href=\"https:\/\/www.openrunner.com\/r\/10906650\">www.openrunner.com\/r\/10906650<\/a><\/p>\n<\/td>\n<\/tr>\n<tr>\n<td valign=\"top\" width=\"76\">\n<p align=\"center\">Mercredi<\/p>\n<p align=\"center\">15\/10\/25<\/p>\n<\/td>\n<td valign=\"top\" width=\"340\">\n<p align=\"center\">Rochefort &#8211; Gerny \u2013 Aye\/Vieux cimeti\u00e8re \u2013 Aye\/Rue des Carri\u00e8res \u2013 Humain \u2013 Havrenne \u2013 Buissonville \u2013 Navaugje \u2013 Frandeux \u2013 Laloux \u2013 Briquemont \u2013 Ch\u00e2teau royal \u2013 Jamblinne \u2013 Ravel &#8211; Eprave \u2013 Le Tige &#8211; Rochefort<\/p>\n<\/td>\n<td valign=\"top\" width=\"66\">\n<p align=\"center\">15h00<\/p>\n<\/td>\n<td valign=\"top\" width=\"57\">\n<p align=\"center\">40<\/p>\n<\/td>\n<td valign=\"top\" width=\"57\">\n<p align=\"center\">438<\/p>\n<\/td>\n<td valign=\"top\" width=\"123\">\n<p align=\"center\"><span>VCREPDI032<\/span><\/p>\n<p align=\"center\"><a href=\"https:\/\/www.openrunner.com\/r\/10906661\">www.openrunner.com\/r\/10906661<\/a><\/p>\n<\/td>\n<\/tr>\n<tr>\n<td valign=\"top\" width=\"76\">\n<p align=\"center\">Samedi<\/p>\n<p align=\"center\">18\/10\/25<\/p>\n<\/td>\n<td valign=\"top\" width=\"340\">\n<p align=\"center\">Rochefort\u2013 Jemelle \u2013 Lamsoul \u2013 Wavreille \u2013 Tellin \u2013 Barri\u00e8re de Transinne \u2013 Libin\u00a0&#8211; Smuid &#8211; Mirwart \u2013 Awenne \u2013 Fourneau Saint-Michel \u2013 Crawy \u2013 Nassogne \u2013 Ambly \u2013 Jemelle \u2013 Malagne &#8211; Rochefort<\/p>\n<\/td>\n<td valign=\"top\" width=\"66\">\n<p align=\"center\">13h30<\/p>\n<\/td>\n<td valign=\"top\" width=\"57\">\n<p align=\"center\">64<\/p>\n<\/td>\n<td valign=\"top\" width=\"57\">\n<p align=\"center\">1193<\/p>\n<\/td>\n<td valign=\"top\" width=\"123\">\n<p align=\"center\"><span>VCREPSA032<\/span><\/p>\n<p align=\"center\"><a href=\"https:\/\/www.openrunner.com\/r\/10907311\">www.openrunner.com\/r\/10907311<\/a><\/p>\n<\/td>\n<\/tr>\n<tr>\n<td valign=\"top\" width=\"76\">\n<p align=\"center\">Dimanche<\/p>\n<p align=\"center\">19\/10\/25<\/p>\n<\/td>\n<td valign=\"top\" width=\"340\">\n<p align=\"center\">Rochefort &#8211; Gerny \u2013 Aye\/Vieux cimeti\u00e8re \u2013 Aye\/Rue des Carri\u00e8res \u2013 Humain \u2013 Havrenne \u2013 Buissonville \u2013 Navaugje \u2013 Frandeux \u2013 Laloux \u2013 Briquemont \u2013 Ch\u00e2teau royal \u2013 Jamblinne \u2013 Ravel &#8211; Eprave \u2013 Le Tige &#8211; Rochefort<\/p>\n<\/td>\n<td valign=\"top\" width=\"66\">\n<p align=\"center\">09h30<\/p>\n<\/td>\n<td valign=\"top\" width=\"57\">\n<p align=\"center\">40<\/p>\n<\/td>\n<td valign=\"top\" width=\"57\">\n<p align=\"center\">438<\/p>\n<\/td>\n<td valign=\"top\" width=\"123\">\n<p align=\"center\"><span>VCREPDI032<\/span><\/p>\n<p align=\"center\"><a href=\"https:\/\/www.openrunner.com\/r\/10906661\">www.openrunner.com\/r\/10906661<\/a><\/p>\n<\/td>\n<\/tr>\n<tr>\n<td valign=\"top\" width=\"76\">\n<p align=\"center\">Mercredi<\/p>\n<p align=\"center\">22\/10\/25<\/p>\n<\/td>\n<td valign=\"top\" width=\"340\">\n<p align=\"center\">Rochefort \u2013 Jemelle \u2013 On \u2013 Hargimont \u2013 Marloie Ravel vers Marche-en-F \u2013 Rond-Point de la Pirire \u2013 Marche-en-F\/All\u00e9e du Monument \u2013 Marche-en-F\/Fond des Vaulx \u2013 Rond-point N63 \u2013 Route de Waillet &#8211; Waillet\/Clos-St-Martin \u2013 Hogne \u2013 Serinchamps \u2013 Bois de Longuire \u2013 Buissonville \u2013 Havrenne &#8211; Zoning \u2013 Rochefort<\/p>\n<\/td>\n<td valign=\"top\" width=\"66\">\n<p align=\"center\">15h00<\/p>\n<\/td>\n<td valign=\"top\" width=\"57\">\n<p align=\"center\">40<\/p>\n<\/td>\n<td valign=\"top\" width=\"57\">\n<p align=\"center\">485<\/p>\n<\/td>\n<td valign=\"top\" width=\"123\">\n<p align=\"center\"><span>VCREPDI033<\/span><\/p>\n<p align=\"center\"><a href=\"https:\/\/www.openrunner.com\/r\/10906667\">www.openrunner.com\/r\/10906667<\/a><\/p>\n<\/td>\n<\/tr>\n<tr>\n<td valign=\"top\" width=\"76\">\n<p align=\"center\">Samedi<\/p>\n<p align=\"center\">25\/10\/25<\/p>\n<\/td>\n<td valign=\"top\" width=\"340\">\n<p align=\"center\">Rochefort &#8211; Wavreille &#8211; Forri\u00e8res &#8211; Ambly &#8211; Nassogne &#8211; Barri\u00e8re de Champlon &#8211; Ronchamps &#8211; G\u00e8nes &#8211; 4 Bras de G\u00e8nes &#8211; Ligni\u00e8res &#8211; Hollogne &#8211; Waha &#8211; Marloie &#8211; Hargimont &#8211; On &#8211; Jemelle &#8211; Rochefort<\/p>\n<\/td>\n<td valign=\"top\" width=\"66\">\n<p align=\"center\">13h30<\/p>\n<\/td>\n<td valign=\"top\" width=\"57\">\n<p align=\"center\">63<\/p>\n<\/td>\n<td valign=\"top\" width=\"57\">\n<p align=\"center\">823<\/p>\n<\/td>\n<td valign=\"top\" width=\"123\">\n<p align=\"center\"><span>VCREPSA033<\/span><\/p>\n<p align=\"center\"><a href=\"https:\/\/www.openrunner.com\/r\/10906319\">www.openrunner.com\/r\/10906319<\/a><\/p>\n<\/td>\n<\/tr>\n<tr>\n<td valign=\"top\" width=\"76\">\n<p align=\"center\">Dimanche<\/p>\n<p align=\"center\">26\/10\/25<\/p>\n<\/td>\n<td valign=\"top\" width=\"340\">\n<p align=\"center\">Rochefort \u2013 Jemelle \u2013 On \u2013 Hargimont \u2013 Marloie Ravel vers Marche-en-F \u2013 Rond-Point de la Pirire \u2013 Marche-en-F\/All\u00e9e du Monument \u2013 Marche-en-F\/Fond des Vaulx \u2013 Rond-point N63 \u2013 Route de Waillet &#8211; Waillet\/Clos-St-Martin \u2013 Hogne \u2013 Serinchamps \u2013 Bois de Longuire \u2013 Buissonville \u2013 Havrenne &#8211; Zoning \u2013 Rochefort<\/p>\n<\/td>\n<td valign=\"top\" width=\"66\">\n<p align=\"center\">09h30<\/p>\n<\/td>\n<td valign=\"top\" width=\"57\">\n<p align=\"center\">40<\/p>\n<\/td>\n<td valign=\"top\" width=\"57\">\n<p align=\"center\">485<\/p>\n<\/td>\n<td valign=\"top\" width=\"123\">\n<p align=\"center\"><span>VCREPDI033<\/span><\/p>\n<p align=\"center\"><a href=\"https:\/\/www.openrunner.com\/r\/10906667\">www.openrunner.com\/r\/10906667<\/a><\/p>\n<\/td>\n<\/tr>\n<tr>\n<td>\n<p align=\"center\">Mercredi 29\/10\/25<\/p>\n<\/td>\n<td>\n<p align=\"center\">\n<\/td>\n<td>\n<p align=\"center\">\n<\/td>\n<td>\n<p align=\"center\">\n<\/td>\n<td>\n<p align=\"center\">\n<\/td>\n<td>\n<p>&nbsp;<\/p>\n<p><span><\/span><\/p>\n<p align=\"center\">\n<\/td>\n<\/tr>\n<\/tbody>\n<\/table>\n<\/div>\n<div><\/div>\n<p>(*)\u00a0\u00a0\u00a0\u00a0\u00a0\u00a0\u00a0\u00a0\u00a0 les membres int\u00e9ress\u00e9-e-s se coordonnent; les modalit\u00e9s de d\u00e9placement sont \u00e0 d\u00e9terminer entre les participant-e-s (horaires et covoiturage)<\/p>\n<p>&nbsp;<\/p>\n<p>&nbsp;<\/p>\n<div><\/div>\n<div style=\"text-align: justify;\">\n<h4><span style=\"text-decoration: underline;\"><strong>Sorties Gravel \/ VTT et randos :<\/strong><\/span><\/h4>\n<table width=\"898\" border=\"1\" cellspacing=\"0\" cellpadding=\"0\">\n<tbody>\n<tr>\n<td valign=\"top\" width=\"898\">\n<p align=\"center\" style=\"text-align: center;\">\u00a0 Selon suggestions et initiatives au fil de la saison ; les membres int\u00e9ress\u00e9-e-s se coordonnent.<\/p>\n<\/td>\n<\/tr>\n<\/tbody>\n<\/table>\n<p><em>\u00a0<\/em><\/p>\n<p><em><a href=\"https:\/\/www.openrunner.com\/\" target=\"_blank\" rel=\"noopener\">Retrouvez les cartes et traces GPS de ces parcours sur OpenRunner \u2013 V\u00e9lo Club Rochefort\u00a0:<\/a><\/em><\/p>\n<div>\n<p><em><a href=\"https:\/\/www.openrunner.com\/\" target=\"_blank\" rel=\"noopener\"><img loading=\"lazy\" decoding=\"async\" src=\"http:\/\/veloclubrochefort.be\/uploads\/images\/LM2020\/OpenRunner.jpg\" alt=\"\" width=\"140\" height=\"43\" \/><\/a><\/em><\/p>\n<\/div>\n<\/div>\n<div><\/div>\n<div>\n<p><a href=\"http:\/\/www.rochefort.be\/\" target=\"_blank\" rel=\"noopener\"><img loading=\"lazy\" decoding=\"async\" src=\"http:\/\/veloclubrochefort.be\/uploads\/images\/partenaire\/Ville%20Rochefortres2019.jpg\" alt=\"\" width=\"640\" height=\"185\" \/><\/a><\/p>\n<\/div>\n<\/div>\n<\/div>\n<\/div>\n<\/div>\n<\/div>\n<\/div>\n<\/div>\n<\/div>\n<\/div>\n<div style=\"clear: both;\"><\/div>\n<\/div>\n<\/div>\n<\/div>\n<p>[\/et_pb_text][\/et_pb_column][\/et_pb_row][\/et_pb_section]<\/p>\n","protected":false},"excerpt":{"rendered":"<p>T\u00e9l\u00e9chargement du programme club des sorties routes et cyclos printemps-\u00e9t\u00e9 Lien vers le calendrier FFBCSorties Octobre Le programme printemps-\u00e9t\u00e9 2026 sera publi\u00e9 apr\u00e8s La Magnifique organis\u00e9e le 25 avril. \u00a0 Sorties routes et cyclos : Dates Itin\u00e9raires du mois d\u2019octobre. D\u00e9part et arriv\u00e9e au Pont de pierres. Heures d\u00e9part Dist. (km) D\u00e9niv. (m) Lien carte [&hellip;]<\/p>\n","protected":false},"author":1,"featured_media":0,"parent":0,"menu_order":0,"comment_status":"closed","ping_status":"closed","template":"","meta":{"_et_pb_use_builder":"on","_et_pb_old_content":"","_et_gb_content_width":"","_monsterinsights_skip_tracking":false,"_monsterinsights_sitenote_active":false,"_monsterinsights_sitenote_note":"","_monsterinsights_sitenote_category":0,"footnotes":""},"class_list":["post-1982","page","type-page","status-publish","hentry"],"_links":{"self":[{"href":"https:\/\/veloclubrochefort.be\/index.php\/wp-json\/wp\/v2\/pages\/1982","targetHints":{"allow":["GET"]}}],"collection":[{"href":"https:\/\/veloclubrochefort.be\/index.php\/wp-json\/wp\/v2\/pages"}],"about":[{"href":"https:\/\/veloclubrochefort.be\/index.php\/wp-json\/wp\/v2\/types\/page"}],"author":[{"embeddable":true,"href":"https:\/\/veloclubrochefort.be\/index.php\/wp-json\/wp\/v2\/users\/1"}],"replies":[{"embeddable":true,"href":"https:\/\/veloclubrochefort.be\/index.php\/wp-json\/wp\/v2\/comments?post=1982"}],"version-history":[{"count":13,"href":"https:\/\/veloclubrochefort.be\/index.php\/wp-json\/wp\/v2\/pages\/1982\/revisions"}],"predecessor-version":[{"id":12501,"href":"https:\/\/veloclubrochefort.be\/index.php\/wp-json\/wp\/v2\/pages\/1982\/revisions\/12501"}],"wp:attachment":[{"href":"https:\/\/veloclubrochefort.be\/index.php\/wp-json\/wp\/v2\/media?parent=1982"}],"curies":[{"name":"wp","href":"https:\/\/api.w.org\/{rel}","templated":true}]}}