{"id":1980,"date":"2024-03-21T13:20:42","date_gmt":"2024-03-21T12:20:42","guid":{"rendered":"http:\/\/velo.cwb.ovh\/?page_id=1980"},"modified":"2026-04-14T13:27:49","modified_gmt":"2026-04-14T11:27:49","slug":"sorties-septembre-2023","status":"publish","type":"page","link":"https:\/\/veloclubrochefort.be\/index.php\/sorties-septembre-2023\/","title":{"rendered":"Sorties Septembre"},"content":{"rendered":"<p>[et_pb_section fb_built=\u00a0\u00bb1&Prime; admin_label=\u00a0\u00bbHeader\u00a0\u00bb _builder_version=\u00a0\u00bb4.24.2&Prime; _module_preset=\u00a0\u00bbdefault\u00a0\u00bb background_image=\u00a0\u00bbhttp:\/\/velo.cwb.ovh\/wp-content\/uploads\/2024\/03\/fond-banner.png\u00a0\u00bb background_position=\u00a0\u00bbtop_center\u00a0\u00bb custom_padding=\u00a0\u00bb1.5px||1.5px||false|false\u00a0\u00bb locked=\u00a0\u00bboff\u00a0\u00bb collapsed=\u00a0\u00bbon\u00a0\u00bb global_colors_info=\u00a0\u00bb{}\u00a0\u00bb][et_pb_row _builder_version=\u00a0\u00bb4.24.2&Prime; _module_preset=\u00a0\u00bbdefault\u00a0\u00bb global_colors_info=\u00a0\u00bb{}\u00a0\u00bb][et_pb_column type=\u00a0\u00bb4_4&Prime; _builder_version=\u00a0\u00bb4.24.2&Prime; _module_preset=\u00a0\u00bbdefault\u00a0\u00bb global_colors_info=\u00a0\u00bb{}\u00a0\u00bb][et_pb_divider show_divider=\u00a0\u00bboff\u00a0\u00bb _builder_version=\u00a0\u00bb4.24.2&Prime; _module_preset=\u00a0\u00bbdefault\u00a0\u00bb global_colors_info=\u00a0\u00bb{}\u00a0\u00bb][\/et_pb_divider][\/et_pb_column][\/et_pb_row][\/et_pb_section][et_pb_section fb_built=\u00a0\u00bb1&Prime; admin_label=\u00a0\u00bbMission\u00a0\u00bb _builder_version=\u00a0\u00bb4.24.2&Prime; _module_preset=\u00a0\u00bbdefault\u00a0\u00bb min_height=\u00a0\u00bb100px\u00a0\u00bb custom_margin=\u00a0\u00bb-0.1%||||false|false\u00a0\u00bb custom_padding=\u00a0\u00bb0px|16px|28px||false|false\u00a0\u00bb locked=\u00a0\u00bboff\u00a0\u00bb collapsed=\u00a0\u00bbon\u00a0\u00bb global_colors_info=\u00a0\u00bb{}\u00a0\u00bb][et_pb_row _builder_version=\u00a0\u00bb4.24.2&Prime; _module_preset=\u00a0\u00bbdefault\u00a0\u00bb locked=\u00a0\u00bboff\u00a0\u00bb global_colors_info=\u00a0\u00bb{}\u00a0\u00bb][et_pb_column type=\u00a0\u00bb4_4&Prime; _builder_version=\u00a0\u00bb4.24.2&Prime; _module_preset=\u00a0\u00bbdefault\u00a0\u00bb global_colors_info=\u00a0\u00bb{}\u00a0\u00bb][et_pb_text _builder_version=\u00a0\u00bb4.24.2&Prime; _module_preset=\u00a0\u00bbdefault\u00a0\u00bb text_font=\u00a0\u00bb||||on||||\u00a0\u00bb global_colors_info=\u00a0\u00bb{}\u00a0\u00bb]<a title=\"Programme sorties club printemps-\u00e9t\u00e9\" href=\"http:\/\/veloclubrochefort.be\/uploads\/file\/programme%20route%20vcr%20Site.pdf\" target=\"_blank\" rel=\"noopener\">T\u00e9l\u00e9chargement du programme club des sorties routes et cyclos printemps-\u00e9t\u00e9<\/a><span><\/span><br \/>\n<a title=\"Calendrier FFBC\" href=\"https:\/\/www.velo-liberte.be\/calendrier\/\/\" target=\"_blank\" rel=\"noopener\">Lien vers le calendrier FFBC<\/a>[\/et_pb_text][\/et_pb_column][\/et_pb_row][et_pb_row admin_label=\u00a0\u00bbLigne\u00a0\u00bb _builder_version=\u00a0\u00bb4.24.2&Prime; _module_preset=\u00a0\u00bbdefault\u00a0\u00bb custom_margin=\u00a0\u00bb0%||0%||false|false\u00a0\u00bb custom_padding=\u00a0\u00bb1.4%||0.4%||false|false\u00a0\u00bb locked=\u00a0\u00bboff\u00a0\u00bb global_colors_info=\u00a0\u00bb{}\u00a0\u00bb][et_pb_column type=\u00a0\u00bb4_4&Prime; _builder_version=\u00a0\u00bb4.24.2&Prime; _module_preset=\u00a0\u00bbdefault\u00a0\u00bb global_colors_info=\u00a0\u00bb{}\u00a0\u00bb][et_pb_text _builder_version=\u00a0\u00bb4.24.2&Prime; _module_preset=\u00a0\u00bb7a9cd4c2-c14d-4269-9615-969e8a68493a\u00a0\u00bb text_font=\u00a0\u00bb|||on|||||\u00a0\u00bb text_text_color=\u00a0\u00bbgcid-d5e9010f-34b8-49e9-afee-48227f944f94&Prime; text_font_size=\u00a0\u00bb22px\u00a0\u00bb text_letter_spacing=\u00a0\u00bb1px\u00a0\u00bb text_line_height=\u00a0\u00bb1.8em\u00a0\u00bb header_line_height=\u00a0\u00bb1.5em\u00a0\u00bb custom_margin=\u00a0\u00bb||20px||false|false\u00a0\u00bb custom_padding=\u00a0\u00bb||0px|||\u00a0\u00bb hover_enabled=\u00a0\u00bb0&Prime; text_font_size_tablet=\u00a0\u00bb17px\u00a0\u00bb text_font_size_phone=\u00a0\u00bb13px\u00a0\u00bb text_font_size_last_edited=\u00a0\u00bbon|tablet\u00a0\u00bb header_font_size_tablet=\u00a0\u00bb\u00a0\u00bb header_font_size_phone=\u00a0\u00bb31px\u00a0\u00bb header_font_size_last_edited=\u00a0\u00bbon|phone\u00a0\u00bb locked=\u00a0\u00bboff\u00a0\u00bb global_colors_info=\u00a0\u00bb{%22gcid-d5e9010f-34b8-49e9-afee-48227f944f94%22:%91%22text_text_color%22%93}\u00a0\u00bb sticky_enabled=\u00a0\u00bb0&Prime;]<\/p>\n<h1>Sorties septembre<\/h1>\n<div id=\"content\">\n<div class=\"post\">\n<div id=\"featured-content-alllarge\">\n<div id=\"column1\">\n<blockquote><p><strong><em>Le programme printemps-\u00e9t\u00e9 2026 sera publi\u00e9 apr\u00e8s La Magnifique organis\u00e9e le 25 avril.<\/em><\/strong><\/p><\/blockquote>\n<\/div>\n<\/div>\n<\/div>\n<\/div>\n<p>[\/et_pb_text][\/et_pb_column][\/et_pb_row][et_pb_row custom_padding_last_edited=\u00a0\u00bbon|tablet\u00a0\u00bb _builder_version=\u00a0\u00bb4.24.2&Prime; _module_preset=\u00a0\u00bbdefault\u00a0\u00bb background_color=\u00a0\u00bbgcid-1a99ec8a-6212-4403-98b3-a3da5117e3eb\u00a0\u00bb min_height=\u00a0\u00bb100px\u00a0\u00bb custom_margin=\u00a0\u00bb0.1%|auto||auto|false|false\u00a0\u00bb custom_margin_tablet=\u00a0\u00bb70px||||false|false\u00a0\u00bb custom_margin_phone=\u00a0\u00bb50px||||false|false\u00a0\u00bb custom_margin_last_edited=\u00a0\u00bboff|desktop\u00a0\u00bb custom_padding=\u00a0\u00bb30px|30px|30px|30px|true|true\u00a0\u00bb custom_padding_tablet=\u00a0\u00bb30px|30px|30px|30px|true|true\u00a0\u00bb custom_padding_phone=\u00a0\u00bb29px|20px|29px|20px|true|true\u00a0\u00bb locked=\u00a0\u00bboff\u00a0\u00bb global_colors_info=\u00a0\u00bb{%22gcid-1a99ec8a-6212-4403-98b3-a3da5117e3eb%22:%91%22background_color%22%93}\u00a0\u00bb][et_pb_column type=\u00a0\u00bb4_4&Prime; _builder_version=\u00a0\u00bb4.22.0&Prime; _module_preset=\u00a0\u00bbdefault\u00a0\u00bb global_colors_info=\u00a0\u00bb{}\u00a0\u00bb][et_pb_text _builder_version=\u00a0\u00bb4.24.2&Prime; _module_preset=\u00a0\u00bb6836b1b7-a879-4467-b47e-c610ae759712&Prime; custom_margin=\u00a0\u00bb||-7px|||\u00a0\u00bb global_colors_info=\u00a0\u00bb{}\u00a0\u00bb]<\/p>\n<div id=\"page\">\n<div id=\"content\">\n<div class=\"post\">\n<div id=\"page\">\n<div id=\"content\">\n<div class=\"post\">\n<div id=\"page\">\n<div id=\"content\">\n<div class=\"post\">\n<div id=\"page\">\n<div id=\"content\">\n<div class=\"post\">\n<div id=\"page\">\n<div id=\"content\">\n<div class=\"post\">\n<h1><\/h1>\n<p><a href=\"https:\/\/www.gpsies.com\/mapFolder.do?id=112328\" target=\"_blank\" rel=\"noopener\"><img loading=\"lazy\" decoding=\"async\" src=\"http:\/\/veloclubrochefort.be\/uploads\/images\/articles\/Septembre.jpg\" alt=\"\" width=\"448\" height=\"115\" \/><\/a>\u00a0<a href=\"https:\/\/www.openrunner.com\/\" target=\"_blank\" rel=\"noopener\"><img loading=\"lazy\" decoding=\"async\" src=\"http:\/\/veloclubrochefort.be\/uploads\/images\/LM2020\/OpenRunner.jpg\" alt=\"\" width=\"140\" height=\"43\" \/><\/a><\/p>\n<h4><span style=\"text-decoration: underline;\"><strong>Sorties routes et cyclos :<\/strong><\/span><\/h4>\n<table width=\"898\" border=\"1\" cellspacing=\"0\" cellpadding=\"0\" style=\"width: 897px;\">\n<tbody>\n<tr>\n<td valign=\"top\" width=\"76\" style=\"width: 81px;\">\n<p align=\"center\"><strong><em>Dates<\/em><\/strong><\/p>\n<\/td>\n<td valign=\"top\" width=\"340\" style=\"width: 358px;\">\n<p align=\"center\"><strong><em>Itin\u00e9raires du mois de septembre.<\/em><\/strong><\/p>\n<p align=\"center\"><em>D\u00e9part et arriv\u00e9e au Pont de pierres.<\/em><\/p>\n<\/td>\n<td valign=\"top\" width=\"66\" style=\"width: 71px;\">\n<p align=\"center\"><strong><em>Heures<\/em><\/strong><\/p>\n<p align=\"center\"><strong><em>d\u00e9part<\/em><\/strong><\/p>\n<\/td>\n<td valign=\"top\" width=\"57\" style=\"width: 61px;\">\n<p align=\"center\"><strong><em>Dist.<\/em><\/strong><\/p>\n<p align=\"center\"><strong><em>(km)<\/em><\/strong><\/p>\n<\/td>\n<td valign=\"top\" width=\"57\" style=\"width: 61px;\">\n<p align=\"center\"><strong><em>D\u00e9niv.<\/em><\/strong><\/p>\n<p align=\"center\"><strong><em>(m)<\/em><\/strong><\/p>\n<\/td>\n<td valign=\"top\" width=\"123\" style=\"width: 265px;\">\n<p align=\"center\"><strong><em>Lien carte et GPS<\/em><\/strong><\/p>\n<p align=\"center\"><a href=\"https:\/\/www.openrunner.com\/\" target=\"_blank\" rel=\"noopener\"><img loading=\"lazy\" decoding=\"async\" src=\"http:\/\/veloclubrochefort.be\/uploads\/images\/Articles2020\/OpenRunner.jpg\" alt=\"\" width=\"120\" height=\"40\" \/><\/a><\/p>\n<\/td>\n<\/tr>\n<tr>\n<td valign=\"top\" width=\"76\" style=\"width: 81px;\">\n<p align=\"center\">Mercredi<\/p>\n<p align=\"center\">03\/09\/24<\/p>\n<\/td>\n<td valign=\"top\" width=\"340\" style=\"width: 358px;\">\n<p align=\"center\">Rochefort\u00a0 &#8211; N86 \u2013 Masures \u2013 Han-sur-Lesse \u2013 Belvaux \u2013 Rue de Bure\/Coll\u00e8ge d\u2019Alzon \u2013 Bure \u2013 Grupont \u2013 Awenne \u2013 Fourneau Saint-Michel &#8211; N849 \u2013 C\u00f4te du Crawy \u2013 Nassogne \u2013 Harsin \u2013 Hargimont \u2013 On \u2013 Jemelle \u2013 Forri\u00e8res \u2013 Hamerenne \u2013 Rochefort<\/p>\n<\/td>\n<td valign=\"top\" width=\"66\" style=\"width: 71px;\">\n<p align=\"center\">16h30<\/p>\n<p align=\"center\">\n<\/td>\n<td valign=\"top\" width=\"57\" style=\"width: 61px;\">\n<p align=\"center\">54<\/p>\n<\/td>\n<td valign=\"top\" width=\"57\" style=\"width: 61px;\">\n<p align=\"center\">870<\/p>\n<\/td>\n<td valign=\"top\" width=\"123\" style=\"width: 265px;\">\n<p align=\"center\"><span>VCREPDI026<\/span><\/p>\n<p align=\"center\"><a href=\"https:\/\/www.openrunner.com\/r\/10906503\">www.openrunner.com\/r\/10906503<\/a><\/p>\n<\/td>\n<\/tr>\n<tr>\n<td valign=\"top\" width=\"76\" style=\"width: 81px;\">\n<p align=\"center\">Samedi<\/p>\n<p align=\"center\">06\/09\/25<\/p>\n<\/td>\n<td valign=\"top\" width=\"340\" style=\"width: 358px;\">\n<p align=\"center\">Rochefort &#8211; Hamerenne &#8211; Wavreille \u2013 Forri\u00e8res \u2013 Rue du Point d\u2019Arr\u00eat &#8211; Lesterny \u2013 Bure &#8211; Rue du Gouffre \u2013 Belvaux \u2013 Resteigne \u2013 Route de la Falloise &#8211; Chanly \u2013 Halma \u2013 Neupont \u2013 Daverdisse \u2013 Porcheresse \u2013 Graide \u2013 Gembes \u2013 N835 \u2013 Fays Famenne \u2013 Rue Haute\/Rue de Lomprez \u2013 Barzin \u2013 Lomprez &#8211; Wellin \u2013 Ave-et-Auffe &#8211; Han-sur-Lesse \u2013 Eprave -Rochefort<strong><\/strong><\/p>\n<\/td>\n<td valign=\"top\" width=\"66\" style=\"width: 71px;\">\n<p align=\"center\">13h30<\/p>\n<\/td>\n<td valign=\"top\" width=\"57\" style=\"width: 61px;\">\n<p align=\"center\">79<\/p>\n<\/td>\n<td valign=\"top\" width=\"57\" style=\"width: 61px;\">\n<p align=\"center\">\u00a01167<\/p>\n<\/td>\n<td valign=\"top\" width=\"123\" style=\"width: 265px;\">\n<p align=\"center\"><span>VCREPSA026<\/span><\/p>\n<p align=\"center\"><a href=\"https:\/\/www.openrunner.com\/r\/10908711\">www.openrunner.com\/r\/10908711<\/a><\/p>\n<\/td>\n<\/tr>\n<tr>\n<td valign=\"top\" width=\"76\" style=\"width: 81px;\">\n<p align=\"center\">Dimanche<\/p>\n<p align=\"center\">07\/09\/25<\/p>\n<p align=\"center\">\n<\/td>\n<td valign=\"top\" width=\"340\" style=\"width: 358px;\">\n<p align=\"center\">Rochefort\u00a0 &#8211; N86 \u2013 Masures \u2013 Han-sur-Lesse \u2013 Belvaux \u2013 Rue de Bure\/Coll\u00e8ge d\u2019Alzon \u2013 Bure \u2013 Grupont \u2013 Awenne \u2013 Fourneau Saint-Michel &#8211; N849 \u2013 C\u00f4te du Crawy \u2013 Nassogne \u2013 Harsin \u2013 Hargimont \u2013 On \u2013 Jemelle \u2013 Forri\u00e8res \u2013 Hamerenne \u2013 Rochefort<em><\/em><\/p>\n<\/td>\n<td valign=\"top\" width=\"66\" style=\"width: 71px;\">\n<p align=\"center\">09h30<\/p>\n<\/td>\n<td valign=\"top\" width=\"57\" style=\"width: 61px;\">\n<p align=\"center\">54<\/p>\n<\/td>\n<td valign=\"top\" width=\"57\" style=\"width: 61px;\">\n<p align=\"center\">\u00a0870<em><\/em><\/p>\n<\/td>\n<td valign=\"top\" width=\"123\" style=\"width: 265px;\">\n<p align=\"center\"><span>VCREPDI026<\/span><\/p>\n<p align=\"center\"><a href=\"https:\/\/www.openrunner.com\/r\/10906503\">www.openrunner.com\/r\/10906503<\/a><\/p>\n<\/td>\n<\/tr>\n<tr>\n<td valign=\"top\" width=\"76\" style=\"width: 81px;\">\n<p align=\"center\">Mercredi<\/p>\n<p align=\"center\">10\/09\/25<\/p>\n<\/td>\n<td valign=\"top\" width=\"340\" style=\"width: 358px;\">\n<p align=\"center\">Rochefort \u2013 N911 \u2013 Chemin des P\u00e9lerins &#8211; Frandeux &#8211; Rue des Tailles \u2013 Domaine Chevetogne &#8211; Forz\u00e9e &#8211; Buissonville &#8211; Serinchamps &#8211; Hogne &#8211; Waillet &#8211; Contournement \u2013 Marche-en-Famenne \u2013 Ravel &#8211; Verdenne &#8211; Champlon Famenne &#8211; Waha &#8211; Marloie &#8211; Hassonville &#8211; Rue de l\u2019Observatoire \u2013 Gerny &#8211;\u00a0 Rochefort<\/p>\n<\/td>\n<td valign=\"top\" width=\"66\" style=\"width: 71px;\">\n<p align=\"center\">16h30<\/p>\n<p align=\"center\">\n<\/td>\n<td valign=\"top\" width=\"57\" style=\"width: 61px;\">\n<p align=\"center\">55<\/p>\n<\/td>\n<td valign=\"top\" width=\"57\" style=\"width: 61px;\">\n<p align=\"center\">712<\/p>\n<\/td>\n<td valign=\"top\" width=\"123\" style=\"width: 265px;\">\n<p align=\"center\"><span>VCREPDI027<\/span><\/p>\n<p align=\"center\"><a href=\"https:\/\/www.openrunner.com\/r\/10906522\">www.openrunner.com\/r\/10906522<\/a><\/p>\n<\/td>\n<\/tr>\n<tr>\n<td valign=\"top\" width=\"76\" style=\"width: 81px;\">\n<p align=\"center\">Samedi<\/p>\n<p align=\"center\">13\/09\/25<\/p>\n<\/td>\n<td valign=\"top\" width=\"340\" style=\"width: 358px;\">\n<p align=\"center\">Rochefort \u2013 Tige &#8211; Eprave \u2013 Lessive \u2013 Ave-et-Auffe &#8211; Sourd d\u2019Ave \u2013 Wellin \u2013 Rue Paul Dubois\/Vieille Route\/Chauss\u00e9e Romaine &#8211; Lomprez \u2013 Haut-Fays \u2013 Sclassin \u2013 Le Mont &#8211; Gembes \u2013 Porcheresse \u2013 Our \u2013 Maissin &#8211; Transinne \u2013 Smuid &#8211; Mirwart \u2013 Grupont &#8211; Bure &#8211; Wavreille &#8211; Rochefort<strong><\/strong><\/p>\n<\/td>\n<td valign=\"top\" width=\"66\" style=\"width: 71px;\">\n<p align=\"center\">13h30<\/p>\n<\/td>\n<td valign=\"top\" width=\"57\" style=\"width: 61px;\">\n<p align=\"center\">77<\/p>\n<p><em>\u00a0<\/em><\/p>\n<\/td>\n<td valign=\"top\" width=\"57\" style=\"width: 61px;\">\n<p align=\"center\">\u00a01248<em><\/em><\/p>\n<\/td>\n<td valign=\"top\" width=\"123\" style=\"width: 265px;\">\n<p align=\"center\"><span>VCREPSA027<\/span><\/p>\n<p align=\"center\"><a href=\"https:\/\/www.openrunner.com\/r\/10907249\">www.openrunner.com\/r\/10907249<\/a><\/p>\n<\/td>\n<\/tr>\n<tr>\n<td valign=\"top\" width=\"76\" style=\"width: 81px;\">\n<p align=\"center\">Dimanche<\/p>\n<p align=\"center\">14\/09\/25<\/p>\n<p align=\"center\">\n<\/td>\n<td valign=\"top\" width=\"340\" style=\"width: 358px;\">\n<p align=\"center\">Rochefort \u2013 N911 &#8211; Chemin des P\u00e9lerins &#8211; Frandeux &#8211; Rue des Tailles \u2013 Domaine Chevetogne &#8211; Forz\u00e9e &#8211; Buissonville &#8211; Serinchamps &#8211; Hogne &#8211; Waillet &#8211; Contournement \u2013 Marche-en-Famenne \u2013 Ravel &#8211; Verdenne &#8211; Champlon Famenne &#8211; Waha &#8211; Marloie &#8211; Hassonville &#8211; Rue de l\u2019Observatoire \u2013 Gerny &#8211; Rochefort<\/p>\n<\/td>\n<td valign=\"top\" width=\"66\" style=\"width: 71px;\">\n<p align=\"center\">09h30<\/p>\n<\/td>\n<td valign=\"top\" width=\"57\" style=\"width: 61px;\">\n<p align=\"center\">55<\/p>\n<\/td>\n<td valign=\"top\" width=\"57\" style=\"width: 61px;\">\n<p align=\"center\">712<\/p>\n<\/td>\n<td valign=\"top\" width=\"123\" style=\"width: 265px;\">\n<p align=\"center\"><span>VCREPDI027<\/span><\/p>\n<p align=\"center\"><a href=\"http:\/\/www.openrunner.com\/r\/10906522\">www.openrunner.com\/r\/10906522<\/a><\/p>\n<\/td>\n<\/tr>\n<tr>\n<td valign=\"top\" width=\"76\" style=\"width: 81px;\">\n<p align=\"center\">Mercredi<\/p>\n<p align=\"center\">17\/09\/25<\/p>\n<\/td>\n<td valign=\"top\" width=\"340\" style=\"width: 358px;\">\n<p align=\"center\">Rochefort &#8211; Jemelle &#8211; On &#8211; Hargimont \u2013 Ambly &#8211; Forri\u00e8res &#8211; Masbourg &#8211; Fourneau Saint-Michel \u2013 Awenne &#8211; 4 Bras d\u2019Awenne &#8211; Grupont \u2013 Bure &#8211; Cambuses &#8211; Belvaux \u2013 Auffe &#8211; Han-sur-Lesse \u2013 Eprave \u2013 Avenue Montrival &#8211; Rochefort<\/p>\n<\/td>\n<td valign=\"top\" width=\"66\" style=\"width: 71px;\">\n<p align=\"center\">16h30<\/p>\n<p align=\"center\">\n<\/td>\n<td valign=\"top\" width=\"57\" style=\"width: 61px;\">\n<p align=\"center\">53<\/p>\n<\/td>\n<td valign=\"top\" width=\"57\" style=\"width: 61px;\">\n<p align=\"center\">705<\/p>\n<\/td>\n<td valign=\"top\" width=\"123\" style=\"width: 265px;\">\n<p align=\"center\"><span>VCREPDI028<\/span><\/p>\n<p align=\"center\"><a href=\"https:\/\/www.openrunner.com\/r\/10906540\">www.openrunner.com\/r\/10906540<\/a><\/p>\n<\/td>\n<\/tr>\n<tr>\n<td valign=\"top\" width=\"76\" style=\"width: 81px;\">\n<p align=\"center\">Samedi<\/p>\n<p align=\"center\">20\/09\/25<\/p>\n<\/td>\n<td valign=\"top\" width=\"340\" style=\"width: 358px;\">\n<p align=\"center\">Rochefort \u2013 N86\/Les Masures &#8211; Han-sur-Lesse \u2013 Ave-et-Auffe \u2013 Sourd d\u2019Ave &#8211; Wellin \u2013 Rue Paul Dubois\/Vieille Route\/Chauss\u00e9e romaine \u2013 Lomprez \u2013 Barzin \u2013 Sohier \u2013 Fays-Famenne &#8211; Haut-Fays \u2013 Gribelle &#8211; Patignies \u2013 Sart-Custinne \u2013 Vencimont \u2013 Sevry \u2013 Javingue \u2013 Wancenne \u2013 Pondr\u00f4me \u2013 N40 &#8211; Froidlieu \u2013 Lavaux-St-Anne \u2013 Genimont \u2013 Lessive \u2013 Eprave \u2013Tige \u2013 Rochefort<em><\/em><\/p>\n<\/td>\n<td valign=\"top\" width=\"66\" style=\"width: 71px;\">\n<p align=\"center\">13h30<\/p>\n<\/td>\n<td valign=\"top\" width=\"57\" style=\"width: 61px;\">\n<p align=\"center\">80<\/p>\n<\/td>\n<td valign=\"top\" width=\"57\" style=\"width: 61px;\">\n<p align=\"center\">\u00a01023<\/p>\n<\/td>\n<td valign=\"top\" width=\"123\" style=\"width: 265px;\">\n<p align=\"center\"><span>VCREPSA028<\/span><\/p>\n<p align=\"center\"><a href=\"https:\/\/www.openrunner.com\/r\/10907275\">www.openrunner.com\/r\/10907275<\/a><\/p>\n<\/td>\n<\/tr>\n<tr>\n<td valign=\"top\" width=\"76\" style=\"width: 81px;\">\n<p align=\"center\">Dimanche<\/p>\n<p align=\"center\">21\/09\/25<\/p>\n<\/td>\n<td valign=\"top\" width=\"340\" style=\"width: 358px;\">\n<p align=\"center\">Rochefort &#8211; Jemelle &#8211; On &#8211; Hargimont \u2013 Ambly &#8211; Forri\u00e8res &#8211; Masbourg &#8211; Fourneau Saint-Michel \u2013 Awenne &#8211; 4 Bras d\u2019Awenne &#8211; Grupont \u2013 Bure &#8211; Cambuses &#8211; Belvaux \u2013 Auffe &#8211; Han-sur-Lesse \u2013 Eprave \u2013 Avenue Montrival &#8211; Rochefort<em><\/em><\/p>\n<\/td>\n<td valign=\"top\" width=\"66\" style=\"width: 71px;\">\n<p align=\"center\">09h30<\/p>\n<\/td>\n<td valign=\"top\" width=\"57\" style=\"width: 61px;\">\n<p align=\"center\">53<\/p>\n<\/td>\n<td valign=\"top\" width=\"57\" style=\"width: 61px;\">\n<p align=\"center\">705<\/p>\n<p><em>\u00a0<\/em><\/p>\n<\/td>\n<td valign=\"top\" width=\"123\" style=\"width: 265px;\">\n<p align=\"center\"><span>VCREPDI028<\/span><\/p>\n<p align=\"center\"><a href=\"https:\/\/www.openrunner.com\/r\/10906540\">www.openrunner.com\/r\/10906540<\/a><\/p>\n<\/td>\n<\/tr>\n<tr>\n<td valign=\"top\" width=\"76\" style=\"width: 81px;\">\n<p align=\"center\">Mercredi<\/p>\n<p align=\"center\">24\/09\/25<\/p>\n<\/td>\n<td valign=\"top\" width=\"340\" style=\"width: 358px;\">\n<p align=\"center\">Rochefort \u2013 Gerny \u2013 Havrenne \u2013 Buissonville \u2013 Forz\u00e9e \u2013 N929 \u2013 Mont-Gauthier \u2013 Ver \u2013 Houyet \u2013 Ravel \u2013 Wanlin \u2013 Rue de Focant &#8211; La Rampe \u2013 Villers-sur-Lesse \u2013 Lessive \u2013 Eprave \u2013 Le Tige &#8211; Rochefort<\/p>\n<\/td>\n<td valign=\"top\" width=\"66\" style=\"width: 71px;\">\n<p align=\"center\">16h30<\/p>\n<\/td>\n<td valign=\"top\" width=\"57\" style=\"width: 61px;\">\n<p align=\"center\">51<\/p>\n<\/td>\n<td valign=\"top\" width=\"57\" style=\"width: 61px;\">\n<p align=\"center\">617<\/p>\n<\/td>\n<td valign=\"top\" width=\"123\" style=\"width: 265px;\">\n<p align=\"center\"><span>VCREPDI029<\/span><\/p>\n<p align=\"center\"><a href=\"https:\/\/www.openrunner.com\/r\/10906553\">www.openrunner.com\/r\/10906553<\/a><\/p>\n<\/td>\n<\/tr>\n<tr>\n<td valign=\"top\" width=\"76\" style=\"width: 81px;\">\n<p align=\"center\">Samedi<\/p>\n<p align=\"center\">27\/09\/25<\/p>\n<\/td>\n<td valign=\"top\" width=\"340\" style=\"width: 358px;\">\n<p align=\"center\">Rochefort\u00a0 \u2013 Gerny \u2013 Havrenne \u2013 Buissonville \u2013 Serinchamps \u2013 Les Basses \u2013 Sinsin \u2013 Heure \u2013 N929 &#8211; Baillonville \u2013 Petit-Han \u2013 Chemin du Hasard \u2013 Biron \u2013 Soy \u2013 M\u00e9lines \u2013 Werpin \u2013 Hampteau \u2013 Menil-Favay \u2013 Marenne \u2013 Verdenne \u2013 Champlon-Famenne \u2013 Harsin \u2013 Hargimont \u2013 On \u2013 Jemelle &#8211; Rochefort<\/p>\n<\/td>\n<td valign=\"top\" width=\"66\" style=\"width: 71px;\">\n<p align=\"center\">13h30<\/p>\n<\/td>\n<td valign=\"top\" width=\"57\" style=\"width: 61px;\">\n<p align=\"center\">79<\/p>\n<\/td>\n<td valign=\"top\" width=\"57\" style=\"width: 61px;\">\n<p align=\"center\">1087<\/p>\n<\/td>\n<td valign=\"top\" width=\"123\" style=\"width: 265px;\">\n<p align=\"center\"><span>VCREPSA029<\/span><\/p>\n<p align=\"center\"><a href=\"https:\/\/www.openrunner.com\/r\/10907280\">www.openrunner.com\/r\/10907280<\/a><\/p>\n<\/td>\n<\/tr>\n<tr>\n<td valign=\"top\" width=\"76\" style=\"width: 81px;\">\n<p align=\"center\">Dimanche<\/p>\n<p align=\"center\">28\/09\/25<\/p>\n<\/td>\n<td valign=\"top\" width=\"340\" style=\"width: 358px;\">\n<p align=\"center\">Rochefort \u2013 Gerny \u2013 Havrenne \u2013 Buissonville \u2013 Forz\u00e9e \u2013 N929 \u2013 Mont-Gauthier \u2013 Ver \u2013 Houyet \u2013 Ravel \u2013 Wanlin \u2013 Rue de Focant \u2013 La Rampe \u2013 Villers-sur-Lesse \u2013 Lessive \u2013 Eprave \u2013 Avenue Montrival \u2013 Rochefort<\/p>\n<\/td>\n<td valign=\"top\" width=\"66\" style=\"width: 71px;\">\n<p align=\"center\">09h30<\/p>\n<\/td>\n<td valign=\"top\" width=\"57\" style=\"width: 61px;\">\n<p align=\"center\">49<\/p>\n<\/td>\n<td valign=\"top\" width=\"57\" style=\"width: 61px;\">\n<p align=\"center\">732<\/p>\n<p align=\"center\">\n<p align=\"center\">\n<\/td>\n<td valign=\"top\" width=\"123\" style=\"width: 265px;\">\n<p align=\"center\"><span>VCREPDI029<\/span><\/p>\n<p align=\"center\"><a href=\"https:\/\/www.openrunner.com\/r\/10906553\">www.openrunner.com\/r\/10906553<\/a><\/p>\n<\/td>\n<\/tr>\n<\/tbody>\n<\/table>\n<div><\/div>\n<p>(*)\u00a0\u00a0\u00a0\u00a0\u00a0\u00a0\u00a0\u00a0\u00a0 les membres int\u00e9ress\u00e9-e-s se coordonnent; les modalit\u00e9s de d\u00e9placement sont \u00e0 d\u00e9terminer entre les participant-e-s (horaires et covoiturage)<\/p>\n<p>&nbsp;<\/p>\n<p>&nbsp;<\/p>\n<div><\/div>\n<div style=\"text-align: justify;\">\n<h4><span style=\"text-decoration: underline;\"><strong>Sorties Gravel \/ VTT et randos :<\/strong><\/span><\/h4>\n<table width=\"898\" border=\"1\" cellspacing=\"0\" cellpadding=\"0\">\n<tbody>\n<tr>\n<td valign=\"top\" width=\"898\">\n<p align=\"center\">Selon suggestions et initiatives au fil de la saison ; les membres int\u00e9ress\u00e9-e-s se coordonnent.\u00a0\u00a0<\/p>\n<\/td>\n<\/tr>\n<\/tbody>\n<\/table>\n<p><em>\u00a0<\/em><\/p>\n<p><em><a href=\"https:\/\/www.openrunner.com\/\" target=\"_blank\" rel=\"noopener\">Retrouvez les cartes et traces GPS de ces parcours sur OpenRunner \u2013 V\u00e9lo Club Rochefort\u00a0:<\/a><\/em><\/p>\n<div>\n<p><em><a href=\"https:\/\/www.openrunner.com\/\" target=\"_blank\" rel=\"noopener\"><img loading=\"lazy\" decoding=\"async\" src=\"http:\/\/veloclubrochefort.be\/uploads\/images\/LM2020\/OpenRunner.jpg\" alt=\"\" width=\"140\" height=\"43\" \/><\/a><\/em><\/p>\n<\/div>\n<\/div>\n<div><em>\u00a0<\/em><\/div>\n<div>\n<p><a href=\"http:\/\/www.cowalca.be\/\" target=\"_blank\" rel=\"noopener\"><img loading=\"lazy\" decoding=\"async\" src=\"http:\/\/veloclubrochefort.be\/uploads\/images\/partenaire\/Cowalcares.jpg\" alt=\"\" width=\"640\" height=\"185\" \/><\/a><\/p>\n<\/div>\n<\/div>\n<\/div>\n<\/div>\n<\/div>\n<\/div>\n<\/div>\n<\/div>\n<\/div>\n<\/div>\n<\/div>\n<\/div>\n<\/div>\n<div style=\"clear: both;\"><\/div>\n<\/div>\n<\/div>\n<\/div>\n<p>[\/et_pb_text][\/et_pb_column][\/et_pb_row][\/et_pb_section]<\/p>\n","protected":false},"excerpt":{"rendered":"<p>T\u00e9l\u00e9chargement du programme club des sorties routes et cyclos printemps-\u00e9t\u00e9 Lien vers le calendrier FFBCSorties septembre Le programme printemps-\u00e9t\u00e9 2026 sera publi\u00e9 apr\u00e8s La Magnifique organis\u00e9e le 25 avril. \u00a0 Sorties routes et cyclos : Dates Itin\u00e9raires du mois de septembre. D\u00e9part et arriv\u00e9e au Pont de pierres. Heures d\u00e9part Dist. (km) D\u00e9niv. (m) Lien [&hellip;]<\/p>\n","protected":false},"author":1,"featured_media":0,"parent":0,"menu_order":0,"comment_status":"closed","ping_status":"closed","template":"","meta":{"_et_pb_use_builder":"on","_et_pb_old_content":"","_et_gb_content_width":"","_monsterinsights_skip_tracking":false,"_monsterinsights_sitenote_active":false,"_monsterinsights_sitenote_note":"","_monsterinsights_sitenote_category":0,"footnotes":""},"class_list":["post-1980","page","type-page","status-publish","hentry"],"_links":{"self":[{"href":"https:\/\/veloclubrochefort.be\/index.php\/wp-json\/wp\/v2\/pages\/1980","targetHints":{"allow":["GET"]}}],"collection":[{"href":"https:\/\/veloclubrochefort.be\/index.php\/wp-json\/wp\/v2\/pages"}],"about":[{"href":"https:\/\/veloclubrochefort.be\/index.php\/wp-json\/wp\/v2\/types\/page"}],"author":[{"embeddable":true,"href":"https:\/\/veloclubrochefort.be\/index.php\/wp-json\/wp\/v2\/users\/1"}],"replies":[{"embeddable":true,"href":"https:\/\/veloclubrochefort.be\/index.php\/wp-json\/wp\/v2\/comments?post=1980"}],"version-history":[{"count":13,"href":"https:\/\/veloclubrochefort.be\/index.php\/wp-json\/wp\/v2\/pages\/1980\/revisions"}],"predecessor-version":[{"id":12502,"href":"https:\/\/veloclubrochefort.be\/index.php\/wp-json\/wp\/v2\/pages\/1980\/revisions\/12502"}],"wp:attachment":[{"href":"https:\/\/veloclubrochefort.be\/index.php\/wp-json\/wp\/v2\/media?parent=1980"}],"curies":[{"name":"wp","href":"https:\/\/api.w.org\/{rel}","templated":true}]}}