{"id":1974,"date":"2024-03-21T13:20:03","date_gmt":"2024-03-21T12:20:03","guid":{"rendered":"http:\/\/velo.cwb.ovh\/?page_id=1974"},"modified":"2026-04-14T13:25:30","modified_gmt":"2026-04-14T11:25:30","slug":"sorties-juin-2023","status":"publish","type":"page","link":"https:\/\/veloclubrochefort.be\/index.php\/sorties-juin-2023\/","title":{"rendered":"Sorties Juin"},"content":{"rendered":"<p>[et_pb_section fb_built=\u00a0\u00bb1&Prime; admin_label=\u00a0\u00bbHeader\u00a0\u00bb _builder_version=\u00a0\u00bb4.24.2&Prime; _module_preset=\u00a0\u00bbdefault\u00a0\u00bb background_image=\u00a0\u00bbhttp:\/\/velo.cwb.ovh\/wp-content\/uploads\/2024\/03\/fond-banner.png\u00a0\u00bb background_position=\u00a0\u00bbtop_center\u00a0\u00bb custom_padding=\u00a0\u00bb1.5px||1.5px||false|false\u00a0\u00bb locked=\u00a0\u00bboff\u00a0\u00bb collapsed=\u00a0\u00bbon\u00a0\u00bb global_colors_info=\u00a0\u00bb{}\u00a0\u00bb][et_pb_row _builder_version=\u00a0\u00bb4.24.2&Prime; _module_preset=\u00a0\u00bbdefault\u00a0\u00bb global_colors_info=\u00a0\u00bb{}\u00a0\u00bb][et_pb_column type=\u00a0\u00bb4_4&Prime; _builder_version=\u00a0\u00bb4.24.2&Prime; _module_preset=\u00a0\u00bbdefault\u00a0\u00bb global_colors_info=\u00a0\u00bb{}\u00a0\u00bb][et_pb_divider show_divider=\u00a0\u00bboff\u00a0\u00bb _builder_version=\u00a0\u00bb4.24.2&Prime; _module_preset=\u00a0\u00bbdefault\u00a0\u00bb global_colors_info=\u00a0\u00bb{}\u00a0\u00bb][\/et_pb_divider][\/et_pb_column][\/et_pb_row][\/et_pb_section][et_pb_section fb_built=\u00a0\u00bb1&Prime; admin_label=\u00a0\u00bbMission\u00a0\u00bb _builder_version=\u00a0\u00bb4.24.2&Prime; _module_preset=\u00a0\u00bbdefault\u00a0\u00bb min_height=\u00a0\u00bb100px\u00a0\u00bb custom_margin=\u00a0\u00bb-0.1%||||false|false\u00a0\u00bb custom_padding=\u00a0\u00bb0px||28px||false|false\u00a0\u00bb locked=\u00a0\u00bboff\u00a0\u00bb collapsed=\u00a0\u00bbon\u00a0\u00bb global_colors_info=\u00a0\u00bb{}\u00a0\u00bb][et_pb_row _builder_version=\u00a0\u00bb4.24.2&Prime; _module_preset=\u00a0\u00bbdefault\u00a0\u00bb locked=\u00a0\u00bboff\u00a0\u00bb global_colors_info=\u00a0\u00bb{}\u00a0\u00bb][et_pb_column type=\u00a0\u00bb4_4&Prime; _builder_version=\u00a0\u00bb4.24.2&Prime; _module_preset=\u00a0\u00bbdefault\u00a0\u00bb global_colors_info=\u00a0\u00bb{}\u00a0\u00bb][et_pb_text _builder_version=\u00a0\u00bb4.24.2&Prime; _module_preset=\u00a0\u00bbdefault\u00a0\u00bb text_font=\u00a0\u00bb||||on||||\u00a0\u00bb global_colors_info=\u00a0\u00bb{}\u00a0\u00bb]<a title=\"Programme sorties club printemps-\u00e9t\u00e9\" href=\"http:\/\/veloclubrochefort.be\/uploads\/file\/programme%20route%20vcr%20Site.pdf\" target=\"_blank\" rel=\"noopener\">T\u00e9l\u00e9chargement du programme club des sorties routes et cyclos printemps-\u00e9t\u00e9<\/a><span><\/span><br \/>\n<a title=\"Calendrier FFBC\" href=\"https:\/\/www.velo-liberte.be\/calendrier\/\/\" target=\"_blank\" rel=\"noopener\">Lien vers le calendrier FFBC<\/a>[\/et_pb_text][\/et_pb_column][\/et_pb_row][et_pb_row admin_label=\u00a0\u00bbLigne\u00a0\u00bb _builder_version=\u00a0\u00bb4.24.2&Prime; _module_preset=\u00a0\u00bbdefault\u00a0\u00bb custom_margin=\u00a0\u00bb0%||0%||false|false\u00a0\u00bb custom_padding=\u00a0\u00bb1.4%||0.4%||false|false\u00a0\u00bb locked=\u00a0\u00bboff\u00a0\u00bb global_colors_info=\u00a0\u00bb{}\u00a0\u00bb][et_pb_column type=\u00a0\u00bb4_4&Prime; _builder_version=\u00a0\u00bb4.24.2&Prime; _module_preset=\u00a0\u00bbdefault\u00a0\u00bb global_colors_info=\u00a0\u00bb{}\u00a0\u00bb][et_pb_text _builder_version=\u00a0\u00bb4.24.2&Prime; _module_preset=\u00a0\u00bb7a9cd4c2-c14d-4269-9615-969e8a68493a\u00a0\u00bb text_font=\u00a0\u00bb|||on|||||\u00a0\u00bb text_text_color=\u00a0\u00bbgcid-d5e9010f-34b8-49e9-afee-48227f944f94&Prime; text_font_size=\u00a0\u00bb22px\u00a0\u00bb text_letter_spacing=\u00a0\u00bb1px\u00a0\u00bb text_line_height=\u00a0\u00bb1.8em\u00a0\u00bb header_line_height=\u00a0\u00bb1.5em\u00a0\u00bb custom_margin=\u00a0\u00bb||20px||false|false\u00a0\u00bb custom_padding=\u00a0\u00bb||0px|||\u00a0\u00bb hover_enabled=\u00a0\u00bb0&Prime; text_font_size_tablet=\u00a0\u00bb17px\u00a0\u00bb text_font_size_phone=\u00a0\u00bb13px\u00a0\u00bb text_font_size_last_edited=\u00a0\u00bbon|tablet\u00a0\u00bb header_font_size_tablet=\u00a0\u00bb\u00a0\u00bb header_font_size_phone=\u00a0\u00bb31px\u00a0\u00bb header_font_size_last_edited=\u00a0\u00bbon|phone\u00a0\u00bb locked=\u00a0\u00bboff\u00a0\u00bb global_colors_info=\u00a0\u00bb{%22gcid-d5e9010f-34b8-49e9-afee-48227f944f94%22:%91%22text_text_color%22%93}\u00a0\u00bb sticky_enabled=\u00a0\u00bb0&Prime;]<\/p>\n<h1>Sorties Juin<\/h1>\n<div id=\"content\">\n<div class=\"post\">\n<div id=\"featured-content-alllarge\">\n<div id=\"column1\">\n<blockquote><p><strong><em>Le programme printemps-\u00e9t\u00e9 2026 sera publi\u00e9 apr\u00e8s La Magnifique organis\u00e9e le 25 avril.<\/em><\/strong><\/p><\/blockquote>\n<\/div>\n<\/div>\n<\/div>\n<\/div>\n<p>[\/et_pb_text][\/et_pb_column][\/et_pb_row][et_pb_row custom_padding_last_edited=\u00a0\u00bbon|tablet\u00a0\u00bb _builder_version=\u00a0\u00bb4.24.2&Prime; _module_preset=\u00a0\u00bbdefault\u00a0\u00bb background_color=\u00a0\u00bbgcid-1a99ec8a-6212-4403-98b3-a3da5117e3eb\u00a0\u00bb min_height=\u00a0\u00bb100px\u00a0\u00bb custom_margin=\u00a0\u00bb0.1%|auto||auto|false|false\u00a0\u00bb custom_margin_tablet=\u00a0\u00bb70px||||false|false\u00a0\u00bb custom_margin_phone=\u00a0\u00bb50px||||false|false\u00a0\u00bb custom_margin_last_edited=\u00a0\u00bboff|desktop\u00a0\u00bb custom_padding=\u00a0\u00bb30px|30px|30px|30px|true|true\u00a0\u00bb custom_padding_tablet=\u00a0\u00bb30px|30px|30px|30px|true|true\u00a0\u00bb custom_padding_phone=\u00a0\u00bb29px|20px|29px|20px|true|true\u00a0\u00bb locked=\u00a0\u00bboff\u00a0\u00bb global_colors_info=\u00a0\u00bb{%22gcid-1a99ec8a-6212-4403-98b3-a3da5117e3eb%22:%91%22background_color%22%93}\u00a0\u00bb][et_pb_column type=\u00a0\u00bb4_4&Prime; _builder_version=\u00a0\u00bb4.22.0&Prime; _module_preset=\u00a0\u00bbdefault\u00a0\u00bb global_colors_info=\u00a0\u00bb{}\u00a0\u00bb][et_pb_text _builder_version=\u00a0\u00bb4.24.2&Prime; _module_preset=\u00a0\u00bb6836b1b7-a879-4467-b47e-c610ae759712&Prime; custom_margin=\u00a0\u00bb||-7px|||\u00a0\u00bb global_colors_info=\u00a0\u00bb{}\u00a0\u00bb]<\/p>\n<div id=\"page\">\n<div id=\"content\">\n<div class=\"post\">\n<div id=\"page\">\n<div id=\"content\">\n<div class=\"post\">\n<div id=\"page\">\n<div id=\"content\">\n<div class=\"post\">\n<div id=\"page\">\n<div id=\"content\">\n<div class=\"post\">\n<h1><\/h1>\n<p><a href=\"https:\/\/www.gpsies.com\/mapFolder.do?id=112325\" target=\"_blank\" rel=\"noopener\"><img loading=\"lazy\" decoding=\"async\" src=\"http:\/\/veloclubrochefort.be\/uploads\/images\/articles\/Juin.jpg\" alt=\"\" width=\"448\" height=\"135\" \/><\/a>\u00a0<a href=\"https:\/\/www.openrunner.com\/\" target=\"_blank\" rel=\"noopener\"><img loading=\"lazy\" decoding=\"async\" src=\"http:\/\/veloclubrochefort.be\/uploads\/images\/LM2020\/OpenRunner.jpg\" alt=\"\" width=\"140\" height=\"43\" \/><\/a><\/p>\n<h4><span style=\"text-decoration: underline;\"><strong>Sorties routes et cyclos :<\/strong><\/span><\/h4>\n<div>\n<table width=\"898\" border=\"1\" cellspacing=\"0\" cellpadding=\"0\">\n<tbody>\n<tr>\n<td valign=\"top\" style=\"width: 80.7604px;\">\n<p align=\"center\"><strong><em>Dates<\/em><\/strong><\/p>\n<\/td>\n<td valign=\"top\" style=\"width: 350.292px;\">\n<p align=\"center\"><strong><em>Itin\u00e9raires du mois de juin.<\/em><\/strong><\/p>\n<p align=\"center\"><em>D\u00e9part et arriv\u00e9e au Pont de pierres.<\/em><\/p>\n<\/td>\n<td valign=\"top\" style=\"width: 69.7188px;\">\n<p align=\"center\"><strong><em>Heures<\/em><\/strong><\/p>\n<p align=\"center\"><strong><em>d\u00e9part<\/em><\/strong><\/p>\n<\/td>\n<td valign=\"top\" style=\"width: 60.4271px;\">\n<p align=\"center\"><strong><em>Dist.<\/em><\/strong><\/p>\n<p align=\"center\"><strong><em>(km)<\/em><\/strong><\/p>\n<\/td>\n<td valign=\"top\" style=\"width: 60.8021px;\">\n<p align=\"center\"><strong><em>D\u00e9niv.<\/em><\/strong><\/p>\n<p align=\"center\"><strong><em>(m)<\/em><\/strong><\/p>\n<\/td>\n<td valign=\"top\" style=\"width: 266.667px;\">\n<p align=\"center\"><strong><em>Lien carte et GPS<\/em><\/strong><\/p>\n<p align=\"center\"><a href=\"https:\/\/www.openrunner.com\/\" target=\"_blank\" rel=\"noopener\"><img loading=\"lazy\" decoding=\"async\" src=\"http:\/\/veloclubrochefort.be\/uploads\/images\/Articles2020\/OpenRunner.jpg\" alt=\"\" width=\"120\" height=\"40\" \/><\/a><\/p>\n<\/td>\n<\/tr>\n<tr>\n<td valign=\"top\" style=\"width: 80.7604px;\">\n<p align=\"center\">Samedi<\/p>\n<p align=\"center\">07\/06\/25<\/p>\n<p align=\"center\">\n<\/td>\n<td valign=\"top\" style=\"width: 350.292px;\">\n<p align=\"center\">Rochefort \u2013 Hamerenne &#8211; Wavreille &#8211; Bure \u2013 Grupont &#8211; Mirwart &#8211; Smuid &#8211; Transinne \u2013 Maissin &#8211; Our \u2013 Porcheresse \u2013 Gembes \u2013 Le Mont \u2013 Sclassin \u2013 Haut-Fays &#8211; Lomprez \u2013 Wellin &#8211; Sourd d\u2019Ave \u2013 Ave &amp; Auffe &#8211; Lessive \u2013 Eprave \u2013 Tige &#8211; Rochefort<em><\/em><\/p>\n<\/td>\n<td valign=\"top\" style=\"width: 69.7188px;\">\n<p align=\"center\">13h30<\/p>\n<\/td>\n<td valign=\"top\" style=\"width: 60.4271px;\">\n<p align=\"center\">76<\/p>\n<\/td>\n<td valign=\"top\" style=\"width: 60.8021px;\">\n<p align=\"center\">\u00a01188<\/p>\n<p><em>\u00a0<\/em><\/p>\n<\/td>\n<td valign=\"top\" style=\"width: 266.667px;\">\n<p align=\"center\"><span>VCREPSA013<\/span><\/p>\n<p align=\"center\"><a href=\"https:\/\/www.openrunner.com\/r\/10905935\">www.openrunner.com\/r\/10905935<\/a><\/p>\n<p align=\"center\">\n<\/td>\n<\/tr>\n<tr>\n<td valign=\"top\" style=\"width: 80.7604px;\">\n<p align=\"center\">Dimanche<\/p>\n<p align=\"center\">08\/06\/25<\/p>\n<p align=\"center\">\n<\/td>\n<td valign=\"top\" style=\"width: 350.292px;\">\n<p align=\"center\">Rochefort \u2013 Hamerenne \u2013 Wavreille \u2013 Forri\u00e8res \u2013 Masbourg \u2013 Fourneau-St-Michel \u2013 Saint-Hubert \u2013 N803 \u2013 Grupont \u2013 Bure \u2013 Coll\u00e8ge d\u2019Alzon \u2013 Belvaux \u2013 Ave \u2013 Lessive \u2013 Eprave \u2013 Beau-S\u00e9jour \u2013 N86 &#8211; Rochefort<em><\/em><\/p>\n<\/td>\n<td valign=\"top\" style=\"width: 69.7188px;\">\n<p align=\"center\">09h00<\/p>\n<\/td>\n<td valign=\"top\" style=\"width: 60.4271px;\">\n<p align=\"center\">58<\/p>\n<\/td>\n<td valign=\"top\" style=\"width: 60.8021px;\">\n<p align=\"center\">877<em><\/em><\/p>\n<\/td>\n<td valign=\"top\" style=\"width: 266.667px;\">\n<p align=\"center\"><span>VCREPDI013<\/span><\/p>\n<p align=\"center\"><a href=\"https:\/\/www.openrunner.com\/r\/10905882\">www.openrunner.com\/r\/10905882<\/a><\/p>\n<p align=\"center\">\n<\/td>\n<\/tr>\n<tr>\n<td style=\"width: 80.7604px;\">\n<p align=\"center\">Lundi 09\/06\/25<\/p>\n<\/td>\n<td style=\"width: 350.292px;\">\n<p align=\"center\">Rochefort &#8211; Bois Pirlot &#8211; Frandeux &#8211; Chemin des P\u00e9lerins &#8211; Mont-Gauthier &#8211; N94 &#8211; Houyet &#8211; N929 &#8211;\u00a0 Mesnil-Eglise &#8211; Finnevaux &#8211; N95 &#8211; Petit-Caporal &#8211; Javingue &#8211; Sevry &#8211; Vencimont &#8211; Sart-Custinne &#8211; Gribelle &#8211; Haut-Fays &#8211; N935 &#8211; Daverdisse &#8211; Neupont &#8211; Chanly &#8211; Resteigne &#8211; Chemin de Stan &#8211; Tellin &#8211; N899 &#8211; Wavreille &#8211; Rubi\u00e9mont &#8211; Jemelle &#8211; Rochefort<\/p>\n<\/td>\n<td style=\"width: 69.7188px;\">\n<p align=\"center\">09h00<\/p>\n<\/td>\n<td style=\"width: 60.4271px;\">\n<p align=\"center\">101<\/p>\n<\/td>\n<td style=\"width: 60.8021px;\">\n<p align=\"center\">1660<\/p>\n<\/td>\n<td style=\"width: 266.667px;\">\n<p align=\"center\"><span>VCREPFE004<\/span><\/p>\n<p><a href=\"https:\/\/www.openrunner.com\/route-details\/20818387\">www.openrunner.com\/route-details\/20818387<\/a>\u00a0<\/p>\n<\/td>\n<\/tr>\n<tr>\n<td valign=\"top\" style=\"width: 80.7604px;\">\n<p align=\"center\">Mercredi<\/p>\n<p align=\"center\">11\/06\/25<\/p>\n<\/td>\n<td valign=\"top\" style=\"width: 350.292px;\">\n<p align=\"center\">Rochefort &#8211; Jemelle &#8211; On &#8211; Hargimont &#8211; Marloie &#8211; Waha &#8211; Hollogne &#8211; Ligni\u00e8res &#8211; 4 Bras de G\u00e8nes &#8211; G\u00e8nes \u2013 Halleux &#8211; Ronchamps &#8211; Champlon &#8211; Barri\u00e8re de Champlon &#8211; Nassogne &#8211; Ambly &#8211; Forri\u00e8res &#8211; Wavreille &#8211; Rochefort<\/p>\n<\/td>\n<td valign=\"top\" style=\"width: 69.7188px;\">\n<p align=\"center\">18h00<\/p>\n<p align=\"center\">\n<\/td>\n<td valign=\"top\" style=\"width: 60.4271px;\">\n<p align=\"center\">63<\/p>\n<\/td>\n<td valign=\"top\" style=\"width: 60.8021px;\">\n<p align=\"center\">824<\/p>\n<\/td>\n<td valign=\"top\" style=\"width: 266.667px;\">\n<p align=\"center\"><span>VCREPDI014<\/span><\/p>\n<p align=\"center\"><a href=\"https:\/\/www.openrunner.com\/r\/10905987\">www.openrunner.com\/r\/10905987<\/a><\/p>\n<\/td>\n<\/tr>\n<tr>\n<td valign=\"top\" style=\"width: 80.7604px;\">\n<p align=\"center\">Samedi<\/p>\n<p align=\"center\">14\/06\/25<\/p>\n<\/td>\n<td valign=\"top\" style=\"width: 350.292px;\">\n<p align=\"center\">Rochefort \u2013 Han-sur-Lesse \u2013 Belvaux \u2013 Ancienne route de Wavreille &#8211; Bure \u2013 Grupont \u2013 Ry de Belle Rose \u2013 Saint- Hubert \u2013 Hurtebise \u2013 Lavacherie &#8211; N829 vers N4 \u2013 Laneuville au Bois &#8211; Mochamps \u2013 Nassogne &#8211; Ambly \u2013 Forri\u00e8res \u2013 Wavreille \u2013 Hamerenne &#8211; Rochefort<em><\/em><\/p>\n<\/td>\n<td valign=\"top\" style=\"width: 69.7188px;\">\n<p align=\"center\">13h30<\/p>\n<\/td>\n<td valign=\"top\" style=\"width: 60.4271px;\">\n<p align=\"center\">76<\/p>\n<\/td>\n<td valign=\"top\" style=\"width: 60.8021px;\">\n<p align=\"center\">1222<\/p>\n<\/td>\n<td valign=\"top\" style=\"width: 266.667px;\">\n<p align=\"center\"><span>VCREPSA014<\/span><\/p>\n<p align=\"center\"><a href=\"https:\/\/www.openrunner.com\/r\/10906031\">www.openrunner.com\/r\/10906031<\/a><\/p>\n<\/td>\n<\/tr>\n<tr>\n<td valign=\"top\" style=\"width: 80.7604px;\">\n<p align=\"center\">Dimanche<\/p>\n<p align=\"center\">15\/06\/25<\/p>\n<p align=\"center\">\n<\/td>\n<td valign=\"top\" style=\"width: 350.292px;\">\n<p align=\"center\">Rochefort &#8211; Jemelle &#8211; On &#8211; Hargimont &#8211; Marloie &#8211; Waha &#8211; Hollogne &#8211; Ligni\u00e8res &#8211; 4 Bras de G\u00e8nes &#8211; G\u00e8nes \u2013 Halleux &#8211; Ronchamps &#8211; Champlon &#8211; Barri\u00e8re de Champlon &#8211; Nassogne &#8211; Ambly &#8211; Forri\u00e8res &#8211; Wavreille &#8211; Rochefort<\/p>\n<\/td>\n<td valign=\"top\" style=\"width: 69.7188px;\">\n<p align=\"center\">09h00<\/p>\n<\/td>\n<td valign=\"top\" style=\"width: 60.4271px;\">\n<p align=\"center\">63<\/p>\n<\/td>\n<td valign=\"top\" style=\"width: 60.8021px;\">\n<p align=\"center\">824<\/p>\n<\/td>\n<td valign=\"top\" style=\"width: 266.667px;\">\n<p align=\"center\"><span>VCREPDI014<\/span><\/p>\n<p align=\"center\"><a href=\"https:\/\/www.openrunner.com\/r\/10905987\">www.openrunner.com\/r\/10905987<\/a><\/p>\n<\/td>\n<\/tr>\n<tr>\n<td valign=\"top\" style=\"width: 80.7604px;\">\n<p align=\"center\">Mercredi<\/p>\n<p align=\"center\">18\/06\/25<\/p>\n<\/td>\n<td valign=\"top\" style=\"width: 350.292px;\">\n<p align=\"center\">Rochefort &#8211; Zoning &#8211; Havrenne &#8211; Buissonville \u2013Thiers de Longhier &#8211; Haversin &#8211; Les Basses &#8211; Sinsin &#8211; Nettinne &#8211; Route de Barvaux \u2013 Rue des Scyoux\/Scy &#8211; Mohiville &#8211; Monin &#8211; Biron \u2013 N957 &#8211; Leignon &#8211; Chapois &#8211; Ychippe &#8211; Ronvaux &#8211; Chevetogne &#8211; Route des P\u00e9lerins &#8211; Frandeux \u00a0&#8211; Chemin des P\u00e9lerins \u2013 N911 \u2013 Briqueterie\/Rue de Navaugle \u2013 Rochefort<\/p>\n<\/td>\n<td valign=\"top\" style=\"width: 69.7188px;\">\n<p align=\"center\">18h00<\/p>\n<p align=\"center\">\n<\/td>\n<td valign=\"top\" style=\"width: 60.4271px;\">\n<p align=\"center\">61<\/p>\n<\/td>\n<td valign=\"top\" style=\"width: 60.8021px;\">\n<p align=\"center\">997<\/p>\n<\/td>\n<td valign=\"top\" style=\"width: 266.667px;\">\n<p align=\"center\"><span>VCREPDI015<\/span><\/p>\n<p align=\"center\"><a href=\"https:\/\/www.openrunner.com\/r\/10906105\">www.openrunner.com\/r\/10906105<\/a><\/p>\n<\/td>\n<\/tr>\n<tr>\n<td valign=\"top\" style=\"width: 80.7604px;\">\n<p align=\"center\">Samedi<\/p>\n<p align=\"center\">21\/06\/25<\/p>\n<\/td>\n<td valign=\"top\" style=\"width: 350.292px;\">\n<p align=\"center\">Rochefort \u2013 N911 &#8211; Chemin des P\u00e9lerins \u2013 Frandeux \u2013 Rue des Tailles \u2013 Chevetogne \u2013 Ronvaux \u2013 Baraque Conjoux \u2013 Grande Trussogne \u2013 Lavis \u2013 V\u00eaves \u2013 Furfooz \u2013 Walzin \u2013 Pont \u00e0 Lesse &#8211; N95 \u2013 Falmignoul \u2013 Quatre Chemins \u2013 Heer \u2013 Givet \u2013 Feschaux \u2013 Finnevaux \u2013 Houyet &#8211; Ciergnon \u2013 Ch\u00e2teau \u2013 Ravel \u2013 Rochefort<\/p>\n<\/td>\n<td valign=\"top\" style=\"width: 69.7188px;\">\n<p align=\"center\">13h30<\/p>\n<\/td>\n<td valign=\"top\" style=\"width: 60.4271px;\">\n<p align=\"center\">86<\/p>\n<p align=\"center\">\n<\/td>\n<td valign=\"top\" style=\"width: 60.8021px;\">\n<p align=\"center\">1430<\/p>\n<\/td>\n<td valign=\"top\" style=\"width: 266.667px;\">\n<p align=\"center\"><span>VCREPSA015<\/span><\/p>\n<p align=\"center\"><a href=\"http:\/\/www.openrunner.com\/r\/14554338\">www.openrunner.com\/r\/14554338<\/a><\/p>\n<\/td>\n<\/tr>\n<tr>\n<td valign=\"top\" style=\"width: 80.7604px;\">\n<p align=\"center\">Dimanche<\/p>\n<p align=\"center\">22\/06\/25<\/p>\n<\/td>\n<td valign=\"top\" style=\"width: 350.292px;\">\n<p align=\"center\">Rochefort &#8211; Zoning &#8211; Havrenne &#8211; Buissonville \u2013Thiers de Longhier &#8211; Haversin &#8211; Les Basses &#8211; Sinsin &#8211; Nettinne &#8211; Route de Barvaux \u2013 Rue des Scyoux\/Scy &#8211; Mohiville &#8211; Monin &#8211; Biron \u2013 N957 &#8211; Leignon &#8211; Chapois &#8211; Ychippe &#8211; Ronvaux &#8211; Chevetogne &#8211; Route des P\u00e9lerins &#8211; Frandeux \u00a0&#8211; Chemin des P\u00e9lerins \u2013 N911 \u2013 Briqueterie\/Rue de Navaugle \u2013 Rochefort<\/p>\n<\/td>\n<td valign=\"top\" style=\"width: 69.7188px;\">\n<p align=\"center\">09h00<\/p>\n<p align=\"center\">\n<\/td>\n<td valign=\"top\" style=\"width: 60.4271px;\">\n<p align=\"center\">61<\/p>\n<\/td>\n<td valign=\"top\" style=\"width: 60.8021px;\">\n<p align=\"center\">997<\/p>\n<\/td>\n<td valign=\"top\" style=\"width: 266.667px;\">\n<p align=\"center\"><span>VCREPDI015<\/span><\/p>\n<p align=\"center\"><a href=\"https:\/\/www.openrunner.com\/r\/10906105\">www.openrunner.com\/r\/10906105<\/a><\/p>\n<\/td>\n<\/tr>\n<tr>\n<td valign=\"top\" style=\"width: 80.7604px;\">\n<p align=\"center\">Mercredi<\/p>\n<p align=\"center\">25\/06\/25<\/p>\n<\/td>\n<td valign=\"top\" style=\"width: 350.292px;\">\n<p align=\"center\">Rochefort &#8211; Wavreille &#8211; Tellin &#8211; Barri\u00e8re de Transinne &#8211; Maissin &#8211; Our &#8211; Porcheresse &#8211; Gembes \u2013 Vir\u00e9e Derri\u00e8re Le Bois \u2013 Lomprez &#8211; Wellin &#8211; Sourd d\u2019Ave &#8211; Han-sur-Lesse &#8211; Rue du Plan d\u2019Eau\/Rue des Masures \u2013 N86 vers Rochefort &#8211; Rochefort<\/p>\n<\/td>\n<td valign=\"top\" style=\"width: 69.7188px;\">\n<p align=\"center\">18h00<\/p>\n<p align=\"center\">\n<\/td>\n<td valign=\"top\" style=\"width: 60.4271px;\">\n<p align=\"center\">66<\/p>\n<\/td>\n<td valign=\"top\" style=\"width: 60.8021px;\">\n<p align=\"center\">1017<\/p>\n<\/td>\n<td valign=\"top\" style=\"width: 266.667px;\">\n<p align=\"center\"><span>VCREPDI016<\/span><\/p>\n<p align=\"center\"><a href=\"https:\/\/www.openrunner.com\/r\/10906000\">www.openrunner.com\/r\/10906000<\/a><\/p>\n<\/td>\n<\/tr>\n<tr>\n<td valign=\"top\" style=\"width: 80.7604px;\">\n<p align=\"center\">Samedi<\/p>\n<p align=\"center\">28\/06\/25<\/p>\n<\/td>\n<td valign=\"top\" style=\"width: 350.292px;\">\n<p align=\"center\">Rochefort\/Rue de Gemeroye \u2013 Tige \u2013 Eprave \u2013 Lessive \u2013 Genimont \u2013 Lavaux-St-Anne \u2013 Froidlieu \u2013 Sohier \u2013 Fays Famenne \u2013 Haut Fays \u2013 Gedinne Station \u2013 Gedinne \u2013 Louette-St-Pierre &#8211; Willerzie \u2013 Rienne \u2013 Vencimont \u2013 Von\u00eache \u2013 Pondr\u00f4me \u2013 Revogne \u2013 Focant \u2013 Wanlin \u2013 La Rampe &#8211; Villers-sur-Lesse \u2013 Ch\u00e2teau Royal \u2013 N911 &#8211; Briquemont \u2013 Laloux \u2013 Frandeux \u2013 Chemin des P\u00e9lerins \u2013 N911 &#8211; Rochefort<em><\/em><\/p>\n<\/td>\n<td valign=\"top\" style=\"width: 69.7188px;\">\n<p align=\"center\">13h30<\/p>\n<\/td>\n<td valign=\"top\" style=\"width: 60.4271px;\">\n<p align=\"center\">94<\/p>\n<\/td>\n<td valign=\"top\" style=\"width: 60.8021px;\">\n<p align=\"center\">\u00a01108<em><\/em><\/p>\n<p>&nbsp;<\/p>\n<\/td>\n<td valign=\"top\" style=\"width: 266.667px;\">\n<p align=\"center\"><span>VCREPSA016<\/span><\/p>\n<p align=\"center\"><a href=\"https:\/\/www.openrunner.com\/r\/10906054\">www.openrunner.com\/r\/10906054<\/a><\/p>\n<\/td>\n<\/tr>\n<tr>\n<td valign=\"top\" style=\"width: 80.7604px;\">\n<p align=\"center\">Dimanche<\/p>\n<p align=\"center\">29\/06\/25<\/p>\n<p align=\"center\">\n<\/td>\n<td valign=\"top\" style=\"width: 350.292px;\">\n<p align=\"center\">Rochefort &#8211; Wavreille &#8211; Tellin &#8211; Barri\u00e8re de Transinne &#8211; Maissin &#8211; Our &#8211; Porcheresse &#8211; Gembes \u2013 Vir\u00e9e Derri\u00e8re Le Bois \u2013 Lomprez &#8211; Wellin &#8211; Sourd d\u2019Ave &#8211; Han-sur-Lesse &#8211; Rue du Plan d\u2019Eau\/Rue des Masures \u2013 N86 vers Rochefort &#8211; Rochefort<em><\/em><\/p>\n<\/td>\n<td valign=\"top\" style=\"width: 69.7188px;\">\n<p align=\"center\">09h00<\/p>\n<\/td>\n<td valign=\"top\" style=\"width: 60.4271px;\">\n<p align=\"center\">66<\/p>\n<\/td>\n<td valign=\"top\" style=\"width: 60.8021px;\">\n<p align=\"center\">1017<\/p>\n<\/td>\n<td valign=\"top\" style=\"width: 266.667px;\">\n<p align=\"center\"><span>VCREPDI016<\/span><\/p>\n<p align=\"center\"><a href=\"https:\/\/www.openrunner.com\/r\/10906000\">www.openrunner.com\/r\/10906000<\/a><\/p>\n<\/td>\n<\/tr>\n<\/tbody>\n<\/table>\n<\/div>\n<div><\/div>\n<p>(*)\u00a0\u00a0\u00a0\u00a0\u00a0\u00a0\u00a0\u00a0\u00a0 les membres int\u00e9ress\u00e9-e-s se coordonnent; les modalit\u00e9s de d\u00e9placement sont \u00e0 d\u00e9terminer entre les participant-e-s (horaires et covoiturage)<\/p>\n<p>&nbsp;<\/p>\n<h4><span style=\"text-decoration: underline;\"><strong>Sorties Gravel \/ VTT et randos :<\/strong><\/span><\/h4>\n<table width=\"898\" border=\"1\" cellspacing=\"0\" cellpadding=\"0\">\n<tbody>\n<tr>\n<td valign=\"top\" width=\"898\">\n<p align=\"center\">Selon suggestions et initiatives au fil de la saison ; les membres int\u00e9ress\u00e9-e-s se coordonnent.<\/p>\n<\/td>\n<\/tr>\n<\/tbody>\n<\/table>\n<p><em>\u00a0<\/em><\/p>\n<p><em><a href=\"https:\/\/www.openrunner.com\/\" target=\"_blank\" rel=\"noopener\">Retrouvez les cartes et traces GPS de ces parcours sur OpenRunner \u2013 V\u00e9lo Club Rochefort\u00a0:<\/a><\/em><\/p>\n<p><em><a href=\"https:\/\/www.openrunner.com\/\" target=\"_blank\" rel=\"noopener\"><img loading=\"lazy\" decoding=\"async\" src=\"http:\/\/veloclubrochefort.be\/uploads\/images\/LM2020\/OpenRunner.jpg\" alt=\"\" width=\"140\" height=\"43\" \/><\/a><\/em><\/p>\n<p><a href=\"https:\/\/makina-corpus.com\/societe\/contact-belgique\/\" target=\"_blank\" rel=\"noopener\"><img loading=\"lazy\" decoding=\"async\" src=\"http:\/\/veloclubrochefort.be\/uploads\/images\/partenaire\/Thesom%20Consultres.jpg\" alt=\"\" width=\"640\" height=\"185\" \/><\/a><\/p>\n<\/div>\n<\/div>\n<\/div>\n<\/div>\n<\/div>\n<\/div>\n<\/div>\n<\/div>\n<\/div>\n<div style=\"clear: both;\"><\/div>\n<\/div>\n<\/div>\n<\/div>\n<p>[\/et_pb_text][\/et_pb_column][\/et_pb_row][\/et_pb_section]<\/p>\n","protected":false},"excerpt":{"rendered":"<p>T\u00e9l\u00e9chargement du programme club des sorties routes et cyclos printemps-\u00e9t\u00e9 Lien vers le calendrier FFBCSorties Juin Le programme printemps-\u00e9t\u00e9 2026 sera publi\u00e9 apr\u00e8s La Magnifique organis\u00e9e le 25 avril. \u00a0 Sorties routes et cyclos : Dates Itin\u00e9raires du mois de juin. D\u00e9part et arriv\u00e9e au Pont de pierres. Heures d\u00e9part Dist. (km) D\u00e9niv. (m) Lien [&hellip;]<\/p>\n","protected":false},"author":1,"featured_media":0,"parent":0,"menu_order":0,"comment_status":"closed","ping_status":"closed","template":"","meta":{"_et_pb_use_builder":"on","_et_pb_old_content":"","_et_gb_content_width":"","_monsterinsights_skip_tracking":false,"_monsterinsights_sitenote_active":false,"_monsterinsights_sitenote_note":"","_monsterinsights_sitenote_category":0,"footnotes":""},"class_list":["post-1974","page","type-page","status-publish","hentry"],"_links":{"self":[{"href":"https:\/\/veloclubrochefort.be\/index.php\/wp-json\/wp\/v2\/pages\/1974","targetHints":{"allow":["GET"]}}],"collection":[{"href":"https:\/\/veloclubrochefort.be\/index.php\/wp-json\/wp\/v2\/pages"}],"about":[{"href":"https:\/\/veloclubrochefort.be\/index.php\/wp-json\/wp\/v2\/types\/page"}],"author":[{"embeddable":true,"href":"https:\/\/veloclubrochefort.be\/index.php\/wp-json\/wp\/v2\/users\/1"}],"replies":[{"embeddable":true,"href":"https:\/\/veloclubrochefort.be\/index.php\/wp-json\/wp\/v2\/comments?post=1974"}],"version-history":[{"count":17,"href":"https:\/\/veloclubrochefort.be\/index.php\/wp-json\/wp\/v2\/pages\/1974\/revisions"}],"predecessor-version":[{"id":12498,"href":"https:\/\/veloclubrochefort.be\/index.php\/wp-json\/wp\/v2\/pages\/1974\/revisions\/12498"}],"wp:attachment":[{"href":"https:\/\/veloclubrochefort.be\/index.php\/wp-json\/wp\/v2\/media?parent=1974"}],"curies":[{"name":"wp","href":"https:\/\/api.w.org\/{rel}","templated":true}]}}