{"id":1972,"date":"2024-03-21T13:19:48","date_gmt":"2024-03-21T12:19:48","guid":{"rendered":"http:\/\/velo.cwb.ovh\/?page_id=1972"},"modified":"2026-04-14T13:26:08","modified_gmt":"2026-04-14T11:26:08","slug":"sorties-mai-2023","status":"publish","type":"page","link":"https:\/\/veloclubrochefort.be\/index.php\/sorties-mai-2023\/","title":{"rendered":"Sorties Mai"},"content":{"rendered":"<p>[et_pb_section fb_built=\u00a0\u00bb1&Prime; admin_label=\u00a0\u00bbHeader\u00a0\u00bb _builder_version=\u00a0\u00bb4.24.2&Prime; _module_preset=\u00a0\u00bbdefault\u00a0\u00bb background_image=\u00a0\u00bbhttp:\/\/velo.cwb.ovh\/wp-content\/uploads\/2024\/03\/fond-banner.png\u00a0\u00bb background_position=\u00a0\u00bbtop_center\u00a0\u00bb custom_padding=\u00a0\u00bb1.5px||1.5px||false|false\u00a0\u00bb locked=\u00a0\u00bboff\u00a0\u00bb collapsed=\u00a0\u00bbon\u00a0\u00bb global_colors_info=\u00a0\u00bb{}\u00a0\u00bb][et_pb_row _builder_version=\u00a0\u00bb4.24.2&Prime; _module_preset=\u00a0\u00bbdefault\u00a0\u00bb global_colors_info=\u00a0\u00bb{}\u00a0\u00bb][et_pb_column type=\u00a0\u00bb4_4&Prime; _builder_version=\u00a0\u00bb4.24.2&Prime; _module_preset=\u00a0\u00bbdefault\u00a0\u00bb global_colors_info=\u00a0\u00bb{}\u00a0\u00bb][et_pb_divider show_divider=\u00a0\u00bboff\u00a0\u00bb _builder_version=\u00a0\u00bb4.24.2&Prime; _module_preset=\u00a0\u00bbdefault\u00a0\u00bb global_colors_info=\u00a0\u00bb{}\u00a0\u00bb][\/et_pb_divider][\/et_pb_column][\/et_pb_row][\/et_pb_section][et_pb_section fb_built=\u00a0\u00bb1&Prime; admin_label=\u00a0\u00bbMission\u00a0\u00bb _builder_version=\u00a0\u00bb4.24.2&Prime; _module_preset=\u00a0\u00bbdefault\u00a0\u00bb min_height=\u00a0\u00bb100px\u00a0\u00bb custom_margin=\u00a0\u00bb-0.1%||||false|false\u00a0\u00bb custom_padding=\u00a0\u00bb0px||28px||false|false\u00a0\u00bb locked=\u00a0\u00bboff\u00a0\u00bb collapsed=\u00a0\u00bbon\u00a0\u00bb global_colors_info=\u00a0\u00bb{}\u00a0\u00bb][et_pb_row _builder_version=\u00a0\u00bb4.24.2&Prime; _module_preset=\u00a0\u00bbdefault\u00a0\u00bb locked=\u00a0\u00bboff\u00a0\u00bb global_colors_info=\u00a0\u00bb{}\u00a0\u00bb][et_pb_column type=\u00a0\u00bb4_4&Prime; _builder_version=\u00a0\u00bb4.24.2&Prime; _module_preset=\u00a0\u00bbdefault\u00a0\u00bb global_colors_info=\u00a0\u00bb{}\u00a0\u00bb][et_pb_text _builder_version=\u00a0\u00bb4.24.2&Prime; _module_preset=\u00a0\u00bbdefault\u00a0\u00bb text_font=\u00a0\u00bb||||on||||\u00a0\u00bb global_colors_info=\u00a0\u00bb{}\u00a0\u00bb]<a title=\"Programme sorties club printemps-\u00e9t\u00e9\" href=\"http:\/\/veloclubrochefort.be\/uploads\/file\/programme%20route%20vcr%20Site.pdf\" target=\"_blank\" rel=\"noopener\">T\u00e9l\u00e9chargement du programme club des sorties routes et cyclos printemps-\u00e9t\u00e9<\/a><span><\/span><br \/>\n<a title=\"Calendrier FFBC\" href=\"https:\/\/www.velo-liberte.be\/calendrier\/\/\" target=\"_blank\" rel=\"noopener\">Lien vers le calendrier FFBC<\/a>[\/et_pb_text][\/et_pb_column][\/et_pb_row][et_pb_row admin_label=\u00a0\u00bbLigne\u00a0\u00bb _builder_version=\u00a0\u00bb4.24.2&Prime; _module_preset=\u00a0\u00bbdefault\u00a0\u00bb custom_margin=\u00a0\u00bb0%||0%||false|false\u00a0\u00bb custom_padding=\u00a0\u00bb1.4%||0.4%||false|false\u00a0\u00bb locked=\u00a0\u00bboff\u00a0\u00bb global_colors_info=\u00a0\u00bb{}\u00a0\u00bb][et_pb_column type=\u00a0\u00bb4_4&Prime; _builder_version=\u00a0\u00bb4.24.2&Prime; _module_preset=\u00a0\u00bbdefault\u00a0\u00bb global_colors_info=\u00a0\u00bb{}\u00a0\u00bb][et_pb_text _builder_version=\u00a0\u00bb4.24.2&Prime; _module_preset=\u00a0\u00bb7a9cd4c2-c14d-4269-9615-969e8a68493a\u00a0\u00bb text_font=\u00a0\u00bb|||on|||||\u00a0\u00bb text_text_color=\u00a0\u00bbgcid-d5e9010f-34b8-49e9-afee-48227f944f94&Prime; text_font_size=\u00a0\u00bb22px\u00a0\u00bb text_letter_spacing=\u00a0\u00bb1px\u00a0\u00bb text_line_height=\u00a0\u00bb1.8em\u00a0\u00bb header_line_height=\u00a0\u00bb1.5em\u00a0\u00bb custom_margin=\u00a0\u00bb||20px||false|false\u00a0\u00bb custom_padding=\u00a0\u00bb||0px|||\u00a0\u00bb hover_enabled=\u00a0\u00bb0&Prime; text_font_size_tablet=\u00a0\u00bb17px\u00a0\u00bb text_font_size_phone=\u00a0\u00bb13px\u00a0\u00bb text_font_size_last_edited=\u00a0\u00bbon|tablet\u00a0\u00bb header_font_size_tablet=\u00a0\u00bb\u00a0\u00bb header_font_size_phone=\u00a0\u00bb31px\u00a0\u00bb header_font_size_last_edited=\u00a0\u00bbon|phone\u00a0\u00bb locked=\u00a0\u00bboff\u00a0\u00bb global_colors_info=\u00a0\u00bb{%22gcid-d5e9010f-34b8-49e9-afee-48227f944f94%22:%91%22text_text_color%22%93}\u00a0\u00bb sticky_enabled=\u00a0\u00bb0&Prime;]<\/p>\n<h1>Sorties mAI<\/h1>\n<div id=\"content\">\n<div class=\"post\">\n<div id=\"featured-content-alllarge\">\n<div id=\"column1\">\n<blockquote><p><strong><em>Le programme printemps-\u00e9t\u00e9 2026 sera publi\u00e9 apr\u00e8s La Magnifique organis\u00e9e le 25 avril.<\/em><\/strong><\/p><\/blockquote>\n<\/div>\n<\/div>\n<\/div>\n<\/div>\n<p>[\/et_pb_text][\/et_pb_column][\/et_pb_row][et_pb_row custom_padding_last_edited=\u00a0\u00bbon|tablet\u00a0\u00bb _builder_version=\u00a0\u00bb4.24.2&Prime; _module_preset=\u00a0\u00bbdefault\u00a0\u00bb background_color=\u00a0\u00bbgcid-1a99ec8a-6212-4403-98b3-a3da5117e3eb\u00a0\u00bb min_height=\u00a0\u00bb100px\u00a0\u00bb custom_margin=\u00a0\u00bb0.1%|auto||auto|false|false\u00a0\u00bb custom_margin_tablet=\u00a0\u00bb70px||||false|false\u00a0\u00bb custom_margin_phone=\u00a0\u00bb50px||||false|false\u00a0\u00bb custom_margin_last_edited=\u00a0\u00bboff|desktop\u00a0\u00bb custom_padding=\u00a0\u00bb30px|30px|30px|30px|true|true\u00a0\u00bb custom_padding_tablet=\u00a0\u00bb30px|30px|30px|30px|true|true\u00a0\u00bb custom_padding_phone=\u00a0\u00bb29px|20px|29px|20px|true|true\u00a0\u00bb locked=\u00a0\u00bboff\u00a0\u00bb global_colors_info=\u00a0\u00bb{%22gcid-1a99ec8a-6212-4403-98b3-a3da5117e3eb%22:%91%22background_color%22%93}\u00a0\u00bb][et_pb_column type=\u00a0\u00bb4_4&Prime; _builder_version=\u00a0\u00bb4.22.0&Prime; _module_preset=\u00a0\u00bbdefault\u00a0\u00bb global_colors_info=\u00a0\u00bb{}\u00a0\u00bb][et_pb_text _builder_version=\u00a0\u00bb4.24.2&Prime; _module_preset=\u00a0\u00bb6836b1b7-a879-4467-b47e-c610ae759712&Prime; custom_margin=\u00a0\u00bb||-7px|||\u00a0\u00bb global_colors_info=\u00a0\u00bb{}\u00a0\u00bb]<\/p>\n<div id=\"page\">\n<div id=\"content\">\n<div class=\"post\">\n<div id=\"page\">\n<div id=\"content\">\n<div class=\"post\">\n<div id=\"page\">\n<div id=\"content\">\n<div class=\"post\">\n<div id=\"page\">\n<div id=\"content\">\n<div class=\"post\">\n<p>\u00a0<img loading=\"lazy\" decoding=\"async\" src=\"http:\/\/veloclubrochefort.be\/uploads\/images\/Articles2020\/Season%203%20res.jpg\" alt=\"\" width=\"448\" height=\"143\" \/>\u00a0<a href=\"https:\/\/www.openrunner.com\/\" target=\"_blank\" rel=\"noopener\"><img loading=\"lazy\" decoding=\"async\" src=\"http:\/\/veloclubrochefort.be\/uploads\/images\/LM2020\/OpenRunner.jpg\" alt=\"\" width=\"140\" height=\"43\" \/><\/a><\/p>\n<h4><span style=\"text-decoration: underline;\"><strong>Sorties routes et cyclos :<\/strong><\/span><\/h4>\n<table width=\"898\" border=\"1\" cellspacing=\"0\" cellpadding=\"0\" style=\"width: 885px;\">\n<tbody>\n<tr>\n<td valign=\"top\" style=\"width: 80px;\">\n<p align=\"center\"><strong><em>Dates<\/em><\/strong><\/p>\n<\/td>\n<td valign=\"top\" style=\"width: 351px;\">\n<p align=\"center\"><strong><em>Itin\u00e9raires du mois de mai.<\/em><\/strong><\/p>\n<p align=\"center\"><em>D\u00e9part et arriv\u00e9e au Pont de pierres.<\/em><\/p>\n<\/td>\n<td valign=\"top\" style=\"width: 70px;\">\n<p align=\"center\"><strong><em>Heures<\/em><\/strong><\/p>\n<p align=\"center\"><strong><em>d\u00e9part<\/em><\/strong><\/p>\n<\/td>\n<td valign=\"top\" style=\"width: 60px;\">\n<p align=\"center\"><strong><em>Dist.<\/em><\/strong><\/p>\n<p align=\"center\"><strong><em>(km)<\/em><\/strong><\/p>\n<\/td>\n<td valign=\"top\" style=\"width: 60px;\">\n<p align=\"center\"><strong><em>D\u00e9niv.<\/em><\/strong><\/p>\n<p align=\"center\"><strong><em>(m)<\/em><\/strong><\/p>\n<\/td>\n<td valign=\"top\" style=\"width: 264px;\">\n<p align=\"center\"><strong><em>Lien carte et GPS<\/em><\/strong><\/p>\n<p align=\"center\">\u00a0<a href=\"https:\/\/www.openrunner.com\/\" target=\"_blank\" rel=\"noopener\"><img loading=\"lazy\" decoding=\"async\" src=\"http:\/\/veloclubrochefort.be\/uploads\/images\/Articles2020\/OpenRunner.jpg\" alt=\"\" width=\"120\" height=\"40\" \/><\/a><\/p>\n<\/td>\n<\/tr>\n<tr>\n<td valign=\"top\" style=\"width: 80px;\">\n<p align=\"center\">Jeudi<\/p>\n<p align=\"center\">01\/05\/25<\/p>\n<\/td>\n<td valign=\"top\" style=\"width: 351px;\">\n<p align=\"center\">Rochefort \u2013 Jemelle \u2013 Fays \u2013 Rabanisse &#8211; Les Beyolettes \u2013 Forri\u00e8res \u2013 Rue de Lesterny \u2013 Rue du Point d\u2019Arr\u00eat \u2013 Masbourg \u2013 Awenne \u2013 Fourneau Saint-Michel \u2013 Forri\u00e8res \u2013 Ancienne Route de Marche \u2013 Ambly &#8211; \u00a0Chemin de Rovy \u2013 N896 \u2013 Hargimont \u2013 Gerny \u2013 Aye &#8211; Humain \u2013 Chemin Saint-Remy \u2013 Rue de Banneux &#8211; \u00a0Rochefort<em><\/em><\/p>\n<\/td>\n<td valign=\"top\" style=\"width: 70px;\">\n<p align=\"center\">09h30<\/p>\n<\/td>\n<td valign=\"top\" style=\"width: 60px;\">\n<p align=\"center\">64<\/p>\n<\/td>\n<td valign=\"top\" style=\"width: 60px;\">\n<p align=\"center\">995<\/p>\n<\/td>\n<td valign=\"top\" style=\"width: 264px;\">\n<p align=\"center\"><span>VCREPFE002<\/span><\/p>\n<p align=\"center\"><a href=\"http:\/\/www.openrunner.com\/r\/16343203\">www.openrunner.com\/r\/16343203<\/a><\/p>\n<\/td>\n<\/tr>\n<tr>\n<td valign=\"top\" style=\"width: 80px;\">\n<p align=\"center\">Samedi<\/p>\n<p align=\"center\">03\/05\/25<\/p>\n<\/td>\n<td valign=\"top\" style=\"width: 351px;\">\n<p align=\"center\">Rochefort \u2013 Eprave &#8211; Han-sur-Lesse \u2013 Ave et Auffe &#8211; Wellin &#8211; Lomprez \u2013 Barzin \u2013 Rue de Lomprez\/Rue Haute &#8211; Fays Famenne &#8211; N 835 &#8211; Gembes &#8211; Graide &#8211; Porcheresse &#8211; Daverdisse &#8211; Neupont &#8211; Halma &#8211; Chanly \u2013 Route de la Falloise &#8211; Resteigne \u2013 Belvaux \u2013 Rue du Gouffre \u2013 Vers Bure &#8211; Lesterny \u2013 Rue du Point d\u2019Arr\u00eat &#8211; Forri\u00e8res &#8211; Wavreille \u2013 Hamerenne &#8211; Rochefort<em><\/em><\/p>\n<\/td>\n<td valign=\"top\" style=\"width: 70px;\">\n<p align=\"center\">13h30<\/p>\n<\/td>\n<td valign=\"top\" style=\"width: 60px;\">\n<p align=\"center\">80<\/p>\n<\/td>\n<td valign=\"top\" style=\"width: 60px;\">\n<p align=\"center\">1158<\/p>\n<\/td>\n<td valign=\"top\" style=\"width: 264px;\">\n<p align=\"center\"><span>VCREPSA010<\/span><\/p>\n<p align=\"center\"><a href=\"https:\/\/www.openrunner.com\/r\/10905909\">www.openrunner.com\/r\/10905909<\/a><\/p>\n<\/td>\n<\/tr>\n<tr>\n<td valign=\"top\" style=\"width: 80px;\">\n<p align=\"center\">Dimanche<\/p>\n<p align=\"center\">04\/05\/25<\/p>\n<\/td>\n<td valign=\"top\" style=\"width: 351px;\">\n<p align=\"center\">Rochefort \u2013 Ravel vers Jemelle \u2013 Gare de Rochefort-Jemelle \u2013 On \u2013 Gerny &#8211;\u00a0 Marloie \u2013 Vieille route de Marloie \u2013 Marche-en-Famenne \u2013 Avenue du Monument \u2013 Chauss\u00e9e de Marenne \u2013 Verdenne \u2013 Marenne \u2013 Menil Favay \u2013 Hampteau \u2013 Hotton \u2013 Melreux \u2013 Monville \u2013 Fronville \u2013 Deulin \u2013 Noiseux \u2013 Baillonville \u2013 Waillet \u2013 Aye \u2013 Humain \u2013 N836 \u2013 Rue du Gerny &#8211; Jemelle &#8211; Rochefort<em><\/em><\/p>\n<\/td>\n<td valign=\"top\" style=\"width: 70px;\">\n<p align=\"center\">09h30<\/p>\n<\/td>\n<td valign=\"top\" style=\"width: 60px;\">\n<p align=\"center\">61<\/p>\n<\/td>\n<td valign=\"top\" style=\"width: 60px;\">\n<p align=\"center\">\u00a0758<\/p>\n<p><em>\u00a0<\/em><\/p>\n<\/td>\n<td valign=\"top\" style=\"width: 264px;\">\n<p align=\"center\"><span>VCREPDI010<\/span><\/p>\n<p align=\"center\"><a href=\"http:\/\/www.openrunner.com\/r\/13040464\">www.openrunner.com\/r\/13040464<\/a><\/p>\n<\/td>\n<\/tr>\n<tr>\n<td valign=\"top\" width=\"76\" style=\"width: 80px;\">\n<p align=\"center\">Mercredi<\/p>\n<p align=\"center\">07\/05\/25<\/p>\n<\/td>\n<td valign=\"top\" width=\"340\" style=\"width: 351px;\">\n<p align=\"center\">Rochefort \u2013 Jemelle \u2013 Forri\u00e8res \u2013 Lesterny \u2013 Grupont \u2013 Ry de Belle Rose \u2013 Arville \u2013 Poix Saint Hubert \u2013 Smuid \u2013 Barri\u00e8re de Transinne \u2013 Tellin \u2013 Wavreille \u2013 Hamerenne \u2013 Rochefort<\/p>\n<\/td>\n<td valign=\"top\" width=\"66\" style=\"width: 70px;\">\n<p align=\"center\">16h30<\/p>\n<p align=\"center\">\n<\/td>\n<td valign=\"top\" width=\"57\" style=\"width: 60px;\">\n<p align=\"center\">56<\/p>\n<\/td>\n<td valign=\"top\" width=\"57\" style=\"width: 60px;\">\n<p align=\"center\">896<\/p>\n<\/td>\n<td valign=\"top\" width=\"123\" style=\"width: 264px;\">\n<p align=\"center\"><span>VCREPDI011<\/span><\/p>\n<p align=\"center\"><a href=\"https:\/\/www.openrunner.com\/r\/10905855\">www.openrunner.com\/r\/10905855<\/a><\/p>\n<\/td>\n<\/tr>\n<tr>\n<td valign=\"top\" width=\"76\" style=\"width: 80px;\">\n<p align=\"center\">Samedi<\/p>\n<p align=\"center\">10\/05\/25<\/p>\n<\/td>\n<td valign=\"top\" width=\"340\" style=\"width: 351px;\">\n<p align=\"center\">Rochefort \u2013 Tige \u2013 Eprave \u2013 Lessive \u2013 Genimont \u2013 Lavaux-St-Anne \u2013 Froidlieu \u2013 Pondr\u00f4me \u2013 Wancenne \u2013 N981\/Vers Javingue \u2013 C\u00f4te de Sevry \u2013 Vencimont \u2013 Sart-Custinne \u2013 Patignies \u2013 Gribelle \u2013 Gedinne \u2013 Station \u2013 Haut-Fays \u2013 Lomprez \u2013 Vieille route\/Chauss\u00e9e romaine\/Rue Paul Dubois \u2013 Wellin \u2013 Sourd\u2019Ave \u2013 Han-sur-Lesse \u2013 Masures \u2013 Rochefort<\/p>\n<\/td>\n<td valign=\"top\" width=\"66\" style=\"width: 70px;\">\n<p align=\"center\">13h30<\/p>\n<\/td>\n<td valign=\"top\" width=\"57\" style=\"width: 60px;\">\n<p align=\"center\">79<\/p>\n<\/td>\n<td valign=\"top\" width=\"57\" style=\"width: 60px;\">\n<p align=\"center\">1064<\/p>\n<\/td>\n<td valign=\"top\" width=\"123\" style=\"width: 264px;\">\n<p align=\"center\"><span>VCREPSA011<\/span><\/p>\n<p align=\"center\"><a href=\"http:\/\/www.openrunner.com\/r\/10931882\">www.openrunner.com\/r\/10931882<\/a><span>\u00a0<\/span>\u00a0<\/p>\n<\/td>\n<\/tr>\n<tr>\n<td valign=\"top\" width=\"76\" style=\"width: 80px;\">\n<p align=\"center\">Dimanche<\/p>\n<p align=\"center\">11\/05\/25\u00a0<\/p>\n<\/td>\n<td valign=\"top\" width=\"340\" style=\"width: 351px;\">\n<p align=\"center\">Rochefort \u2013 Jemelle \u2013 Forri\u00e8res \u2013 Lesterny \u2013 Grupont \u2013 Ry de Belle Rose \u2013 Arville \u2013 Poix Saint Hubert \u2013 Smuid \u2013 Barri\u00e8re de Transinne \u2013 Tellin \u2013 Wavreille \u2013 Hamerenne \u2013 Rochefort<\/p>\n<\/td>\n<td valign=\"top\" width=\"66\" style=\"width: 70px;\">\n<p align=\"center\">09h30<\/p>\n<\/td>\n<td valign=\"top\" width=\"57\" style=\"width: 60px;\">\n<p align=\"center\">56<\/p>\n<\/td>\n<td valign=\"top\" width=\"57\" style=\"width: 60px;\">\n<p align=\"center\">896<\/p>\n<\/td>\n<td valign=\"top\" width=\"123\" style=\"width: 264px;\">\n<p align=\"center\"><span>VCREPDI011<\/span><\/p>\n<p align=\"center\"><a href=\"https:\/\/www.openrunner.com\/r\/10905855\">www.openrunner.com\/r\/10905855<\/a><\/p>\n<\/td>\n<\/tr>\n<tr>\n<td valign=\"top\" style=\"width: 80px;\">\n<p align=\"center\">Mercredi<\/p>\n<p align=\"center\">14\/05\/25<\/p>\n<\/td>\n<td valign=\"top\" style=\"width: 351px;\">\n<p align=\"center\">Pr\u00e9paration La Magnifique 2025<\/p>\n<\/td>\n<td valign=\"top\" style=\"width: 70px;\">\n<p align=\"center\">\n<\/td>\n<td valign=\"top\" style=\"width: 60px;\">\n<p align=\"center\">\n<\/td>\n<td valign=\"top\" style=\"width: 60px;\">\n<p align=\"center\">\n<\/td>\n<td valign=\"top\" style=\"width: 264px;\">\n<p align=\"center\">\n<\/td>\n<\/tr>\n<tr>\n<td valign=\"top\" style=\"width: 80px;\">\n<p align=\"center\">Vendredi<\/p>\n<p align=\"center\">16\/05\/25<\/p>\n<\/td>\n<td valign=\"top\" style=\"width: 351px;\">\n<p align=\"center\">Pr\u00e9paration La Magnifique 2025<\/p>\n<\/td>\n<td valign=\"top\" style=\"width: 70px;\">\n<p align=\"center\">\n<\/td>\n<td valign=\"top\" style=\"width: 60px;\">\n<p align=\"center\">\n<\/td>\n<td valign=\"top\" style=\"width: 60px;\">\n<p align=\"center\">\n<\/td>\n<td valign=\"top\" style=\"width: 264px;\">\n<p align=\"center\">\n<\/td>\n<\/tr>\n<tr>\n<td valign=\"top\" style=\"width: 80px;\">\n<p align=\"center\">Samedi<\/p>\n<p align=\"center\">17\/05\/25<\/p>\n<\/td>\n<td valign=\"top\" style=\"width: 351px;\">\n<p align=\"center\">La Magnifique 2025<\/p>\n<\/td>\n<td valign=\"top\" style=\"width: 70px;\">\n<p align=\"center\">\n<\/td>\n<td valign=\"top\" style=\"width: 60px;\">\n<p align=\"center\">\n<\/td>\n<td valign=\"top\" style=\"width: 60px;\">\n<p align=\"center\">\n<\/td>\n<td valign=\"top\" style=\"width: 264px;\">\n<p align=\"center\">\n<\/td>\n<\/tr>\n<tr>\n<td valign=\"top\" style=\"width: 80px;\">\n<p align=\"center\">Dimanche<\/p>\n<p align=\"center\">18\/05\/25<\/p>\n<\/td>\n<td valign=\"top\" style=\"width: 351px;\">\n<p align=\"center\">Sur les routes de La Magnifique<\/p>\n<\/td>\n<td valign=\"top\" style=\"width: 70px;\">\n<p align=\"center\">09h30<\/p>\n<\/td>\n<td valign=\"top\" style=\"width: 60px;\">\n<p align=\"center\">\n<\/td>\n<td valign=\"top\" style=\"width: 60px;\">\n<p align=\"center\">\n<\/td>\n<td valign=\"top\" style=\"width: 264px;\">\n<p align=\"center\">\n<\/td>\n<\/tr>\n<tr>\n<td valign=\"top\" style=\"width: 80px;\">\n<p align=\"center\">Mercredi<\/p>\n<p align=\"center\">21\/05\/25<\/p>\n<\/td>\n<td valign=\"top\" style=\"width: 351px;\">\n<p align=\"center\">Rochefort \u2013 N86\/Les Masures &#8211; Han-sur-Lesse \u2013 Ave-et-Auffe &#8211; Wellin &#8211; Lomprez \u2013 Scotton \u2013 Le Mont &#8211; Gembes &#8211; Porcheresse &#8211; Daverdisse &#8211; Neupont &#8211; Halma &#8211; Chanly &#8211; Resteigne &#8211; Tellin &#8211; Wavreille &#8211; Hamerenne &#8211;\u00a0 Rochefort<em><\/em><\/p>\n<\/td>\n<td valign=\"top\" style=\"width: 70px;\">\n<p align=\"center\">16h30<\/p>\n<p align=\"center\">\n<\/td>\n<td valign=\"top\" style=\"width: 60px;\">\n<p align=\"center\">64<\/p>\n<\/td>\n<td valign=\"top\" style=\"width: 60px;\">\n<p align=\"center\">803<\/p>\n<\/td>\n<td valign=\"top\" style=\"width: 264px;\">\n<p align=\"center\"><span>VCREPDI012<\/span><\/p>\n<p align=\"center\"><a href=\"https:\/\/www.openrunner.com\/r\/10905875\">www.openrunner.com\/r\/10905875<\/a><\/p>\n<\/td>\n<\/tr>\n<tr>\n<td valign=\"top\" style=\"width: 80px;\">\n<p align=\"center\">Samedi<\/p>\n<p align=\"center\">24\/05\/23<\/p>\n<\/td>\n<td valign=\"top\" style=\"width: 351px;\">\n<p align=\"center\">Rochefort \u2013 Gerny \u2013 Humain \u2013 Aye \u2013 Waillet \u2013 Baillonville \u2013 Noiseux \u2013 Grande Eneilles \u2013 Petite Eneilles \u2013 Au carrefour \u00e0 droite \u2013 Petite Somme \u2013\u00a0 Septon\u00a0 &#8211;\u00a0 Palenge \u2013 Borlon \u2013 Oneux &#8211; c\u00f4te de Tohogne \u2013 Au-dessus c\u00f4te \u00e0 droite \u2013 Le Vedeur \u2013 Durbuy &#8211;\u00a0 A droite vers Barri\u00e8re Petit Han \u2013 Melreux \u2013 Hotton \u2013 Cimeti\u00e8re Am\u00e9ricain \u2013 Mesnil Favay \u2013 Marenne \u2013 Verdenne \u2013 Champlon Famenne \u2013 Waha \u2013 Marloie \u2013 Hargimont \u2013 On \u2013 Jemelle \u2013 Rochefort<em><\/em><\/p>\n<\/td>\n<td valign=\"top\" style=\"width: 70px;\">\n<p align=\"center\">13h30<\/p>\n<\/td>\n<td valign=\"top\" style=\"width: 60px;\">\n<p align=\"center\">83<\/p>\n<p align=\"center\"><em>\u00a0<\/em><\/p>\n<\/td>\n<td valign=\"top\" style=\"width: 60px;\">\n<p align=\"center\">\u00a0969<\/p>\n<p align=\"center\">\n<\/td>\n<td valign=\"top\" style=\"width: 264px;\">\n<p align=\"center\"><span>VCREPSA012<\/span><\/p>\n<p align=\"center\"><a href=\"https:\/\/www.openrunner.com\/r\/10905928\">www.openrunner.com\/r\/10905928<\/a><\/p>\n<\/td>\n<\/tr>\n<tr>\n<td valign=\"top\" style=\"width: 80px;\">\n<p align=\"center\">Dimanche<\/p>\n<p align=\"center\">25\/05\/25<\/p>\n<\/td>\n<td valign=\"top\" style=\"width: 351px;\">\n<p align=\"center\">Rochefort \u2013 N86\/Les Masures &#8211; Han-sur-Lesse \u2013 Ave-et-Auffe &#8211; Wellin &#8211; Lomprez \u2013 Scotton \u2013 Le Mont &#8211; Gembes &#8211; Porcheresse &#8211; Daverdisse &#8211; Neupont &#8211; Halma &#8211; Chanly &#8211; Resteigne &#8211; Tellin &#8211; Wavreille &#8211; Hamerenne &#8211;\u00a0 Rochefort<em><\/em><\/p>\n<\/td>\n<td valign=\"top\" style=\"width: 70px;\">\n<p align=\"center\">09h30<\/p>\n<\/td>\n<td valign=\"top\" style=\"width: 60px;\">\n<p align=\"center\">64<\/p>\n<\/td>\n<td valign=\"top\" style=\"width: 60px;\">\n<p align=\"center\">803<\/p>\n<\/td>\n<td valign=\"top\" style=\"width: 264px;\">\n<p align=\"center\"><span>VCREPDI012<\/span><\/p>\n<p align=\"center\"><a href=\"https:\/\/www.openrunner.com\/r\/10905875\">www.openrunner.com\/r\/10905875<\/a><\/p>\n<\/td>\n<\/tr>\n<tr>\n<td valign=\"top\" style=\"width: 80px;\">\n<p align=\"center\">Mercredi<\/p>\n<p align=\"center\">28\/05\/25<\/p>\n<\/td>\n<td valign=\"top\" style=\"width: 351px;\">\n<p align=\"center\">Rochefort \u2013 Hamerenne \u2013 Wavreille \u2013 Forri\u00e8res \u2013 Masbourg \u2013 Fourneau-St-Michel \u2013 Saint-Hubert \u2013 N803 \u2013 Grupont \u2013 Bure \u2013 Coll\u00e8ge d\u2019Alzon \u2013 Belvaux \u2013 Ave \u2013 Lessive \u2013 Eprave \u2013 Beau-S\u00e9jour \u2013 N86 &#8211; Rochefort<em><\/em><\/p>\n<\/td>\n<td valign=\"top\" style=\"width: 70px;\">\n<p align=\"center\">18h00<\/p>\n<p align=\"center\">\n<\/td>\n<td valign=\"top\" style=\"width: 60px;\">\n<p align=\"center\">58<\/p>\n<\/td>\n<td valign=\"top\" style=\"width: 60px;\">\n<p align=\"center\">877<\/p>\n<\/td>\n<td valign=\"top\" style=\"width: 264px;\">\n<p align=\"center\"><span>VCREPDI013<\/span><\/p>\n<p align=\"center\"><a href=\"https:\/\/www.openrunner.com\/r\/10905882\">www.openrunner.com\/r\/10905882<\/a><\/p>\n<\/td>\n<\/tr>\n<tr>\n<td valign=\"top\" width=\"76\" style=\"width: 80px;\">\n<p align=\"center\">Jeudi<\/p>\n<p align=\"center\">29\/05\/25<\/p>\n<\/td>\n<td valign=\"top\" width=\"340\" style=\"width: 351px;\">\n<p align=\"center\">Rochefort \u2013 Eprave \u2013 Han-sur-Lesse \u2013 Belvaux \u2013 Rue de Bure \u2013 Rue du Carillon \u2013 Tellin \u2013 Les Alwins\/Les Cr\u00eates \u2013 Barri\u00e8re de Transinne \u2013 Transinne \u2013 Villance \u2013 Glaireuse \u2013 Anloy \u2013 Vieille voie \u2013 N40 \u2013 Descente Les Bolettes \u2013 Hatrival \u2013 Saint-Hubert \u2013 Fourneau Saint-Michel \u2013 Masbourg \u2013 Forri\u00e8res \u2013 Jemelle \u2013 Rochefort<\/p>\n<\/td>\n<td valign=\"top\" width=\"66\" style=\"width: 70px;\">\n<p align=\"center\">09h30<\/p>\n<\/td>\n<td valign=\"top\" width=\"57\" style=\"width: 60px;\">\n<p align=\"center\">77<\/p>\n<\/td>\n<td valign=\"top\" width=\"57\" style=\"width: 60px;\">\n<p align=\"center\">1375<\/p>\n<\/td>\n<td valign=\"top\" width=\"123\" style=\"width: 264px;\">\n<p align=\"center\"><span>VCREPFE003<\/span><\/p>\n<p align=\"center\"><a href=\"https:\/\/www.openrunner.com\/r\/10907187\">www.openrunner.com\/r\/10907187<\/a><\/p>\n<\/td>\n<\/tr>\n<\/tbody>\n<\/table>\n<div>(*)\u00a0\u00a0\u00a0\u00a0\u00a0\u00a0\u00a0\u00a0\u00a0 les membres int\u00e9ress\u00e9-e-s se coordonnent; les modalit\u00e9s de d\u00e9placement sont \u00e0 d\u00e9terminer entre les participant-e-s (horaires et covoiturage)<\/div>\n<h4><span style=\"text-decoration: underline;\"><strong><\/strong><\/span><\/h4>\n<p><span style=\"text-decoration: underline;\"><\/span><\/p>\n<h4><span style=\"text-decoration: underline;\"><strong><\/strong><\/span><\/h4>\n<h4><span style=\"text-decoration: underline;\"><strong><\/strong><\/span><\/h4>\n<h4><span style=\"text-decoration: underline;\"><strong>Sorties Gravel \/ VTT et randos :<\/strong><\/span><\/h4>\n<table width=\"898\" border=\"1\" cellspacing=\"0\" cellpadding=\"0\">\n<tbody>\n<tr>\n<td valign=\"top\" width=\"898\">\n<p align=\"center\">\u00a0 Selon suggestions et initiatives au fil de la saison ; les membres int\u00e9ress\u00e9-e-s se coordonnent.<\/p>\n<\/td>\n<\/tr>\n<\/tbody>\n<\/table>\n<p><em>\u00a0<\/em><\/p>\n<p><em><a href=\"https:\/\/www.openrunner.com\/\" target=\"_blank\" rel=\"noopener\">Retrouvez les cartes et traces GPS de ces parcours sur OpenRunner \u2013 V\u00e9lo Club Rochefort\u00a0:<\/a><\/em><\/p>\n<p><em><a href=\"https:\/\/www.openrunner.com\/\" target=\"_blank\" rel=\"noopener\"><img loading=\"lazy\" decoding=\"async\" src=\"http:\/\/veloclubrochefort.be\/uploads\/images\/LM2020\/OpenRunner.jpg\" alt=\"\" width=\"140\" height=\"43\" \/><\/a><\/em><\/p>\n<p><em>\u00a0<\/em><\/p>\n<p><img loading=\"lazy\" decoding=\"async\" src=\"http:\/\/veloclubrochefort.be\/uploads\/images\/partenaire\/Mustres.jpg\" alt=\"\" width=\"640\" height=\"185\" \/><\/p>\n<\/div>\n<\/div>\n<\/div>\n<\/div>\n<\/div>\n<\/div>\n<\/div>\n<\/div>\n<\/div>\n<div style=\"clear: both;\"><\/div>\n<\/div>\n<\/div>\n<\/div>\n<p>[\/et_pb_text][\/et_pb_column][\/et_pb_row][\/et_pb_section]<\/p>\n","protected":false},"excerpt":{"rendered":"<p>T\u00e9l\u00e9chargement du programme club des sorties routes et cyclos printemps-\u00e9t\u00e9 Lien vers le calendrier FFBCSorties mAI Le programme printemps-\u00e9t\u00e9 2026 sera publi\u00e9 apr\u00e8s La Magnifique organis\u00e9e le 25 avril. \u00a0\u00a0 Sorties routes et cyclos : Dates Itin\u00e9raires du mois de mai. D\u00e9part et arriv\u00e9e au Pont de pierres. Heures d\u00e9part Dist. (km) D\u00e9niv. (m) Lien [&hellip;]<\/p>\n","protected":false},"author":1,"featured_media":0,"parent":0,"menu_order":0,"comment_status":"closed","ping_status":"closed","template":"","meta":{"_et_pb_use_builder":"on","_et_pb_old_content":"","_et_gb_content_width":"","_monsterinsights_skip_tracking":false,"_monsterinsights_sitenote_active":false,"_monsterinsights_sitenote_note":"","_monsterinsights_sitenote_category":0,"footnotes":""},"class_list":["post-1972","page","type-page","status-publish","hentry"],"_links":{"self":[{"href":"https:\/\/veloclubrochefort.be\/index.php\/wp-json\/wp\/v2\/pages\/1972","targetHints":{"allow":["GET"]}}],"collection":[{"href":"https:\/\/veloclubrochefort.be\/index.php\/wp-json\/wp\/v2\/pages"}],"about":[{"href":"https:\/\/veloclubrochefort.be\/index.php\/wp-json\/wp\/v2\/types\/page"}],"author":[{"embeddable":true,"href":"https:\/\/veloclubrochefort.be\/index.php\/wp-json\/wp\/v2\/users\/1"}],"replies":[{"embeddable":true,"href":"https:\/\/veloclubrochefort.be\/index.php\/wp-json\/wp\/v2\/comments?post=1972"}],"version-history":[{"count":14,"href":"https:\/\/veloclubrochefort.be\/index.php\/wp-json\/wp\/v2\/pages\/1972\/revisions"}],"predecessor-version":[{"id":12499,"href":"https:\/\/veloclubrochefort.be\/index.php\/wp-json\/wp\/v2\/pages\/1972\/revisions\/12499"}],"wp:attachment":[{"href":"https:\/\/veloclubrochefort.be\/index.php\/wp-json\/wp\/v2\/media?parent=1972"}],"curies":[{"name":"wp","href":"https:\/\/api.w.org\/{rel}","templated":true}]}}