{"id":1958,"date":"2024-03-21T12:20:11","date_gmt":"2024-03-21T11:20:11","guid":{"rendered":"http:\/\/velo.cwb.ovh\/?page_id=1958"},"modified":"2024-04-05T15:55:57","modified_gmt":"2024-04-05T13:55:57","slug":"velodrome","status":"publish","type":"page","link":"https:\/\/veloclubrochefort.be\/index.php\/velodrome\/","title":{"rendered":"V\u00e9lodrome"},"content":{"rendered":"<p>[et_pb_section fb_built=\u00a0\u00bb1&Prime; admin_label=\u00a0\u00bbHeader\u00a0\u00bb _builder_version=\u00a0\u00bb4.24.2&Prime; _module_preset=\u00a0\u00bbdefault\u00a0\u00bb background_image=\u00a0\u00bbhttp:\/\/velo.cwb.ovh\/wp-content\/uploads\/2024\/03\/fond-banner.png\u00a0\u00bb background_position=\u00a0\u00bbtop_center\u00a0\u00bb custom_padding=\u00a0\u00bb1.5px||1.5px||false|false\u00a0\u00bb locked=\u00a0\u00bboff\u00a0\u00bb collapsed=\u00a0\u00bbon\u00a0\u00bb global_colors_info=\u00a0\u00bb{}\u00a0\u00bb][et_pb_row _builder_version=\u00a0\u00bb4.24.2&Prime; _module_preset=\u00a0\u00bbdefault\u00a0\u00bb global_colors_info=\u00a0\u00bb{}\u00a0\u00bb][et_pb_column type=\u00a0\u00bb4_4&Prime; _builder_version=\u00a0\u00bb4.24.2&Prime; _module_preset=\u00a0\u00bbdefault\u00a0\u00bb global_colors_info=\u00a0\u00bb{}\u00a0\u00bb][et_pb_divider show_divider=\u00a0\u00bboff\u00a0\u00bb _builder_version=\u00a0\u00bb4.24.2&Prime; _module_preset=\u00a0\u00bbdefault\u00a0\u00bb global_colors_info=\u00a0\u00bb{}\u00a0\u00bb][\/et_pb_divider][\/et_pb_column][\/et_pb_row][\/et_pb_section][et_pb_section fb_built=\u00a0\u00bb1&Prime; admin_label=\u00a0\u00bbMission\u00a0\u00bb _builder_version=\u00a0\u00bb4.24.2&Prime; _module_preset=\u00a0\u00bbdefault\u00a0\u00bb min_height=\u00a0\u00bb100px\u00a0\u00bb custom_margin=\u00a0\u00bb-0.1%||||false|false\u00a0\u00bb custom_padding=\u00a0\u00bb0px||28px||false|false\u00a0\u00bb locked=\u00a0\u00bboff\u00a0\u00bb collapsed=\u00a0\u00bbon\u00a0\u00bb global_colors_info=\u00a0\u00bb{}\u00a0\u00bb][et_pb_row admin_label=\u00a0\u00bbLigne\u00a0\u00bb _builder_version=\u00a0\u00bb4.24.2&Prime; _module_preset=\u00a0\u00bbdefault\u00a0\u00bb custom_margin=\u00a0\u00bb0%||0%||false|false\u00a0\u00bb custom_padding=\u00a0\u00bb1.4%||0.4%||false|false\u00a0\u00bb locked=\u00a0\u00bboff\u00a0\u00bb global_colors_info=\u00a0\u00bb{}\u00a0\u00bb][et_pb_column type=\u00a0\u00bb4_4&Prime; _builder_version=\u00a0\u00bb4.24.2&Prime; _module_preset=\u00a0\u00bbdefault\u00a0\u00bb global_colors_info=\u00a0\u00bb{}\u00a0\u00bb][et_pb_text _builder_version=\u00a0\u00bb4.24.2&Prime; _module_preset=\u00a0\u00bb7a9cd4c2-c14d-4269-9615-969e8a68493a\u00a0\u00bb text_font=\u00a0\u00bb|||on|||||\u00a0\u00bb text_text_color=\u00a0\u00bbgcid-d5e9010f-34b8-49e9-afee-48227f944f94&Prime; text_font_size=\u00a0\u00bb22px\u00a0\u00bb text_letter_spacing=\u00a0\u00bb1px\u00a0\u00bb text_line_height=\u00a0\u00bb1.8em\u00a0\u00bb header_line_height=\u00a0\u00bb1.5em\u00a0\u00bb custom_margin=\u00a0\u00bb||20px||false|false\u00a0\u00bb custom_padding=\u00a0\u00bb||0px|||\u00a0\u00bb text_font_size_tablet=\u00a0\u00bb17px\u00a0\u00bb text_font_size_phone=\u00a0\u00bb13px\u00a0\u00bb text_font_size_last_edited=\u00a0\u00bbon|tablet\u00a0\u00bb header_font_size_tablet=\u00a0\u00bb\u00a0\u00bb header_font_size_phone=\u00a0\u00bb31px\u00a0\u00bb header_font_size_last_edited=\u00a0\u00bbon|phone\u00a0\u00bb locked=\u00a0\u00bboff\u00a0\u00bb global_colors_info=\u00a0\u00bb{%22gcid-d5e9010f-34b8-49e9-afee-48227f944f94%22:%91%22text_text_color%22%93}\u00a0\u00bb]<\/p>\n<h1>Le V\u00e9lodrome de Rochefort-Jemelle<\/h1>\n<p>[\/et_pb_text][\/et_pb_column][\/et_pb_row][et_pb_row custom_padding_last_edited=\u00a0\u00bbon|tablet\u00a0\u00bb _builder_version=\u00a0\u00bb4.24.2&Prime; _module_preset=\u00a0\u00bbdefault\u00a0\u00bb background_color=\u00a0\u00bbgcid-1a99ec8a-6212-4403-98b3-a3da5117e3eb\u00a0\u00bb min_height=\u00a0\u00bb100px\u00a0\u00bb custom_margin=\u00a0\u00bb0.1%|auto||auto|false|false\u00a0\u00bb custom_margin_tablet=\u00a0\u00bb70px||||false|false\u00a0\u00bb custom_margin_phone=\u00a0\u00bb50px||||false|false\u00a0\u00bb custom_margin_last_edited=\u00a0\u00bboff|desktop\u00a0\u00bb custom_padding=\u00a0\u00bb30px|30px|30px|30px|true|true\u00a0\u00bb custom_padding_tablet=\u00a0\u00bb30px|30px|30px|30px|true|true\u00a0\u00bb custom_padding_phone=\u00a0\u00bb29px|20px|29px|20px|true|true\u00a0\u00bb locked=\u00a0\u00bboff\u00a0\u00bb global_colors_info=\u00a0\u00bb{%22gcid-1a99ec8a-6212-4403-98b3-a3da5117e3eb%22:%91%22background_color%22%93}\u00a0\u00bb][et_pb_column type=\u00a0\u00bb4_4&Prime; _builder_version=\u00a0\u00bb4.22.0&Prime; _module_preset=\u00a0\u00bbdefault\u00a0\u00bb global_colors_info=\u00a0\u00bb{}\u00a0\u00bb][et_pb_text _builder_version=\u00a0\u00bb4.24.2&Prime; _module_preset=\u00a0\u00bb7a9cd4c2-c14d-4269-9615-969e8a68493a\u00a0\u00bb text_font=\u00a0\u00bb|||on|on||||\u00a0\u00bb header_line_height=\u00a0\u00bb1.5em\u00a0\u00bb custom_margin=\u00a0\u00bb||20px||false|false\u00a0\u00bb text_font_size_tablet=\u00a0\u00bb\u00a0\u00bb text_font_size_phone=\u00a0\u00bb16px\u00a0\u00bb text_font_size_last_edited=\u00a0\u00bbon|phone\u00a0\u00bb global_colors_info=\u00a0\u00bb{}\u00a0\u00bb]<\/p>\n<div id=\"content\">\n<div class=\"post\">\n<div id=\"featured-content-alllarge\">\n<div id=\"column1\">\n<div id=\"content\">\n<div class=\"post\">\n<div id=\"featured-content-alllarge\">\n<div id=\"column1\">\n<h2>Le V\u00e9lodrome de Rochefort-Jemelle<\/h2>\n<\/div>\n<\/div>\n<\/div>\n<\/div>\n<\/div>\n<\/div>\n<\/div>\n<\/div>\n<p>[\/et_pb_text][et_pb_text _builder_version=\u00a0\u00bb4.22.0&Prime; _module_preset=\u00a0\u00bb6836b1b7-a879-4467-b47e-c610ae759712&Prime; custom_margin=\u00a0\u00bb||-7px|||\u00a0\u00bb global_colors_info=\u00a0\u00bb{}\u00a0\u00bb]<\/p>\n<div id=\"page\">\n<div id=\"content\">\n<div class=\"post\">\n<p style=\"text-align: justify;\">Le club inclut dans ses programmes d&rsquo;activit\u00e9s des s\u00e9ances d&rsquo;entrainement sp\u00e9cifiques sur le v\u00e9lodrome de Rochefort-Jemelle. Celui est en outre r\u00e9serv\u00e9 toute la journ\u00e9e \u00e0 l&rsquo;attention des participants \u00e0\u00a0<a href=\"http:\/\/veloclubrochefort.be\/index.php?page=La-Magnifique\" target=\"_blank\" rel=\"noopener\">La Magnifique<\/a>\u00a0pour \u00e9chauffement avant le d\u00e9part ou relaxation apr\u00e8s l&rsquo;arriv\u00e9e.\u00a0<\/p>\n<p><a href=\"http:\/\/veloclubrochefort.be\/index.php?page=La-Magnifique\" target=\"_blank\" rel=\"noopener\"><br \/><img loading=\"lazy\" decoding=\"async\" style=\"display: block; margin-left: auto; margin-right: auto;\" src=\"http:\/\/veloclubrochefort.be\/uploads\/images\/LM2021\/La%20Magnifique%20Annonce%202021%20res.jpg\" alt=\"\" width=\"448\" height=\"309\" \/><\/a><\/p>\n<div>\u00a0<\/div>\n<h3>Situation :<\/h3>\n<div>\u00a0<\/div>\n<p style=\"text-align: justify;\">Le v\u00e9lodrome est situ\u00e9 entre Rochefort et Jemelle sur la N86.<\/p>\n<p style=\"text-align: justify;\">Il est accessible via une voie de desserte (route du v\u00e9lodrome) au rond-point pr\u00e8s du Hall Omnisports de Rochefort-Jemelle.<\/p>\n<p style=\"text-align: justify;\">Il est aussi accessible (uniquement cyclistes et v\u00e9los) via la passerelle r\u00e9alis\u00e9e en structure m\u00e9tallique qui surplombe la piste.<\/p>\n<p style=\"text-align: justify;\">Le v\u00e9lodrome a la chance de se situer dans un magnifique cadre de verdure.<\/p>\n<p><img decoding=\"async\" style=\"display: block; margin-left: auto; margin-right: auto;\" src=\"http:\/\/veloclubrochefort.be\/uploads\/images\/articles\/V%C3%A9lodrome%202%20res.jpg\" alt=\"\" \/><\/p>\n<p><img loading=\"lazy\" decoding=\"async\" style=\"display: block; margin-left: auto; margin-right: auto;\" src=\"http:\/\/veloclubrochefort.be\/uploads\/images\/articles\/20160901_182643_011%20res.jpg\" alt=\"\" width=\"448\" height=\"252\" \/><\/p>\n<div style=\"text-align: justify;\">\u00a0<\/div>\n<div style=\"text-align: justify;\">\u00a0<\/div>\n<h3>La Structure du V\u00e9lodrome :<\/h3>\n<div><strong>\u00a0<\/strong><\/div>\n<ul>\n<li style=\"text-align: justify;\">Une piste : longueur 400 m\u00e8tres, largeur 6,49 m\u00e8tres, pente dans les lignes droites 5\u00b0 et pente dans les courbes : 22\u00b0<\/li>\n<li style=\"text-align: justify;\">Une bande c\u00f4te d&rsquo;azur: longueur 400 m\u00e8tres, largeur 2 m\u00e8tres.<\/li>\n<li style=\"text-align: justify;\">Une coursive sup\u00e9rieure: longueur 428 m\u00e8tres. largeur 2 m\u00e8tres (b\u00e9ton arm\u00e9).<\/li>\n<li style=\"text-align: justify;\">Rambarde de fermeture : longueur 428 m\u00e8tres hauteur 1,2 m\u00e8tre<\/li>\n<li style=\"text-align: justify;\">Une zone centrale : surface hydrocarbon\u00e9e 3000 m2, surface centrale terre v\u00e9g\u00e9tale<\/li>\n<li style=\"text-align: justify;\">Eclairage : 2 mats m\u00e9talliques avec projecteurs 21 m\u00e8tres<\/li>\n<\/ul>\n<div><img loading=\"lazy\" decoding=\"async\" style=\"display: block; margin-left: auto; margin-right: auto;\" src=\"http:\/\/veloclubrochefort.be\/uploads\/images\/articles\/20160901_182940_014%20res.jpg\" alt=\"\" width=\"448\" height=\"252\" \/><\/div>\n<div>\u00a0<\/div>\n<div>\u00a0<\/div>\n<h3>Il \u00e9tait une fois &#8230;<\/h3>\n<div>\u00a0<\/div>\n<p style=\"text-align: justify;\" align=\"LEFT\"><span style=\"text-decoration: underline;\">1996<\/span> :\u00a0<span style=\"text-align: justify;\">Suite \u00e0 l&rsquo;initiative prise dans les Flandres, la r\u00e9flexion d&rsquo;un v\u00e9lodrome pour les provinces de Namur et Luxembourg a germ\u00e9.En sachant que 5 v\u00e9lodromes \u00e9taient aussi pr\u00e9vus pour la Wallonie, Gilbert Let\u00eacheur prit l&rsquo;initiative d&rsquo; organiser une visite de v\u00e9lodromes dans les Flandres.<\/span><\/p>\n<p style=\"text-align: justify;\"><span style=\"text-decoration: underline;\">1997<\/span> :\u00a0<span style=\"text-align: justify;\">C&rsquo;est ainsi que le\u00a0<\/span><em style=\"text-align: justify;\">25\u00a0<\/em><span style=\"text-align: justify;\">septembre 1997, une d\u00e9l\u00e9gation compos\u00e9e de membres du comit\u00e9 directeur RLVB Namur-Luxembourg (MM.\u00a0 Pol Lenoir-Raymond Trine-Charles Acusilas-Albert Bertrand-Jean-Pierre Verheyen), des communes de Rochefort, (MM. Claude Aoust- Jean-Luc Giaux), de Namur (M.Bernard Poncelet), de la R\u00e9gion Wallonne (MM. Philippe Halloy-Eric Colette) et le sp\u00e9cialiste, ancien champion du monde Ferdinand Bracke, s&rsquo;est rendue \u00e0 Hulshout et Zemst. Pour nos deux provinces, Rochefort, cit\u00e9 cycliste par excellence, a \u00e9t\u00e9 la premi\u00e8re commune \u00e0 marquer son int\u00e9r\u00eat pour tenter d&rsquo;obtenir une piste \u00e0 Rochefort parmi les 5 pr\u00e9vues en Wallonie.<\/span><\/p>\n<p style=\"text-align: justify;\"><span style=\"text-decoration: underline;\">1998<\/span>\u00a0:\u00a0<span style=\"text-align: justify;\">Rochefort a donc\u00a0 \u00e9t\u00e9 choisie pour accueillir le cinqui\u00e8me v\u00e9lodrome de Wallonie, celui d\u00e9di\u00e9 \u00e0 la province de Namur. Les 4 autres\u00a0ont \u00e9t\u00e9 attribu\u00e9s \u00e0 :<\/span><\/p>\n<ul>\n<li style=\"text-align: justify;\">La province de Li\u00e8ge \u00e0 Alleur ( Ans )<\/li>\n<li style=\"text-align: justify;\">La province du Hainaut \u00e0 Gilly (Charleroi) et \u00e0 Bernissart.<\/li>\n<li style=\"text-align: justify;\">La province du Brabant wallon \u00e0 Rebecq.<\/li>\n<\/ul>\n<p style=\"text-align: justify;\">Pour chacun des v\u00e9lodromes, la RLVB \u00e0 attribu\u00e9 un subside de 74.370 \u20ac, et la R\u00e9gion Wallonne 60% de l&rsquo;investissement total.<\/p>\n<p style=\"text-align: justify;\"><span style=\"text-decoration: underline;\">2000<\/span> :\u00a0<span style=\"text-align: justify;\">Les travaux de construction ont d\u00e9but\u00e9 d\u00e9but mars 2000\u00a0pour se terminer au mois d\u2019octobre 2000. L\u2019inauguration du V\u00e9lodrome a eu lieu le samedi 30 septembre 2000.<\/span><\/p>\n<p style=\"text-align: justify;\"><span style=\"text-decoration: underline;\">2001<\/span> :\u00a0<span style=\"text-align: justify;\">A titre priv\u00e9 une structure d\u2019accueil a \u00e9t\u00e9 r\u00e9alis\u00e9e et inaugur\u00e9e le 2 mars 2001.<\/span><\/p>\n<p style=\"text-align: justify;\"><span style=\"text-decoration: underline;\">Depuis 2004 :<\/span><span style=\"text-align: justify;\">\u00a0une association sans but lucratif est charg\u00e9e de g\u00e9rer l&rsquo;installation.<\/span><\/p>\n<p><center><\/center><\/p>\n<p align=\"CENTER\"><a href=\"https:\/\/www.rochefort.be\/annuaire\/asbl-le-velodrome-rochefort-jemelle-1\" target=\"_blank\" rel=\"noopener\">ASBL LE VELODROME ROCHEFORT-JEMELLE<\/a><\/p>\n<p align=\"CENTER\">Si\u00e8ge Social : Place Roi-Albert Ier 1 &#8211; 5580 ROCHEFORT<br \/>\u00a0Secr\u00e9tariat :\u00a0Robert Bay &#8211; robbay@outlook.com\u00a0<\/p>\n<div align=\"CENTER\">\u00a0<\/div>\n<p align=\"CENTER\"><img decoding=\"async\" src=\"http:\/\/veloclubrochefort.be\/uploads\/images\/articles\/Velodrome%201%20res.jpg\" alt=\"\" \/><\/p>\n<p style=\"text-align: left;\" align=\"CENTER\">Merci \u00e0 cette association pour la bonne collaboration.<\/p>\n<p style=\"text-align: center;\" align=\"CENTER\"><img loading=\"lazy\" decoding=\"async\" src=\"http:\/\/veloclubrochefort.be\/uploads\/images\/Articles2020\/20170513_055442.jpg\" alt=\"\" width=\"448\" height=\"252\" \/><\/p>\n<p style=\"text-align: left;\" align=\"CENTER\"><img loading=\"lazy\" decoding=\"async\" src=\"http:\/\/veloclubrochefort.be\/uploads\/images\/articles\/Logo-VCR-White%20Webs.jpg\" alt=\"\" width=\"149\" height=\"55\" \/><\/p>\n<\/div>\n<\/div>\n<\/div>\n<p>[\/et_pb_text][\/et_pb_column][\/et_pb_row][\/et_pb_section]<\/p>\n","protected":false},"excerpt":{"rendered":"<p>Le V\u00e9lodrome de Rochefort-Jemelle Le V\u00e9lodrome de Rochefort-Jemelle Le club inclut dans ses programmes d&rsquo;activit\u00e9s des s\u00e9ances d&rsquo;entrainement sp\u00e9cifiques sur le v\u00e9lodrome de Rochefort-Jemelle. Celui est en outre r\u00e9serv\u00e9 toute la journ\u00e9e \u00e0 l&rsquo;attention des participants \u00e0\u00a0La Magnifique\u00a0pour \u00e9chauffement avant le d\u00e9part ou relaxation apr\u00e8s l&rsquo;arriv\u00e9e.\u00a0 \u00a0 Situation : \u00a0 Le v\u00e9lodrome est situ\u00e9 entre [&hellip;]<\/p>\n","protected":false},"author":1,"featured_media":0,"parent":0,"menu_order":0,"comment_status":"closed","ping_status":"closed","template":"","meta":{"_et_pb_use_builder":"on","_et_pb_old_content":"","_et_gb_content_width":"","_monsterinsights_skip_tracking":false,"_monsterinsights_sitenote_active":false,"_monsterinsights_sitenote_note":"","_monsterinsights_sitenote_category":0,"footnotes":""},"class_list":["post-1958","page","type-page","status-publish","hentry"],"_links":{"self":[{"href":"https:\/\/veloclubrochefort.be\/index.php\/wp-json\/wp\/v2\/pages\/1958","targetHints":{"allow":["GET"]}}],"collection":[{"href":"https:\/\/veloclubrochefort.be\/index.php\/wp-json\/wp\/v2\/pages"}],"about":[{"href":"https:\/\/veloclubrochefort.be\/index.php\/wp-json\/wp\/v2\/types\/page"}],"author":[{"embeddable":true,"href":"https:\/\/veloclubrochefort.be\/index.php\/wp-json\/wp\/v2\/users\/1"}],"replies":[{"embeddable":true,"href":"https:\/\/veloclubrochefort.be\/index.php\/wp-json\/wp\/v2\/comments?post=1958"}],"version-history":[{"count":3,"href":"https:\/\/veloclubrochefort.be\/index.php\/wp-json\/wp\/v2\/pages\/1958\/revisions"}],"predecessor-version":[{"id":2251,"href":"https:\/\/veloclubrochefort.be\/index.php\/wp-json\/wp\/v2\/pages\/1958\/revisions\/2251"}],"wp:attachment":[{"href":"https:\/\/veloclubrochefort.be\/index.php\/wp-json\/wp\/v2\/media?parent=1958"}],"curies":[{"name":"wp","href":"https:\/\/api.w.org\/{rel}","templated":true}]}}