{"id":127,"date":"2024-03-12T10:31:36","date_gmt":"2024-03-12T09:31:36","guid":{"rendered":"http:\/\/velo.cwb.ovh\/?page_id=127"},"modified":"2026-04-14T19:19:12","modified_gmt":"2026-04-14T17:19:12","slug":"programme","status":"publish","type":"page","link":"https:\/\/veloclubrochefort.be\/index.php\/programme\/","title":{"rendered":"Programme"},"content":{"rendered":"<p>[et_pb_section fb_built=\u00a0\u00bb1&Prime; admin_label=\u00a0\u00bbHeader\u00a0\u00bb _builder_version=\u00a0\u00bb4.24.2&Prime; _module_preset=\u00a0\u00bbdefault\u00a0\u00bb background_image=\u00a0\u00bbhttp:\/\/velo.cwb.ovh\/wp-content\/uploads\/2024\/03\/fond-banner.png\u00a0\u00bb background_position=\u00a0\u00bbtop_center\u00a0\u00bb custom_padding=\u00a0\u00bb1.5px||1.5px||false|false\u00a0\u00bb locked=\u00a0\u00bboff\u00a0\u00bb collapsed=\u00a0\u00bbon\u00a0\u00bb global_colors_info=\u00a0\u00bb{}\u00a0\u00bb][et_pb_row _builder_version=\u00a0\u00bb4.24.2&Prime; _module_preset=\u00a0\u00bbdefault\u00a0\u00bb global_colors_info=\u00a0\u00bb{}\u00a0\u00bb][et_pb_column type=\u00a0\u00bb4_4&Prime; _builder_version=\u00a0\u00bb4.24.2&Prime; _module_preset=\u00a0\u00bbdefault\u00a0\u00bb global_colors_info=\u00a0\u00bb{}\u00a0\u00bb][et_pb_divider show_divider=\u00a0\u00bboff\u00a0\u00bb _builder_version=\u00a0\u00bb4.24.2&Prime; _module_preset=\u00a0\u00bbdefault\u00a0\u00bb global_colors_info=\u00a0\u00bb{}\u00a0\u00bb][\/et_pb_divider][\/et_pb_column][\/et_pb_row][\/et_pb_section][et_pb_section fb_built=\u00a0\u00bb1&Prime; admin_label=\u00a0\u00bbMission\u00a0\u00bb _builder_version=\u00a0\u00bb4.24.2&Prime; _module_preset=\u00a0\u00bbdefault\u00a0\u00bb min_height=\u00a0\u00bb100px\u00a0\u00bb custom_margin=\u00a0\u00bb-0.1%||||false|false\u00a0\u00bb custom_padding=\u00a0\u00bb0px||28px||false|false\u00a0\u00bb locked=\u00a0\u00bboff\u00a0\u00bb collapsed=\u00a0\u00bbon\u00a0\u00bb global_colors_info=\u00a0\u00bb{}\u00a0\u00bb][et_pb_row _builder_version=\u00a0\u00bb4.24.2&Prime; _module_preset=\u00a0\u00bbdefault\u00a0\u00bb global_colors_info=\u00a0\u00bb{}\u00a0\u00bb][et_pb_column type=\u00a0\u00bb4_4&Prime; _builder_version=\u00a0\u00bb4.24.2&Prime; _module_preset=\u00a0\u00bbdefault\u00a0\u00bb global_colors_info=\u00a0\u00bb{}\u00a0\u00bb][et_pb_text _builder_version=\u00a0\u00bb4.24.2&Prime; _module_preset=\u00a0\u00bbdefault\u00a0\u00bb text_font=\u00a0\u00bb||||on||||\u00a0\u00bb custom_padding=\u00a0\u00bb||0px|||\u00a0\u00bb global_colors_info=\u00a0\u00bb{}\u00a0\u00bb]<a title=\"Programme sorties club printemps-\u00e9t\u00e9\" href=\"http:\/\/veloclubrochefort.be\/uploads\/file\/programme%20route%20vcr%20Site.pdf\" target=\"_blank\" rel=\"noopener\">T\u00e9l\u00e9chargement du programme club des sorties routes et cyclos printemps-\u00e9t\u00e9<\/a><span><\/span><br \/>\n<a title=\"Calendrier FFBC\" href=\"https:\/\/www.velo-liberte.be\/calendrier\/\/\" target=\"_blank\" rel=\"noopener\">Lien vers le calendrier FFBC<\/a>[\/et_pb_text][\/et_pb_column][\/et_pb_row][et_pb_row admin_label=\u00a0\u00bbLigne\u00a0\u00bb _builder_version=\u00a0\u00bb4.24.2&Prime; _module_preset=\u00a0\u00bbdefault\u00a0\u00bb custom_margin=\u00a0\u00bb-1.1%|auto|0%|auto|false|false\u00a0\u00bb custom_padding=\u00a0\u00bb1.4%||0.4%||false|false\u00a0\u00bb locked=\u00a0\u00bboff\u00a0\u00bb global_colors_info=\u00a0\u00bb{}\u00a0\u00bb][et_pb_column type=\u00a0\u00bb4_4&Prime; _builder_version=\u00a0\u00bb4.24.2&Prime; _module_preset=\u00a0\u00bbdefault\u00a0\u00bb global_colors_info=\u00a0\u00bb{}\u00a0\u00bb][et_pb_text _builder_version=\u00a0\u00bb4.24.2&Prime; _module_preset=\u00a0\u00bb7a9cd4c2-c14d-4269-9615-969e8a68493a\u00a0\u00bb text_font=\u00a0\u00bb|||on|||||\u00a0\u00bb text_text_color=\u00a0\u00bbgcid-d5e9010f-34b8-49e9-afee-48227f944f94&Prime; text_font_size=\u00a0\u00bb22px\u00a0\u00bb text_letter_spacing=\u00a0\u00bb1px\u00a0\u00bb text_line_height=\u00a0\u00bb1.8em\u00a0\u00bb header_line_height=\u00a0\u00bb1.5em\u00a0\u00bb custom_margin=\u00a0\u00bb||20px||false|false\u00a0\u00bb custom_padding=\u00a0\u00bb||0px|||\u00a0\u00bb text_font_size_tablet=\u00a0\u00bb17px\u00a0\u00bb text_font_size_phone=\u00a0\u00bb13px\u00a0\u00bb text_font_size_last_edited=\u00a0\u00bbon|tablet\u00a0\u00bb header_font_size_tablet=\u00a0\u00bb\u00a0\u00bb header_font_size_phone=\u00a0\u00bb31px\u00a0\u00bb header_font_size_last_edited=\u00a0\u00bbon|phone\u00a0\u00bb locked=\u00a0\u00bboff\u00a0\u00bb global_colors_info=\u00a0\u00bb{%22gcid-d5e9010f-34b8-49e9-afee-48227f944f94%22:%91%22text_text_color%22%93}\u00a0\u00bb]<\/p>\n<h1>PROGRAMME CLUB DES SORTIES SAISON PRINTEMPS &#8211; \u00c9T\u00c9 2026<\/h1>\n<p>[\/et_pb_text][\/et_pb_column][\/et_pb_row][et_pb_row custom_padding_last_edited=\u00a0\u00bbon|tablet\u00a0\u00bb _builder_version=\u00a0\u00bb4.24.2&Prime; _module_preset=\u00a0\u00bbdefault\u00a0\u00bb background_color=\u00a0\u00bbgcid-1a99ec8a-6212-4403-98b3-a3da5117e3eb\u00a0\u00bb min_height=\u00a0\u00bb660px\u00a0\u00bb custom_margin=\u00a0\u00bb0.1%|auto||auto|false|false\u00a0\u00bb custom_margin_tablet=\u00a0\u00bb70px||||false|false\u00a0\u00bb custom_margin_phone=\u00a0\u00bb50px||||false|false\u00a0\u00bb custom_margin_last_edited=\u00a0\u00bboff|desktop\u00a0\u00bb custom_padding=\u00a0\u00bb30px|30px|30px|30px|true|true\u00a0\u00bb custom_padding_tablet=\u00a0\u00bb30px|30px|30px|30px|true|true\u00a0\u00bb custom_padding_phone=\u00a0\u00bb29px|20px|29px|20px|true|true\u00a0\u00bb locked=\u00a0\u00bboff\u00a0\u00bb global_colors_info=\u00a0\u00bb{%22gcid-1a99ec8a-6212-4403-98b3-a3da5117e3eb%22:%91%22background_color%22%93}\u00a0\u00bb][et_pb_column type=\u00a0\u00bb4_4&Prime; _builder_version=\u00a0\u00bb4.22.0&Prime; _module_preset=\u00a0\u00bbdefault\u00a0\u00bb global_colors_info=\u00a0\u00bb{}\u00a0\u00bb][et_pb_text _builder_version=\u00a0\u00bb4.24.2&Prime; _module_preset=\u00a0\u00bb6836b1b7-a879-4467-b47e-c610ae759712&Prime; custom_margin=\u00a0\u00bb||-7px|||\u00a0\u00bb global_colors_info=\u00a0\u00bb{}\u00a0\u00bb]<\/p>\n<p style=\"text-align: justify;\"><strong>Au programme pour la saison printemps-\u00e9t\u00e9 2026 sur routes : plus de 70 itin\u00e9raires au d\u00e9part de Rochefort qui sillonnent \u00e9galement les r\u00e9gions de Saint-Hubert, Redu, La Roche-en-Ardenne, Barvaux s\/Ourthe, Durbuy, Marche-en-Famenne, Beauraing, Gedinne et Dinant, 30 randonn\u00e9es cyclos en province de Namur, province de Luxembourg, province de Li\u00e8ge et province du Hainaut, des \u00e9preuves cyclosportives, un s\u00e9jour en montagne, de multiples activit\u00e9s associatives &#8230; et bien entendu, l&rsquo;organisation de la 23\u00e8me \u00e9dition de <a title=\"La Magnifique\" href=\"http:\/\/veloclubrochefort.be\/index.php?page=La-Magnifique\" target=\"_blank\" rel=\"noopener\">La Magnifique<\/a> !<\/strong><\/p>\n<p style=\"text-align: justify;\"><strong><\/strong>En sus des suggestions en cours de saison et des s\u00e9ances d&rsquo;entra\u00eenement sp\u00e9cifiques, dont les s\u00e9ances sur le v\u00e9lodrome de Rochefort-Jemelle. <span>Le calendrier sera compl\u00e9t\u00e9 avec les randonn\u00e9es et \u00e9preuves cyclo s\u00e9lectionn\u00e9es. Il est susceptible d&rsquo;\u00eatre adapt\u00e9 au gr\u00e9 des initiatives des membres.<\/span><\/p>\n<p style=\"text-align: justify;\"><strong>D\u00e9couvrez nos parcours. N&rsquo;h\u00e9sitez pas \u00e0 vous joindre \u00e0 nous. Au programme : sport et convivialit\u00e9. Bienvenue !<\/strong><\/p>\n<p><img loading=\"lazy\" decoding=\"async\" src=\"http:\/\/velo.cwb.ovh\/wp-content\/uploads\/2024\/03\/relo90.jpg\" alt=\"\" width=\"448\" height=\"180\" \/>\u00a0<a href=\"https:\/\/www.openrunner.com\/\" target=\"_blank\" rel=\"noopener\"><img loading=\"lazy\" decoding=\"async\" src=\"http:\/\/velo.cwb.ovh\/wp-content\/uploads\/2024\/03\/OpenRunner.jpg\" alt=\"\" width=\"140\" height=\"43\" \/><\/a><\/p>\n<p>&nbsp;<\/p>\n<p>[\/et_pb_text][et_pb_text _builder_version=\u00a0\u00bb4.24.2&Prime; _module_preset=\u00a0\u00bb6836b1b7-a879-4467-b47e-c610ae759712&Prime; text_font=\u00a0\u00bb|||on|||||\u00a0\u00bb custom_margin=\u00a0\u00bb||-7px|||\u00a0\u00bb hover_enabled=\u00a0\u00bb0&Prime; global_colors_info=\u00a0\u00bb{}\u00a0\u00bb sticky_enabled=\u00a0\u00bb0&Prime;]<\/p>\n<div align=\"center\"><\/div>\n<div>\n<table border=\"1\" cellspacing=\"0\" cellpadding=\"0\" style=\"height: 96px;\">\n<tbody>\n<tr style=\"height: 96px;\">\n<td colspan=\"3\" valign=\"top\" style=\"height: 96px; width: 760.667px;\">\n<p align=\"center\"><strong><em>Calendriers mensuels des sorties club du programme printemps-\u00e9t\u00e9\u00a0 2026<span style=\"text-decoration: underline;\"><br \/><\/span><\/em><\/strong><\/p>\n<blockquote>\n<p style=\"text-align: left;\"><strong>Le programme printemps-\u00e9t\u00e9 2026 sera publi\u00e9 apr\u00e8s La Magnifique organis\u00e9e le 25 avril<\/strong><\/p>\n<\/blockquote>\n<\/td>\n<\/tr>\n<\/tbody>\n<\/table>\n<\/div>\n<p>&nbsp;<\/p>\n<p>[\/et_pb_text][et_pb_text _builder_version=\u00a0\u00bb4.24.2&Prime; _module_preset=\u00a0\u00bb6836b1b7-a879-4467-b47e-c610ae759712&Prime; custom_margin=\u00a0\u00bb||-7px|||\u00a0\u00bb hover_enabled=\u00a0\u00bb0&Prime; global_colors_info=\u00a0\u00bb{}\u00a0\u00bb sticky_enabled=\u00a0\u00bb0&Prime;]<\/p>\n<div align=\"center\"><\/div>\n<div>\n<table border=\"1\" cellspacing=\"0\" cellpadding=\"0\">\n<tbody>\n<tr><\/tr>\n<tr>\n<td valign=\"top\" width=\"156\">\n<p align=\"center\"><a title=\"Mars\" href=\"https:\/\/veloclubrochefort.be\/index.php\/sorties-mars-2023\/\" target=\"_blank\" rel=\"noopener\"><strong><em><img loading=\"lazy\" decoding=\"async\" style=\"display: block; margin-left: auto; margin-right: auto;\" src=\"http:\/\/velo.cwb.ovh\/wp-content\/uploads\/2024\/03\/202103.jpg\" alt=\"\" width=\"80\" height=\"58\" \/><\/em><\/strong><\/a><\/p>\n<\/td>\n<td valign=\"top\" width=\"459\">\n<p style=\"text-align: center;\"><a href=\"https:\/\/veloclubrochefort.be\/index.php\/sorties-mars-2023\/\"><em>Cliquez sur ce lien pour consulter le programme de mars<\/em><\/a><\/p>\n<\/td>\n<td valign=\"top\" width=\"143\"><a href=\"http:\/\/velo.cwb.ovh\/index.php\/sorties-mars-2023\/\"><img loading=\"lazy\" decoding=\"async\" style=\"vertical-align: middle; display: block; margin-left: auto; margin-right: auto;\" src=\"http:\/\/velo.cwb.ovh\/wp-content\/uploads\/2024\/03\/OAVCR.jpg\" alt=\"\" width=\"50\" height=\"50\" \/><\/a><\/td>\n<\/tr>\n<tr>\n<td valign=\"top\" width=\"156\">\n<p align=\"center\"><a title=\"Avril\" href=\"https:\/\/veloclubrochefort.be\/index.php\/sorties-avril-2023\/\" target=\"_blank\" rel=\"noopener\"><img loading=\"lazy\" decoding=\"async\" style=\"display: block; margin-left: auto; margin-right: auto;\" src=\"http:\/\/velo.cwb.ovh\/wp-content\/uploads\/2024\/03\/202104.jpg\" alt=\"\" width=\"80\" height=\"58\" \/><\/a><\/p>\n<\/td>\n<td valign=\"top\" width=\"459\">\n<p style=\"text-align: center;\"><a title=\"Avril\" href=\"https:\/\/veloclubrochefort.be\/index.php\/sorties-avril-2023\/\" target=\"_blank\" rel=\"noopener\"><em>Cliquez sur ce lien pour consulter le programme de\u00a0avril<\/em><\/a><\/p>\n<\/td>\n<td valign=\"top\" width=\"143\"><a href=\"http:\/\/velo.cwb.ovh\/index.php\/sorties-avril-2023\/\"><img loading=\"lazy\" decoding=\"async\" style=\"display: block; margin-left: auto; margin-right: auto;\" src=\"http:\/\/velo.cwb.ovh\/wp-content\/uploads\/2024\/03\/OAVCR.jpg\" alt=\"\" width=\"50\" height=\"50\" \/><\/a><\/td>\n<\/tr>\n<tr>\n<td valign=\"top\" width=\"156\"><a title=\"Mai\" href=\"http:\/\/velo.cwb.ovh\/index.php\/sorties-mai-2023\/\" target=\"_blank\" rel=\"noopener\"><img loading=\"lazy\" decoding=\"async\" style=\"display: block; margin-left: auto; margin-right: auto;\" src=\"http:\/\/velo.cwb.ovh\/wp-content\/uploads\/2024\/03\/202105.jpg\" alt=\"\" width=\"80\" height=\"58\" \/><\/a><\/td>\n<td valign=\"top\" width=\"459\">\n<p style=\"text-align: center;\"><a title=\"Mai\" href=\"https:\/\/veloclubrochefort.be\/index.php\/sorties-mai-2023\/\" target=\"_blank\" rel=\"noopener\"><em>Cliquez sur ce lien pour consulter le programme de\u00a0mai<\/em><\/a><\/p>\n<\/td>\n<td valign=\"top\" width=\"143\"><a href=\"http:\/\/velo.cwb.ovh\/index.php\/sorties-mai-2023\/\"><img loading=\"lazy\" decoding=\"async\" style=\"display: block; margin-left: auto; margin-right: auto;\" src=\"http:\/\/velo.cwb.ovh\/wp-content\/uploads\/2024\/03\/OAVCR.jpg\" alt=\"\" width=\"50\" height=\"50\" \/><\/a><\/td>\n<\/tr>\n<tr>\n<td valign=\"top\" width=\"156\">\n<p style=\"text-align: center;\" align=\"center\"><a title=\"Juin\" href=\"https:\/\/veloclubrochefort.be\/index.php\/sorties-juin-2023\/\" target=\"_blank\" rel=\"noopener\"><img loading=\"lazy\" decoding=\"async\" style=\"display: block; margin-left: auto; margin-right: auto;\" src=\"http:\/\/velo.cwb.ovh\/wp-content\/uploads\/2024\/03\/202106.jpg\" alt=\"\" width=\"80\" height=\"58\" \/><\/a><\/p>\n<\/td>\n<td valign=\"top\" width=\"459\">\n<p style=\"text-align: center;\"><a title=\"Juin\" href=\"https:\/\/veloclubrochefort.be\/index.php\/sorties-juin-2023\/\" target=\"_blank\" rel=\"noopener\"><em>Cliquez sur ce lien pour consulter le programme de\u00a0juin<\/em><\/a><\/p>\n<\/td>\n<td valign=\"top\" width=\"143\"><a href=\"http:\/\/velo.cwb.ovh\/index.php\/sorties-juin-2023\/\"><img loading=\"lazy\" decoding=\"async\" style=\"display: block; margin-left: auto; margin-right: auto;\" src=\"http:\/\/velo.cwb.ovh\/wp-content\/uploads\/2024\/03\/OAVCR.jpg\" alt=\"\" width=\"50\" height=\"50\" \/><\/a><\/td>\n<\/tr>\n<tr>\n<td valign=\"top\" width=\"156\">\n<p align=\"center\"><a title=\"Juillet\" href=\"https:\/\/veloclubrochefort.be\/index.php\/sorties-juillet-2023\/\" target=\"_blank\" rel=\"noopener\"><img loading=\"lazy\" decoding=\"async\" style=\"display: block; margin-left: auto; margin-right: auto;\" src=\"http:\/\/velo.cwb.ovh\/wp-content\/uploads\/2024\/03\/202107.jpg\" alt=\"\" width=\"80\" height=\"58\" \/><\/a><\/p>\n<\/td>\n<td valign=\"top\" width=\"459\">\n<p style=\"text-align: center;\"><a title=\"Juillet\" href=\"https:\/\/veloclubrochefort.be\/index.php\/sorties-juillet-2023\/\" target=\"_blank\" rel=\"noopener\"><em>Cliquez sur ce lien pour consulter le programme de\u00a0juillet<\/em><\/a><\/p>\n<\/td>\n<td valign=\"top\" width=\"143\"><a href=\"http:\/\/velo.cwb.ovh\/index.php\/sorties-juillet-2023\/\"><img loading=\"lazy\" decoding=\"async\" style=\"display: block; margin-left: auto; margin-right: auto;\" src=\"http:\/\/velo.cwb.ovh\/wp-content\/uploads\/2024\/03\/OAVCR.jpg\" alt=\"\" width=\"50\" height=\"50\" \/><\/a><\/td>\n<\/tr>\n<tr>\n<td valign=\"top\" width=\"156\">\n<p align=\"center\"><a title=\"Ao\u00fbt\" href=\"https:\/\/veloclubrochefort.be\/index.php\/sorties-aout-2023\/\" target=\"_blank\" rel=\"noopener\"><img loading=\"lazy\" decoding=\"async\" style=\"display: block; margin-left: auto; margin-right: auto;\" src=\"http:\/\/velo.cwb.ovh\/wp-content\/uploads\/2024\/03\/202108.jpg\" alt=\"\" width=\"80\" height=\"58\" \/><\/a><\/p>\n<\/td>\n<td valign=\"top\" width=\"459\">\n<p style=\"text-align: center;\"><a title=\"Ao\u00fbt\" href=\"https:\/\/veloclubrochefort.be\/index.php\/sorties-aout-2023\/\" target=\"_blank\" rel=\"noopener\"><em>Cliquez sur ce lien pour consulter le programme de\u00a0ao\u00fbt<\/em><\/a><\/p>\n<\/td>\n<td valign=\"top\" width=\"143\"><a href=\"http:\/\/velo.cwb.ovh\/index.php\/sorties-aout-2023\/\"><img loading=\"lazy\" decoding=\"async\" style=\"display: block; margin-left: auto; margin-right: auto;\" src=\"http:\/\/velo.cwb.ovh\/wp-content\/uploads\/2024\/03\/OAVCR.jpg\" alt=\"\" width=\"50\" height=\"50\" \/><\/a><\/td>\n<\/tr>\n<tr>\n<td valign=\"top\" width=\"156\">\n<p align=\"center\"><a title=\"Septembre\" href=\"https:\/\/veloclubrochefort.be\/index.php\/sorties-septembre-2023\/\" target=\"_blank\" rel=\"noopener\"><img loading=\"lazy\" decoding=\"async\" style=\"display: block; margin-left: auto; margin-right: auto;\" src=\"http:\/\/velo.cwb.ovh\/wp-content\/uploads\/2024\/03\/202109.jpg\" alt=\"\" width=\"80\" height=\"58\" \/><\/a><\/p>\n<\/td>\n<td valign=\"top\" width=\"459\">\n<p style=\"text-align: center;\"><a title=\"Septembre\" href=\"https:\/\/veloclubrochefort.be\/index.php\/sorties-septembre-2023\/\" target=\"_blank\" rel=\"noopener\"><em>Cliquez sur ce lien pour consulter le programme de\u00a0septembre<\/em><\/a><\/p>\n<\/td>\n<td valign=\"top\" width=\"143\"><a href=\"http:\/\/velo.cwb.ovh\/index.php\/sorties-septembre-2023\/\"><img loading=\"lazy\" decoding=\"async\" style=\"display: block; margin-left: auto; margin-right: auto;\" src=\"http:\/\/velo.cwb.ovh\/wp-content\/uploads\/2024\/03\/OAVCR.jpg\" alt=\"\" width=\"50\" height=\"50\" \/><\/a><\/td>\n<\/tr>\n<tr>\n<td valign=\"top\" width=\"156\">\n<p align=\"center\"><a title=\"Octobre\" href=\"https:\/\/veloclubrochefort.be\/index.php\/sorties-octobre-2023\/\" target=\"_blank\" rel=\"noopener\"><img loading=\"lazy\" decoding=\"async\" style=\"display: block; margin-left: auto; margin-right: auto;\" src=\"http:\/\/velo.cwb.ovh\/wp-content\/uploads\/2024\/03\/202110.jpg\" alt=\"\" width=\"80\" height=\"58\" \/><\/a><\/p>\n<\/td>\n<td valign=\"top\" width=\"459\">\n<p style=\"text-align: center;\"><a title=\"Octobre\" href=\"https:\/\/veloclubrochefort.be\/index.php\/sorties-octobre-2023\/\" target=\"_blank\" rel=\"noopener\"><em>Cliquez sur ce lien pour consulter le programme de\u00a0octobre<\/em><\/a><\/p>\n<\/td>\n<td valign=\"top\" width=\"143\"><a href=\"http:\/\/velo.cwb.ovh\/index.php\/sorties-octobre-2023\/\"><img loading=\"lazy\" decoding=\"async\" style=\"display: block; margin-left: auto; margin-right: auto;\" src=\"http:\/\/velo.cwb.ovh\/wp-content\/uploads\/2024\/03\/OAVCR.jpg\" alt=\"\" width=\"50\" height=\"50\" \/><\/a><\/td>\n<\/tr>\n<\/tbody>\n<\/table>\n<\/div>\n<p><a title=\"Programme sorties club printemps-\u00e9t\u00e9\" href=\"http:\/\/veloclubrochefort.be\/uploads\/file\/programme%20route%20vcr%20Site.pdf\" target=\"_blank\" rel=\"noopener\"><em>T\u00e9l\u00e9chargez ici le programme club complet des sorties routes et cyclos printemps-\u00e9t\u00e9 :<\/em><\/a><\/p>\n<p><a title=\"Programme sorties club printemps-\u00e9t\u00e9\" href=\"http:\/\/veloclubrochefort.be\/uploads\/file\/programme%20route%20vcr%20Site.pdf\" target=\"_blank\" rel=\"noopener\"><em><img loading=\"lazy\" decoding=\"async\" src=\"http:\/\/velo.cwb.ovh\/wp-content\/uploads\/2024\/03\/Calendrier20E-P20202120res.jpg\" alt=\"\" width=\"448\" height=\"183\" \/><\/em><\/a><\/p>\n<p><em><a title=\"OpenRunner\" href=\"https:\/\/www.openrunner.com\/\" target=\"_blank\" rel=\"noopener\">Retrouvez les cartes et traces GPS de nos parcours sur OpenRunner \u2013 V\u00e9lo Club Rochefort\u00a0:<\/a><\/em><\/p>\n<p><em><a title=\"OpenRunner\" href=\"https:\/\/www.openrunner.com\/\" target=\"_blank\" rel=\"noopener\"><img loading=\"lazy\" decoding=\"async\" src=\"http:\/\/velo.cwb.ovh\/wp-content\/uploads\/2024\/03\/OpenRunner.jpg\" alt=\"\" width=\"140\" height=\"43\" \/><\/a><\/em><\/p>\n<p style=\"text-align: justify;\"><em><strong>Autres activit\u00e9s : des sorties \u00e0 la demande sur route, gravel ou vtt ; des entra\u00eenements sp\u00e9cifiques, dont les s\u00e9ances sur le v\u00e9lodrome de Rochefort-Jemelle; planification au cours de la saison au gr\u00e9 des souhaits des membres et suggestions.<\/strong><\/em><\/p>\n<p><img loading=\"lazy\" decoding=\"async\" src=\"http:\/\/velo.cwb.ovh\/wp-content\/uploads\/2024\/03\/Sponsors202018-202020rel2018-2020.jpg\" alt=\"\" width=\"448\" height=\"180\" \/><img loading=\"lazy\" decoding=\"async\" src=\"http:\/\/velo.cwb.ovh\/wp-content\/uploads\/2024\/03\/Logo-VCR-White20Webs.jpg\" alt=\"\" width=\"149\" height=\"54\" \/><\/p>\n<p>[\/et_pb_text][\/et_pb_column][\/et_pb_row][\/et_pb_section]<\/p>\n","protected":false},"excerpt":{"rendered":"<p>T\u00e9l\u00e9chargement du programme club des sorties routes et cyclos printemps-\u00e9t\u00e9 Lien vers le calendrier FFBCPROGRAMME CLUB DES SORTIES SAISON PRINTEMPS &#8211; \u00c9T\u00c9 2026Au programme pour la saison printemps-\u00e9t\u00e9 2026 sur routes : plus de 70 itin\u00e9raires au d\u00e9part de Rochefort qui sillonnent \u00e9galement les r\u00e9gions de Saint-Hubert, Redu, La Roche-en-Ardenne, Barvaux s\/Ourthe, Durbuy, Marche-en-Famenne, Beauraing, [&hellip;]<\/p>\n","protected":false},"author":1,"featured_media":0,"parent":0,"menu_order":0,"comment_status":"closed","ping_status":"closed","template":"","meta":{"_et_pb_use_builder":"on","_et_pb_old_content":"<!-- wp:divi\/placeholder \/-->","_et_gb_content_width":"","_monsterinsights_skip_tracking":false,"_monsterinsights_sitenote_active":false,"_monsterinsights_sitenote_note":"","_monsterinsights_sitenote_category":0,"footnotes":""},"class_list":["post-127","page","type-page","status-publish","hentry"],"_links":{"self":[{"href":"https:\/\/veloclubrochefort.be\/index.php\/wp-json\/wp\/v2\/pages\/127","targetHints":{"allow":["GET"]}}],"collection":[{"href":"https:\/\/veloclubrochefort.be\/index.php\/wp-json\/wp\/v2\/pages"}],"about":[{"href":"https:\/\/veloclubrochefort.be\/index.php\/wp-json\/wp\/v2\/types\/page"}],"author":[{"embeddable":true,"href":"https:\/\/veloclubrochefort.be\/index.php\/wp-json\/wp\/v2\/users\/1"}],"replies":[{"embeddable":true,"href":"https:\/\/veloclubrochefort.be\/index.php\/wp-json\/wp\/v2\/comments?post=127"}],"version-history":[{"count":36,"href":"https:\/\/veloclubrochefort.be\/index.php\/wp-json\/wp\/v2\/pages\/127\/revisions"}],"predecessor-version":[{"id":12518,"href":"https:\/\/veloclubrochefort.be\/index.php\/wp-json\/wp\/v2\/pages\/127\/revisions\/12518"}],"wp:attachment":[{"href":"https:\/\/veloclubrochefort.be\/index.php\/wp-json\/wp\/v2\/media?parent=127"}],"curies":[{"name":"wp","href":"https:\/\/api.w.org\/{rel}","templated":true}]}}